{"id":4211,"date":"2020-03-16T20:21:28","date_gmt":"2020-03-16T20:21:28","guid":{"rendered":"https:\/\/intbrisas.com\/?page_id=4211"},"modified":"2020-03-16T20:22:51","modified_gmt":"2020-03-16T20:22:51","slug":"cookies-policy","status":"publish","type":"page","link":"https:\/\/intbrisas.com\/en\/cookies-policy\/","title":{"rendered":"Cookies Policy"},"content":{"rendered":"<p>This Cookie statement is part of our Privacy Notice, For more information about us and how we protect the information of visitors to our Internet portal, please consult the site <a href=\"https:\/\/intbrisas.com\/en\/privacy-statement\/\">https:\/\/intbrisas.com\/en\/privacy-statement\/<\/a> .<\/p>\n<p>Through this notice, you are informed that OHB may place a \"Cookie\" on your computer's hard drive in order to recognize you as a recurring user and personalize your experience of using our Internet portal. The \"Cookie\" will be kept on your computer's hard drive until you delete it.<\/p>\n<p>OHB uses analysis services to help us understand the effectiveness of our content and to know what interests our users, in order to improve the operation of our Internet portal.<\/p>\n<h4><strong>HOW TO MANAGE COOKIES?<\/strong><\/h4>\n<p>By using this website, you agree to cookies being placed on your computer or device, as referred to in the previous sections. However, you can control and manage cookies in different ways. Please note that deleting or blocking cookies may affect the use of the site, since you will not be able to access it completely.<\/p>\n<p>The user can at any time revoke consent for the use of cookies by deactivating or deleting them, through the privacy \/ security options of their browser.<\/p>\n<p>This Notice may be subject to periodic reviews. Any changes made will be indicated on this Site. Please review this Cookie Notice frequently to stay informed about our use of cookies. If you have any questions, contact us at: <a href=\"mailto:privacidaddatos.ohb@brisas.com.mx\">privacidaddatos.ohb@brisas.com.mx<\/a>.<\/p>\n","protected":false},"excerpt":{"rendered":"<p>This Cookie statement is part of our Privacy Notice, For more information about us and how we protect the information of visitors to our Internet portal, please consult the site https:\/\/intbrisas.com\/en\/privacy-statement\/ . Through this notice, you are informed that OHB may place a \"Cookie\" on your computer's hard drive in order to recognize you as [&hellip;]<\/p>\n","protected":false},"author":4,"featured_media":0,"parent":0,"menu_order":0,"comment_status":"closed","ping_status":"closed","template":"","meta":{"_acf_changed":false,"footnotes":""},"class_list":["post-4211","page","type-page","status-publish","hentry"],"acf":[],"yoast_head":"<!-- This site is optimized with the Yoast SEO plugin v22.8 - https:\/\/yoast.com\/wordpress\/plugins\/seo\/ -->\n<title>Grupo Brisas - Hoteles &amp; Resorts en M\u00e9xico | Aut\u00e9ntico esp\u00edritu mexicano<\/title>\n<meta name=\"robots\" content=\"index, follow, max-snippet:-1, max-image-preview:large, max-video-preview:-1\" \/>\n<link rel=\"canonical\" href=\"https:\/\/intbrisas.com\/en\/cookies-policy\/\" \/>\n<meta property=\"og:locale\" content=\"en_US\" \/>\n<meta property=\"og:type\" content=\"article\" \/>\n<meta property=\"og:title\" content=\"Grupo Brisas - Hoteles &amp; Resorts en M\u00e9xico | Aut\u00e9ntico esp\u00edritu mexicano\" \/>\n<meta property=\"og:description\" content=\"This Cookie statement is part of our Privacy Notice, For more information about us and how we protect the information of visitors to our Internet portal, please consult the site https:\/\/intbrisas.com\/en\/privacy-statement\/ . Through this notice, you are informed that OHB may place a &quot;Cookie&quot; on your computer&#039;s hard drive in order to recognize you as [&hellip;]\" \/>\n<meta property=\"og:url\" content=\"https:\/\/intbrisas.com\/en\/cookies-policy\/\" \/>\n<meta property=\"og:site_name\" content=\"Brisas Group\" \/>\n<meta property=\"article:publisher\" content=\"https:\/\/www.facebook.com\/GpoBrisas\/\" \/>\n<meta property=\"article:modified_time\" content=\"2020-03-16T20:22:51+00:00\" \/>\n<meta name=\"twitter:card\" content=\"summary_large_image\" \/>\n<meta name=\"twitter:site\" content=\"@GpoBrisas\" \/>\n<meta name=\"twitter:label1\" content=\"Est. reading time\" \/>\n\t<meta name=\"twitter:data1\" content=\"1 minute\" \/>\n<script type=\"application\/ld+json\" class=\"yoast-schema-graph\">{\"@context\":\"https:\/\/schema.org\",\"@graph\":[{\"@type\":\"WebPage\",\"@id\":\"https:\/\/intbrisas.com\/en\/cookies-policy\/\",\"url\":\"https:\/\/intbrisas.com\/en\/cookies-policy\/\",\"name\":\"Grupo Brisas - Hoteles & Resorts en M\u00e9xico | Aut\u00e9ntico esp\u00edritu mexicano\",\"isPartOf\":{\"@id\":\"https:\/\/intbrisas.com\/en\/#website\"},\"datePublished\":\"2020-03-16T20:21:28+00:00\",\"dateModified\":\"2020-03-16T20:22:51+00:00\",\"breadcrumb\":{\"@id\":\"https:\/\/intbrisas.com\/en\/cookies-policy\/#breadcrumb\"},\"inLanguage\":\"en-US\",\"potentialAction\":[{\"@type\":\"ReadAction\",\"target\":[\"https:\/\/intbrisas.com\/en\/cookies-policy\/\"]}]},{\"@type\":\"BreadcrumbList\",\"@id\":\"https:\/\/intbrisas.com\/en\/cookies-policy\/#breadcrumb\",\"itemListElement\":[{\"@type\":\"ListItem\",\"position\":1,\"name\":\"Home\",\"item\":\"https:\/\/intbrisas.com\/en\/\"},{\"@type\":\"ListItem\",\"position\":2,\"name\":\"Cookies Policy\"}]},{\"@type\":\"WebSite\",\"@id\":\"https:\/\/intbrisas.com\/en\/#website\",\"url\":\"https:\/\/intbrisas.com\/en\/\",\"name\":\"Brisas Group\",\"description\":\"\",\"publisher\":{\"@id\":\"https:\/\/intbrisas.com\/en\/#organization\"},\"potentialAction\":[{\"@type\":\"SearchAction\",\"target\":{\"@type\":\"EntryPoint\",\"urlTemplate\":\"https:\/\/intbrisas.com\/en\/?s={search_term_string}\"},\"query-input\":\"required name=search_term_string\"}],\"inLanguage\":\"en-US\"},{\"@type\":\"Organization\",\"@id\":\"https:\/\/intbrisas.com\/en\/#organization\",\"name\":\"Grupo Brisas\",\"url\":\"https:\/\/intbrisas.com\/en\/\",\"logo\":{\"@type\":\"ImageObject\",\"inLanguage\":\"en-US\",\"@id\":\"https:\/\/intbrisas.com\/en\/#\/schema\/logo\/image\/\",\"url\":\"https:\/\/intbrisas.com\/wp-content\/uploads\/2017\/02\/Grupo-Brisas-Logo.png\",\"contentUrl\":\"https:\/\/intbrisas.com\/wp-content\/uploads\/2017\/02\/Grupo-Brisas-Logo.png\",\"width\":201,\"height\":114,\"caption\":\"Grupo Brisas\"},\"image\":{\"@id\":\"https:\/\/intbrisas.com\/en\/#\/schema\/logo\/image\/\"},\"sameAs\":[\"https:\/\/www.facebook.com\/GpoBrisas\/\",\"https:\/\/x.com\/GpoBrisas\",\"https:\/\/www.instagram.com\/GpoBrisas\/\",\"https:\/\/www.linkedin.com\/company-beta\/536607\/\",\"https:\/\/www.pinterest.com\/grupobrisas\/\",\"https:\/\/www.youtube.com\/channel\/UCtn68Eny5sOimNOOQs7r7aA\"]}]}<\/script>\n<!-- \/ Yoast SEO plugin. -->","yoast_head_json":{"title":"Grupo Brisas - Hoteles & Resorts en M\u00e9xico | Aut\u00e9ntico esp\u00edritu mexicano","robots":{"index":"index","follow":"follow","max-snippet":"max-snippet:-1","max-image-preview":"max-image-preview:large","max-video-preview":"max-video-preview:-1"},"canonical":"https:\/\/intbrisas.com\/en\/cookies-policy\/","og_locale":"en_US","og_type":"article","og_title":"Grupo Brisas - Hoteles & Resorts en M\u00e9xico | Aut\u00e9ntico esp\u00edritu mexicano","og_description":"This Cookie statement is part of our Privacy Notice, For more information about us and how we protect the information of visitors to our Internet portal, please consult the site https:\/\/intbrisas.com\/en\/privacy-statement\/ . Through this notice, you are informed that OHB may place a \"Cookie\" on your computer's hard drive in order to recognize you as [&hellip;]","og_url":"https:\/\/intbrisas.com\/en\/cookies-policy\/","og_site_name":"Brisas Group","article_publisher":"https:\/\/www.facebook.com\/GpoBrisas\/","article_modified_time":"2020-03-16T20:22:51+00:00","twitter_card":"summary_large_image","twitter_site":"@GpoBrisas","twitter_misc":{"Est. reading time":"1 minute"},"schema":{"@context":"https:\/\/schema.org","@graph":[{"@type":"WebPage","@id":"https:\/\/intbrisas.com\/en\/cookies-policy\/","url":"https:\/\/intbrisas.com\/en\/cookies-policy\/","name":"Grupo Brisas - Hoteles & Resorts en M\u00e9xico | Aut\u00e9ntico esp\u00edritu mexicano","isPartOf":{"@id":"https:\/\/intbrisas.com\/en\/#website"},"datePublished":"2020-03-16T20:21:28+00:00","dateModified":"2020-03-16T20:22:51+00:00","breadcrumb":{"@id":"https:\/\/intbrisas.com\/en\/cookies-policy\/#breadcrumb"},"inLanguage":"en-US","potentialAction":[{"@type":"ReadAction","target":["https:\/\/intbrisas.com\/en\/cookies-policy\/"]}]},{"@type":"BreadcrumbList","@id":"https:\/\/intbrisas.com\/en\/cookies-policy\/#breadcrumb","itemListElement":[{"@type":"ListItem","position":1,"name":"Home","item":"https:\/\/intbrisas.com\/en\/"},{"@type":"ListItem","position":2,"name":"Cookies Policy"}]},{"@type":"WebSite","@id":"https:\/\/intbrisas.com\/en\/#website","url":"https:\/\/intbrisas.com\/en\/","name":"Brisas Group","description":"","publisher":{"@id":"https:\/\/intbrisas.com\/en\/#organization"},"potentialAction":[{"@type":"SearchAction","target":{"@type":"EntryPoint","urlTemplate":"https:\/\/intbrisas.com\/en\/?s={search_term_string}"},"query-input":"required name=search_term_string"}],"inLanguage":"en-US"},{"@type":"Organization","@id":"https:\/\/intbrisas.com\/en\/#organization","name":"Grupo Brisas","url":"https:\/\/intbrisas.com\/en\/","logo":{"@type":"ImageObject","inLanguage":"en-US","@id":"https:\/\/intbrisas.com\/en\/#\/schema\/logo\/image\/","url":"https:\/\/intbrisas.com\/wp-content\/uploads\/2017\/02\/Grupo-Brisas-Logo.png","contentUrl":"https:\/\/intbrisas.com\/wp-content\/uploads\/2017\/02\/Grupo-Brisas-Logo.png","width":201,"height":114,"caption":"Grupo Brisas"},"image":{"@id":"https:\/\/intbrisas.com\/en\/#\/schema\/logo\/image\/"},"sameAs":["https:\/\/www.facebook.com\/GpoBrisas\/","https:\/\/x.com\/GpoBrisas","https:\/\/www.instagram.com\/GpoBrisas\/","https:\/\/www.linkedin.com\/company-beta\/536607\/","https:\/\/www.pinterest.com\/grupobrisas\/","https:\/\/www.youtube.com\/channel\/UCtn68Eny5sOimNOOQs7r7aA"]}]}},"_links":{"self":[{"href":"https:\/\/intbrisas.com\/en\/wp-json\/wp\/v2\/pages\/4211","targetHints":{"allow":["GET"]}}],"collection":[{"href":"https:\/\/intbrisas.com\/en\/wp-json\/wp\/v2\/pages"}],"about":[{"href":"https:\/\/intbrisas.com\/en\/wp-json\/wp\/v2\/types\/page"}],"author":[{"embeddable":true,"href":"https:\/\/intbrisas.com\/en\/wp-json\/wp\/v2\/users\/4"}],"replies":[{"embeddable":true,"href":"https:\/\/intbrisas.com\/en\/wp-json\/wp\/v2\/comments?post=4211"}],"version-history":[{"count":0,"href":"https:\/\/intbrisas.com\/en\/wp-json\/wp\/v2\/pages\/4211\/revisions"}],"wp:attachment":[{"href":"https:\/\/intbrisas.com\/en\/wp-json\/wp\/v2\/media?parent=4211"}],"curies":[{"name":"wp","href":"https:\/\/api.w.org\/{rel}","templated":true}]}}