{"id":4681,"date":"2020-07-10T09:09:45","date_gmt":"2020-07-10T14:09:45","guid":{"rendered":"https:\/\/intbrisas.com\/?page_id=4681"},"modified":"2020-07-12T09:11:37","modified_gmt":"2020-07-12T14:11:37","slug":"somos-personas-cuidando-personas","status":"publish","type":"page","link":"https:\/\/intbrisas.com\/en\/somos-personas-cuidando-personas\/","title":{"rendered":"Somos personas cuidando personas"},"content":{"rendered":"<h2 style=\"text-align: center;\"><\/h2>\n<p><iframe loading=\"lazy\" title=\"Protocolo de Cuidado al Hu\u00e9sped Grupo Brisas\" width=\"580\" height=\"326\" src=\"https:\/\/www.youtube.com\/embed\/qGEcd7NtNEQ?feature=oembed\" frameborder=\"0\" allow=\"accelerometer; autoplay; clipboard-write; encrypted-media; gyroscope; picture-in-picture; web-share\" referrerpolicy=\"strict-origin-when-cross-origin\" allowfullscreen><\/iframe><\/p>\n<h2 style=\"text-align: center;\">Conoce como te cuidamos en:<\/h2>\n<p style=\"text-align: center;\"><a href=\"https:\/\/intbrisas.com\/es\/protocolo-llegada\/\">TU LLEGADA<\/a><\/p>\n<p style=\"text-align: center;\"><a href=\"https:\/\/intbrisas.com\/es\/protocolo-elevadores\/\">ELEVADORES<\/a><\/p>\n<p style=\"text-align: center;\"><a href=\"https:\/\/intbrisas.com\/es\/protocolo-habitaciones\/\">HABITACIONES<\/a><\/p>\n<p style=\"text-align: center;\"><a href=\"https:\/\/intbrisas.com\/es\/protocoloalberca\/\">ALBERCA, SPA Y GIMNASIO<\/a><\/p>\n<p style=\"text-align: center;\"><a href=\"https:\/\/intbrisas.com\/es\/protocolo-alimentos\/\">ALIMENTOS Y BEBIDAS<\/a><\/p>\n<p style=\"text-align: center;\"><a href=\"https:\/\/intbrisas.com\/es\/protocolo-salones\/\">SALONES DE EVENTOS<\/a><\/p>\n<p style=\"text-align: center;\"><a href=\"https:\/\/intbrisas.com\/es\/protocolo-golf\/\">CAMPO DE GOLF<\/a><\/p>\n","protected":false},"excerpt":{"rendered":"<p>Conoce como te cuidamos en: TU LLEGADA ELEVADORES HABITACIONES ALBERCA, SPA Y GIMNASIO ALIMENTOS Y BEBIDAS SALONES DE EVENTOS CAMPO DE GOLF<\/p>\n","protected":false},"author":5,"featured_media":0,"parent":0,"menu_order":0,"comment_status":"closed","ping_status":"closed","template":"","meta":{"_acf_changed":false,"footnotes":""},"class_list":["post-4681","page","type-page","status-publish","hentry"],"acf":[],"yoast_head":"<!-- This site is optimized with the Yoast SEO plugin v22.8 - https:\/\/yoast.com\/wordpress\/plugins\/seo\/ -->\n<title>Grupo Brisas - Hoteles &amp; Resorts en M\u00e9xico | Aut\u00e9ntico esp\u00edritu mexicano<\/title>\n<meta name=\"robots\" content=\"index, follow, max-snippet:-1, max-image-preview:large, max-video-preview:-1\" \/>\n<link rel=\"canonical\" href=\"https:\/\/intbrisas.com\/en\/somos-personas-cuidando-personas\/\" \/>\n<meta property=\"og:locale\" content=\"en_US\" \/>\n<meta property=\"og:type\" content=\"article\" \/>\n<meta property=\"og:title\" content=\"Grupo Brisas - Hoteles &amp; Resorts en M\u00e9xico | Aut\u00e9ntico esp\u00edritu mexicano\" \/>\n<meta property=\"og:description\" content=\"Conoce como te cuidamos en: TU LLEGADA ELEVADORES HABITACIONES ALBERCA, SPA Y GIMNASIO ALIMENTOS Y BEBIDAS SALONES DE EVENTOS CAMPO DE GOLF\" \/>\n<meta property=\"og:url\" content=\"https:\/\/intbrisas.com\/en\/somos-personas-cuidando-personas\/\" \/>\n<meta property=\"og:site_name\" content=\"Brisas Group\" \/>\n<meta property=\"article:publisher\" content=\"https:\/\/www.facebook.com\/GpoBrisas\/\" \/>\n<meta property=\"article:modified_time\" content=\"2020-07-12T14:11:37+00:00\" \/>\n<meta name=\"twitter:card\" content=\"summary_large_image\" \/>\n<meta name=\"twitter:site\" content=\"@GpoBrisas\" \/>\n<script type=\"application\/ld+json\" class=\"yoast-schema-graph\">{\"@context\":\"https:\/\/schema.org\",\"@graph\":[{\"@type\":\"WebPage\",\"@id\":\"https:\/\/intbrisas.com\/en\/somos-personas-cuidando-personas\/\",\"url\":\"https:\/\/intbrisas.com\/en\/somos-personas-cuidando-personas\/\",\"name\":\"Grupo Brisas - Hoteles & Resorts en M\u00e9xico | Aut\u00e9ntico esp\u00edritu mexicano\",\"isPartOf\":{\"@id\":\"https:\/\/intbrisas.com\/en\/#website\"},\"datePublished\":\"2020-07-10T14:09:45+00:00\",\"dateModified\":\"2020-07-12T14:11:37+00:00\",\"breadcrumb\":{\"@id\":\"https:\/\/intbrisas.com\/en\/somos-personas-cuidando-personas\/#breadcrumb\"},\"inLanguage\":\"en-US\",\"potentialAction\":[{\"@type\":\"ReadAction\",\"target\":[\"https:\/\/intbrisas.com\/en\/somos-personas-cuidando-personas\/\"]}]},{\"@type\":\"BreadcrumbList\",\"@id\":\"https:\/\/intbrisas.com\/en\/somos-personas-cuidando-personas\/#breadcrumb\",\"itemListElement\":[{\"@type\":\"ListItem\",\"position\":1,\"name\":\"Home\",\"item\":\"https:\/\/intbrisas.com\/en\/\"},{\"@type\":\"ListItem\",\"position\":2,\"name\":\"Somos personas cuidando personas\"}]},{\"@type\":\"WebSite\",\"@id\":\"https:\/\/intbrisas.com\/en\/#website\",\"url\":\"https:\/\/intbrisas.com\/en\/\",\"name\":\"Brisas Group\",\"description\":\"\",\"publisher\":{\"@id\":\"https:\/\/intbrisas.com\/en\/#organization\"},\"potentialAction\":[{\"@type\":\"SearchAction\",\"target\":{\"@type\":\"EntryPoint\",\"urlTemplate\":\"https:\/\/intbrisas.com\/en\/?s={search_term_string}\"},\"query-input\":\"required name=search_term_string\"}],\"inLanguage\":\"en-US\"},{\"@type\":\"Organization\",\"@id\":\"https:\/\/intbrisas.com\/en\/#organization\",\"name\":\"Grupo Brisas\",\"url\":\"https:\/\/intbrisas.com\/en\/\",\"logo\":{\"@type\":\"ImageObject\",\"inLanguage\":\"en-US\",\"@id\":\"https:\/\/intbrisas.com\/en\/#\/schema\/logo\/image\/\",\"url\":\"https:\/\/intbrisas.com\/wp-content\/uploads\/2017\/02\/Grupo-Brisas-Logo.png\",\"contentUrl\":\"https:\/\/intbrisas.com\/wp-content\/uploads\/2017\/02\/Grupo-Brisas-Logo.png\",\"width\":201,\"height\":114,\"caption\":\"Grupo Brisas\"},\"image\":{\"@id\":\"https:\/\/intbrisas.com\/en\/#\/schema\/logo\/image\/\"},\"sameAs\":[\"https:\/\/www.facebook.com\/GpoBrisas\/\",\"https:\/\/x.com\/GpoBrisas\",\"https:\/\/www.instagram.com\/GpoBrisas\/\",\"https:\/\/www.linkedin.com\/company-beta\/536607\/\",\"https:\/\/www.pinterest.com\/grupobrisas\/\",\"https:\/\/www.youtube.com\/channel\/UCtn68Eny5sOimNOOQs7r7aA\"]}]}<\/script>\n<!-- \/ Yoast SEO plugin. -->","yoast_head_json":{"title":"Grupo Brisas - Hoteles & Resorts en M\u00e9xico | Aut\u00e9ntico esp\u00edritu mexicano","robots":{"index":"index","follow":"follow","max-snippet":"max-snippet:-1","max-image-preview":"max-image-preview:large","max-video-preview":"max-video-preview:-1"},"canonical":"https:\/\/intbrisas.com\/en\/somos-personas-cuidando-personas\/","og_locale":"en_US","og_type":"article","og_title":"Grupo Brisas - Hoteles & Resorts en M\u00e9xico | Aut\u00e9ntico esp\u00edritu mexicano","og_description":"Conoce como te cuidamos en: TU LLEGADA ELEVADORES HABITACIONES ALBERCA, SPA Y GIMNASIO ALIMENTOS Y BEBIDAS SALONES DE EVENTOS CAMPO DE GOLF","og_url":"https:\/\/intbrisas.com\/en\/somos-personas-cuidando-personas\/","og_site_name":"Brisas Group","article_publisher":"https:\/\/www.facebook.com\/GpoBrisas\/","article_modified_time":"2020-07-12T14:11:37+00:00","twitter_card":"summary_large_image","twitter_site":"@GpoBrisas","schema":{"@context":"https:\/\/schema.org","@graph":[{"@type":"WebPage","@id":"https:\/\/intbrisas.com\/en\/somos-personas-cuidando-personas\/","url":"https:\/\/intbrisas.com\/en\/somos-personas-cuidando-personas\/","name":"Grupo Brisas - Hoteles & Resorts en M\u00e9xico | Aut\u00e9ntico esp\u00edritu mexicano","isPartOf":{"@id":"https:\/\/intbrisas.com\/en\/#website"},"datePublished":"2020-07-10T14:09:45+00:00","dateModified":"2020-07-12T14:11:37+00:00","breadcrumb":{"@id":"https:\/\/intbrisas.com\/en\/somos-personas-cuidando-personas\/#breadcrumb"},"inLanguage":"en-US","potentialAction":[{"@type":"ReadAction","target":["https:\/\/intbrisas.com\/en\/somos-personas-cuidando-personas\/"]}]},{"@type":"BreadcrumbList","@id":"https:\/\/intbrisas.com\/en\/somos-personas-cuidando-personas\/#breadcrumb","itemListElement":[{"@type":"ListItem","position":1,"name":"Home","item":"https:\/\/intbrisas.com\/en\/"},{"@type":"ListItem","position":2,"name":"Somos personas cuidando personas"}]},{"@type":"WebSite","@id":"https:\/\/intbrisas.com\/en\/#website","url":"https:\/\/intbrisas.com\/en\/","name":"Brisas Group","description":"","publisher":{"@id":"https:\/\/intbrisas.com\/en\/#organization"},"potentialAction":[{"@type":"SearchAction","target":{"@type":"EntryPoint","urlTemplate":"https:\/\/intbrisas.com\/en\/?s={search_term_string}"},"query-input":"required name=search_term_string"}],"inLanguage":"en-US"},{"@type":"Organization","@id":"https:\/\/intbrisas.com\/en\/#organization","name":"Grupo Brisas","url":"https:\/\/intbrisas.com\/en\/","logo":{"@type":"ImageObject","inLanguage":"en-US","@id":"https:\/\/intbrisas.com\/en\/#\/schema\/logo\/image\/","url":"https:\/\/intbrisas.com\/wp-content\/uploads\/2017\/02\/Grupo-Brisas-Logo.png","contentUrl":"https:\/\/intbrisas.com\/wp-content\/uploads\/2017\/02\/Grupo-Brisas-Logo.png","width":201,"height":114,"caption":"Grupo Brisas"},"image":{"@id":"https:\/\/intbrisas.com\/en\/#\/schema\/logo\/image\/"},"sameAs":["https:\/\/www.facebook.com\/GpoBrisas\/","https:\/\/x.com\/GpoBrisas","https:\/\/www.instagram.com\/GpoBrisas\/","https:\/\/www.linkedin.com\/company-beta\/536607\/","https:\/\/www.pinterest.com\/grupobrisas\/","https:\/\/www.youtube.com\/channel\/UCtn68Eny5sOimNOOQs7r7aA"]}]}},"_links":{"self":[{"href":"https:\/\/intbrisas.com\/en\/wp-json\/wp\/v2\/pages\/4681","targetHints":{"allow":["GET"]}}],"collection":[{"href":"https:\/\/intbrisas.com\/en\/wp-json\/wp\/v2\/pages"}],"about":[{"href":"https:\/\/intbrisas.com\/en\/wp-json\/wp\/v2\/types\/page"}],"author":[{"embeddable":true,"href":"https:\/\/intbrisas.com\/en\/wp-json\/wp\/v2\/users\/5"}],"replies":[{"embeddable":true,"href":"https:\/\/intbrisas.com\/en\/wp-json\/wp\/v2\/comments?post=4681"}],"version-history":[{"count":0,"href":"https:\/\/intbrisas.com\/en\/wp-json\/wp\/v2\/pages\/4681\/revisions"}],"wp:attachment":[{"href":"https:\/\/intbrisas.com\/en\/wp-json\/wp\/v2\/media?parent=4681"}],"curies":[{"name":"wp","href":"https:\/\/api.w.org\/{rel}","templated":true}]}}