{"id":843,"date":"2016-12-23T19:19:50","date_gmt":"2016-12-23T19:19:50","guid":{"rendered":"https:\/\/intbrisas.com\/?page_id=843"},"modified":"2021-03-19T10:46:20","modified_gmt":"2021-03-19T16:46:20","slug":"brisas-foundation","status":"publish","type":"page","link":"https:\/\/intbrisas.com\/en\/brisas-foundation\/","title":{"rendered":"Brisas Foundation"},"content":{"rendered":"<p><img loading=\"lazy\" decoding=\"async\" class=\"wp-image-2883 aligncenter\" src=\"https:\/\/intbrisas.com\/wp-content\/uploads\/2020\/01\/fundacion_brisas.png\" alt=\"\" width=\"301\" height=\"135\" srcset=\"https:\/\/intbrisas.com\/wp-content\/uploads\/2020\/01\/fundacion_brisas.png 600w, https:\/\/intbrisas.com\/wp-content\/uploads\/2020\/01\/fundacion_brisas-550x247.png 550w\" sizes=\"auto, (max-width: 301px) 100vw, 301px\" \/><\/p>\n<p>For Grupo Brisas and the Cosio family, the Foundation is a real commitment, one that is touching lives and we are going for more. This year we were able to consolidate actions that we started in our first year of activities and that gave us the guidelines to find the path we want to follow with each one of them. Our social commitment has been strengthened and the Foundation is opening the doors to us to associate with other civil associations with which we share dreams and plans that reflect a better quality of life to those that we serve through our mission.<\/p>\n<p>Thanks to all those who with their work, money, time and moral support have accompanied us this year. I am sure that our Foundation will increasingly perform better in the communities it supports and will continue to seek to improve the quality of life for all those who benefit from our actions.<\/p>\n<p>Thank you!<\/p>\n<p><strong>Antonio Cos\u00edo<br \/>\nHonorary president<br \/>\nBrisas Foundation<\/strong><\/p>\n<h4>Objectives<\/h4>\n<ul>\n<li>Improve the quality of life of our people.<\/li>\n<li>Encourage education in values and integration into the family.<\/li>\n<li>Promote family well-being, health and care for the environment.<\/li>\n<li>Offer opportunities for improvement.<\/li>\n<li>Make our employees and their families happy.<\/li>\n<li>Assistance in the event of natural disasters or accidents.<\/li>\n<\/ul>\n<h4>Philosophy and Values<\/h4>\n<ul>\n<li>Promote the integration of the Company with the families of our employees = More pride and sense of belonging.<\/li>\n<li>Promote the integration of the Company with the families of our employees based on human values.<\/li>\n<\/ul>\n<h4>Vision<\/h4>\n<ul>\n<li>Bring love and happiness to our Brisas families through actions that strengthen human values and a culture of integration.<\/li>\n<\/ul>\n<h4>Mission<\/h4>\n<ul>\n<li>Work with passion and love for our families Brisas to share with them resources that give them well-being and raise their human dignity, thus contributing to their happiness.<\/li>\n<\/ul>\n<h4>Values<\/h4>\n<ul>\n<li>Responsibility and passion at work.<\/li>\n<li>Love for those I serve.<\/li>\n<li>Share.<\/li>\n<li>Respect for the dignity of the person.<\/li>\n<li>Integration.<\/li>\n<\/ul>\n<p style=\"text-align: center;\"><strong>Annual report of activities from Fundaci\u00f3n Brisas, A.C.:<\/strong><br \/>\n<a href=\"https:\/\/www.calameo.com\/read\/0015505155c059001b849\" target=\"_blank\" rel=\"noreferrer noopener\" aria-label=\" (opens in a new tab)\">2013-2014<\/a> \u2013 <a href=\"http:\/\/es.calameo.com\/read\/00155051526514ded60a7\" target=\"_blank\" rel=\"noreferrer noopener\" aria-label=\"2015 (opens in a new tab)\">2015<\/a> \u2013 <a href=\"http:\/\/es.calameo.com\/read\/001550515e16cc324f0c8\" target=\"_blank\" rel=\"noreferrer noopener\" aria-label=\"2016 (opens in a new tab)\">2016<\/a> \u2013 <a href=\"https:\/\/www.calameo.com\/read\/0015505152f23adaec7af\" target=\"_blank\" rel=\"noreferrer noopener\" aria-label=\"2017 (opens in a new tab)\">2017<\/a> \u2013 <a href=\"https:\/\/www.calameo.com\/read\/0015505155c059001b849\" target=\"_blank\" rel=\"noreferrer noopener\" aria-label=\"2018 (opens in a new tab)\">2018<\/a> - \u00a0<a href=\"https:\/\/es.calameo.com\/read\/00155051535eb3fab79ef\">2019<\/a> - <a href=\"https:\/\/es.calameo.com\/read\/001550515a816420c30ee\">2020<\/a><\/p>\n","protected":false},"excerpt":{"rendered":"<p>For Grupo Brisas and the Cosio family, the Foundation is a real commitment, one that is touching lives and we are going for more. This year we were able to consolidate actions that we started in our first year of activities and that gave us the guidelines to find the path we want to follow [&hellip;]<\/p>\n","protected":false},"author":4,"featured_media":0,"parent":0,"menu_order":0,"comment_status":"closed","ping_status":"closed","template":"templates\/template-cover.php","meta":{"_acf_changed":false,"footnotes":""},"class_list":["post-843","page","type-page","status-publish","hentry"],"acf":{"page_header_text":"Brisas Foundation","open_positions":[900,902],"main_content":"","button_link_text":"Actions","button_link":"http:\/\/fundacion.brisashotelonline.com\/reporte\/"},"yoast_head":"<!-- This site is optimized with the Yoast SEO plugin v22.8 - https:\/\/yoast.com\/wordpress\/plugins\/seo\/ -->\n<title>Grupo Brisas - Fundaci\u00f3n Brisas | Nuestro compromiso social<\/title>\n<meta name=\"description\" content=\"Fundaci\u00f3n Brisas tendr\u00e1 mejor desempe\u00f1o y seguir\u00e1 buscando mejorar la calidad de vida de todos aquellos que se benefician con nuestras acciones.\" \/>\n<meta name=\"robots\" content=\"index, follow, max-snippet:-1, max-image-preview:large, max-video-preview:-1\" \/>\n<link rel=\"canonical\" href=\"https:\/\/intbrisas.com\/en\/brisas-foundation\/\" \/>\n<meta property=\"og:locale\" content=\"en_US\" \/>\n<meta property=\"og:type\" content=\"article\" \/>\n<meta property=\"og:title\" content=\"Grupo Brisas - Fundaci\u00f3n Brisas | Nuestro compromiso social\" \/>\n<meta property=\"og:description\" content=\"Fundaci\u00f3n Brisas tendr\u00e1 mejor desempe\u00f1o y seguir\u00e1 buscando mejorar la calidad de vida de todos aquellos que se benefician con nuestras acciones.\" \/>\n<meta property=\"og:url\" content=\"https:\/\/intbrisas.com\/en\/brisas-foundation\/\" \/>\n<meta property=\"og:site_name\" content=\"Brisas Group\" \/>\n<meta property=\"article:publisher\" content=\"https:\/\/www.facebook.com\/GpoBrisas\/\" \/>\n<meta property=\"article:modified_time\" content=\"2021-03-19T16:46:20+00:00\" \/>\n<meta property=\"og:image\" content=\"https:\/\/intbrisas.com\/wp-content\/uploads\/2020\/01\/fundacion_brisas.png\" \/>\n<meta name=\"twitter:card\" content=\"summary_large_image\" \/>\n<meta name=\"twitter:site\" content=\"@GpoBrisas\" \/>\n<meta name=\"twitter:label1\" content=\"Est. reading time\" \/>\n\t<meta name=\"twitter:data1\" content=\"2 minutes\" \/>\n<script type=\"application\/ld+json\" class=\"yoast-schema-graph\">{\"@context\":\"https:\/\/schema.org\",\"@graph\":[{\"@type\":\"WebPage\",\"@id\":\"https:\/\/intbrisas.com\/en\/brisas-foundation\/\",\"url\":\"https:\/\/intbrisas.com\/en\/brisas-foundation\/\",\"name\":\"Grupo Brisas - Fundaci\u00f3n Brisas | Nuestro compromiso social\",\"isPartOf\":{\"@id\":\"https:\/\/intbrisas.com\/en\/#website\"},\"primaryImageOfPage\":{\"@id\":\"https:\/\/intbrisas.com\/en\/brisas-foundation\/#primaryimage\"},\"image\":{\"@id\":\"https:\/\/intbrisas.com\/en\/brisas-foundation\/#primaryimage\"},\"thumbnailUrl\":\"https:\/\/intbrisas.com\/wp-content\/uploads\/2020\/01\/fundacion_brisas.png\",\"datePublished\":\"2016-12-23T19:19:50+00:00\",\"dateModified\":\"2021-03-19T16:46:20+00:00\",\"description\":\"Fundaci\u00f3n Brisas tendr\u00e1 mejor desempe\u00f1o y seguir\u00e1 buscando mejorar la calidad de vida de todos aquellos que se benefician con nuestras acciones.\",\"breadcrumb\":{\"@id\":\"https:\/\/intbrisas.com\/en\/brisas-foundation\/#breadcrumb\"},\"inLanguage\":\"en-US\",\"potentialAction\":[{\"@type\":\"ReadAction\",\"target\":[\"https:\/\/intbrisas.com\/en\/brisas-foundation\/\"]}]},{\"@type\":\"ImageObject\",\"inLanguage\":\"en-US\",\"@id\":\"https:\/\/intbrisas.com\/en\/brisas-foundation\/#primaryimage\",\"url\":\"https:\/\/intbrisas.com\/wp-content\/uploads\/2020\/01\/fundacion_brisas.png\",\"contentUrl\":\"https:\/\/intbrisas.com\/wp-content\/uploads\/2020\/01\/fundacion_brisas.png\"},{\"@type\":\"BreadcrumbList\",\"@id\":\"https:\/\/intbrisas.com\/en\/brisas-foundation\/#breadcrumb\",\"itemListElement\":[{\"@type\":\"ListItem\",\"position\":1,\"name\":\"Home\",\"item\":\"https:\/\/intbrisas.com\/en\/\"},{\"@type\":\"ListItem\",\"position\":2,\"name\":\"Brisas Foundation\"}]},{\"@type\":\"WebSite\",\"@id\":\"https:\/\/intbrisas.com\/en\/#website\",\"url\":\"https:\/\/intbrisas.com\/en\/\",\"name\":\"Brisas Group\",\"description\":\"\",\"publisher\":{\"@id\":\"https:\/\/intbrisas.com\/en\/#organization\"},\"potentialAction\":[{\"@type\":\"SearchAction\",\"target\":{\"@type\":\"EntryPoint\",\"urlTemplate\":\"https:\/\/intbrisas.com\/en\/?s={search_term_string}\"},\"query-input\":\"required name=search_term_string\"}],\"inLanguage\":\"en-US\"},{\"@type\":\"Organization\",\"@id\":\"https:\/\/intbrisas.com\/en\/#organization\",\"name\":\"Grupo Brisas\",\"url\":\"https:\/\/intbrisas.com\/en\/\",\"logo\":{\"@type\":\"ImageObject\",\"inLanguage\":\"en-US\",\"@id\":\"https:\/\/intbrisas.com\/en\/#\/schema\/logo\/image\/\",\"url\":\"https:\/\/intbrisas.com\/wp-content\/uploads\/2017\/02\/Grupo-Brisas-Logo.png\",\"contentUrl\":\"https:\/\/intbrisas.com\/wp-content\/uploads\/2017\/02\/Grupo-Brisas-Logo.png\",\"width\":201,\"height\":114,\"caption\":\"Grupo Brisas\"},\"image\":{\"@id\":\"https:\/\/intbrisas.com\/en\/#\/schema\/logo\/image\/\"},\"sameAs\":[\"https:\/\/www.facebook.com\/GpoBrisas\/\",\"https:\/\/x.com\/GpoBrisas\",\"https:\/\/www.instagram.com\/GpoBrisas\/\",\"https:\/\/www.linkedin.com\/company-beta\/536607\/\",\"https:\/\/www.pinterest.com\/grupobrisas\/\",\"https:\/\/www.youtube.com\/channel\/UCtn68Eny5sOimNOOQs7r7aA\"]}]}<\/script>\n<!-- \/ Yoast SEO plugin. -->","yoast_head_json":{"title":"Grupo Brisas - Fundaci\u00f3n Brisas | Nuestro compromiso social","description":"Fundaci\u00f3n Brisas tendr\u00e1 mejor desempe\u00f1o y seguir\u00e1 buscando mejorar la calidad de vida de todos aquellos que se benefician con nuestras acciones.","robots":{"index":"index","follow":"follow","max-snippet":"max-snippet:-1","max-image-preview":"max-image-preview:large","max-video-preview":"max-video-preview:-1"},"canonical":"https:\/\/intbrisas.com\/en\/brisas-foundation\/","og_locale":"en_US","og_type":"article","og_title":"Grupo Brisas - Fundaci\u00f3n Brisas | Nuestro compromiso social","og_description":"Fundaci\u00f3n Brisas tendr\u00e1 mejor desempe\u00f1o y seguir\u00e1 buscando mejorar la calidad de vida de todos aquellos que se benefician con nuestras acciones.","og_url":"https:\/\/intbrisas.com\/en\/brisas-foundation\/","og_site_name":"Brisas Group","article_publisher":"https:\/\/www.facebook.com\/GpoBrisas\/","article_modified_time":"2021-03-19T16:46:20+00:00","og_image":[{"url":"https:\/\/intbrisas.com\/wp-content\/uploads\/2020\/01\/fundacion_brisas.png"}],"twitter_card":"summary_large_image","twitter_site":"@GpoBrisas","twitter_misc":{"Est. reading time":"2 minutes"},"schema":{"@context":"https:\/\/schema.org","@graph":[{"@type":"WebPage","@id":"https:\/\/intbrisas.com\/en\/brisas-foundation\/","url":"https:\/\/intbrisas.com\/en\/brisas-foundation\/","name":"Grupo Brisas - Fundaci\u00f3n Brisas | Nuestro compromiso social","isPartOf":{"@id":"https:\/\/intbrisas.com\/en\/#website"},"primaryImageOfPage":{"@id":"https:\/\/intbrisas.com\/en\/brisas-foundation\/#primaryimage"},"image":{"@id":"https:\/\/intbrisas.com\/en\/brisas-foundation\/#primaryimage"},"thumbnailUrl":"https:\/\/intbrisas.com\/wp-content\/uploads\/2020\/01\/fundacion_brisas.png","datePublished":"2016-12-23T19:19:50+00:00","dateModified":"2021-03-19T16:46:20+00:00","description":"Fundaci\u00f3n Brisas tendr\u00e1 mejor desempe\u00f1o y seguir\u00e1 buscando mejorar la calidad de vida de todos aquellos que se benefician con nuestras acciones.","breadcrumb":{"@id":"https:\/\/intbrisas.com\/en\/brisas-foundation\/#breadcrumb"},"inLanguage":"en-US","potentialAction":[{"@type":"ReadAction","target":["https:\/\/intbrisas.com\/en\/brisas-foundation\/"]}]},{"@type":"ImageObject","inLanguage":"en-US","@id":"https:\/\/intbrisas.com\/en\/brisas-foundation\/#primaryimage","url":"https:\/\/intbrisas.com\/wp-content\/uploads\/2020\/01\/fundacion_brisas.png","contentUrl":"https:\/\/intbrisas.com\/wp-content\/uploads\/2020\/01\/fundacion_brisas.png"},{"@type":"BreadcrumbList","@id":"https:\/\/intbrisas.com\/en\/brisas-foundation\/#breadcrumb","itemListElement":[{"@type":"ListItem","position":1,"name":"Home","item":"https:\/\/intbrisas.com\/en\/"},{"@type":"ListItem","position":2,"name":"Brisas Foundation"}]},{"@type":"WebSite","@id":"https:\/\/intbrisas.com\/en\/#website","url":"https:\/\/intbrisas.com\/en\/","name":"Brisas Group","description":"","publisher":{"@id":"https:\/\/intbrisas.com\/en\/#organization"},"potentialAction":[{"@type":"SearchAction","target":{"@type":"EntryPoint","urlTemplate":"https:\/\/intbrisas.com\/en\/?s={search_term_string}"},"query-input":"required name=search_term_string"}],"inLanguage":"en-US"},{"@type":"Organization","@id":"https:\/\/intbrisas.com\/en\/#organization","name":"Grupo Brisas","url":"https:\/\/intbrisas.com\/en\/","logo":{"@type":"ImageObject","inLanguage":"en-US","@id":"https:\/\/intbrisas.com\/en\/#\/schema\/logo\/image\/","url":"https:\/\/intbrisas.com\/wp-content\/uploads\/2017\/02\/Grupo-Brisas-Logo.png","contentUrl":"https:\/\/intbrisas.com\/wp-content\/uploads\/2017\/02\/Grupo-Brisas-Logo.png","width":201,"height":114,"caption":"Grupo Brisas"},"image":{"@id":"https:\/\/intbrisas.com\/en\/#\/schema\/logo\/image\/"},"sameAs":["https:\/\/www.facebook.com\/GpoBrisas\/","https:\/\/x.com\/GpoBrisas","https:\/\/www.instagram.com\/GpoBrisas\/","https:\/\/www.linkedin.com\/company-beta\/536607\/","https:\/\/www.pinterest.com\/grupobrisas\/","https:\/\/www.youtube.com\/channel\/UCtn68Eny5sOimNOOQs7r7aA"]}]}},"_links":{"self":[{"href":"https:\/\/intbrisas.com\/en\/wp-json\/wp\/v2\/pages\/843","targetHints":{"allow":["GET"]}}],"collection":[{"href":"https:\/\/intbrisas.com\/en\/wp-json\/wp\/v2\/pages"}],"about":[{"href":"https:\/\/intbrisas.com\/en\/wp-json\/wp\/v2\/types\/page"}],"author":[{"embeddable":true,"href":"https:\/\/intbrisas.com\/en\/wp-json\/wp\/v2\/users\/4"}],"replies":[{"embeddable":true,"href":"https:\/\/intbrisas.com\/en\/wp-json\/wp\/v2\/comments?post=843"}],"version-history":[{"count":0,"href":"https:\/\/intbrisas.com\/en\/wp-json\/wp\/v2\/pages\/843\/revisions"}],"wp:attachment":[{"href":"https:\/\/intbrisas.com\/en\/wp-json\/wp\/v2\/media?parent=843"}],"curies":[{"name":"wp","href":"https:\/\/api.w.org\/{rel}","templated":true}]}}