{"id":1443,"date":"2017-12-18T19:30:37","date_gmt":"2017-12-18T19:30:37","guid":{"rendered":"https:\/\/intbrisas.com\/?page_id=1443\/"},"modified":"2023-11-13T10:05:35","modified_gmt":"2023-11-13T16:05:35","slug":"destinos","status":"publish","type":"page","link":"https:\/\/intbrisas.com\/es\/destinos\/","title":{"rendered":"Destinos"},"content":{"rendered":"<p style=\"text-align: center;\"><a class=\"track-hotel-link-destinations\" href=\"https:\/\/www.nizuc.com\/es\/\" target=\"_blank\" rel=\"noopener noreferrer\" data-track-hotel-id=\"nizuc\" data-track-group-id=\"\" data-track-hotel=\"NIZUC\"><img loading=\"lazy\" decoding=\"async\" class=\"alignnone wp-image-1444\" src=\"https:\/\/intbrisas.com\/wp-content\/uploads\/2017\/10\/Nizuc-Negro-scaled.jpg\" alt=\"Nizuc Logo\" width=\"200\" height=\"200\" srcset=\"https:\/\/intbrisas.com\/wp-content\/uploads\/2017\/10\/Nizuc-Negro-scaled.jpg 2048w, https:\/\/intbrisas.com\/wp-content\/uploads\/2017\/10\/Nizuc-Negro-500x500.jpg 500w, https:\/\/intbrisas.com\/wp-content\/uploads\/2017\/10\/Nizuc-Negro-310x310.jpg 310w, https:\/\/intbrisas.com\/wp-content\/uploads\/2017\/10\/Nizuc-Negro-150x150.jpg 150w, https:\/\/intbrisas.com\/wp-content\/uploads\/2017\/10\/Nizuc-Negro-768x768.jpg 768w, https:\/\/intbrisas.com\/wp-content\/uploads\/2017\/10\/Nizuc-Negro-1200x1200.jpg 1200w, https:\/\/intbrisas.com\/wp-content\/uploads\/2017\/10\/Nizuc-Negro-1536x1536.jpg 1536w, https:\/\/intbrisas.com\/wp-content\/uploads\/2017\/10\/Nizuc-Negro-1980x1980.jpg 1980w\" sizes=\"auto, (max-width: 200px) 100vw, 200px\" \/><\/a><br \/>\n<strong><a class=\"track-hotel-link-destinations\" href=\"https:\/\/www.nizuc.com\/es\/\" target=\"_blank\" rel=\"noopener noreferrer\" data-track-hotel-id=\"nizuc\" data-track-group-id=\"\">NIZUC<\/a><\/strong><\/p>\n<p style=\"text-align: center;\">Este lujoso resort es un escape de clase mundial que permite al hu\u00e9sped gozar de exclusividad, arquitectura moderna en combinaci\u00f3n con el entorno de Punta Nizuc en Canc\u00fan, Q. Roo.<\/p>\n<p>&nbsp;<\/p>\n<hr \/>\n<p>&nbsp;<\/p>\n<p style=\"text-align: center;\"><a class=\"track-hotel-link-destinations\" href=\"https:\/\/www.intlasbrisashotels.com\/es\/\" target=\"_blank\" rel=\"noopener noreferrer\" data-track-hotel-id=\"las-brisas\" data-track-group-id=\"\" data-track-hotel=\"Las Brisas Hotels\"><img loading=\"lazy\" decoding=\"async\" class=\"aligncenter wp-image-1445\" src=\"https:\/\/intbrisas.com\/wp-content\/uploads\/2017\/10\/Las_Brisas_Color_CMYK-ver.jpg\" alt=\"Las Brisas logo\" width=\"200\" height=\"135\" srcset=\"https:\/\/intbrisas.com\/wp-content\/uploads\/2017\/10\/Las_Brisas_Color_CMYK-ver.jpg 998w, https:\/\/intbrisas.com\/wp-content\/uploads\/2017\/10\/Las_Brisas_Color_CMYK-ver-740x500.jpg 740w, https:\/\/intbrisas.com\/wp-content\/uploads\/2017\/10\/Las_Brisas_Color_CMYK-ver-459x310.jpg 459w, https:\/\/intbrisas.com\/wp-content\/uploads\/2017\/10\/Las_Brisas_Color_CMYK-ver-768x519.jpg 768w\" sizes=\"auto, (max-width: 200px) 100vw, 200px\" \/><\/a><\/p>\n<p style=\"text-align: center;\"><strong><a class=\"track-hotel-link-destinations\" href=\"https:\/\/www.intlasbrisashotels.com\/es\/\" target=\"_blank\" rel=\"noopener noreferrer\" data-track-hotel-id=\"las-brisas\" data-track-group-id=\"\">HOTELES LAS BRISAS<\/a><\/strong><\/p>\n<p style=\"text-align: center;\">La marca insignia de Grupo Brisas expresa la cultura mexicana en cada una de sus elegantes propiedades creando experiencias con sabor local. Sus ubicaciones, tanto en playa como en ciudad, son ideales para viajes de placer o de negocios. La tradici\u00f3n y servicio emblem\u00e1tico de la marca garantizan la experiencia de viajar con estilo.<\/p>\n<p style=\"text-align: center;\"><a class=\"track-hotel-link-destinations\" href=\"https:\/\/www.intlasbrisashotels.com\/es\/acapulco\/\" target=\"_blank\" rel=\"noopener noreferrer\" data-track-hotel-id=\"acapulco\" data-track-group-id=\"las-brisas\">Las Brisas Acapulco<\/a><br \/>\n<a class=\"track-hotel-link-destinations\" href=\"https:\/\/www.intlasbrisashotels.com\/es\/ixtapa\/\" target=\"_blank\" rel=\"noopener noreferrer\" data-track-hotel-id=\"ixtapa\" data-track-group-id=\"las-brisas\">Las Brisas Ixtapa<\/a><br \/>\n<a class=\"track-hotel-link-destinations\" href=\"https:\/\/www.intlasbrisashotels.com\/es\/huatulco\/\" target=\"_blank\" rel=\"noopener noreferrer\" data-track-hotel-id=\"huatulco\" data-track-group-id=\"las-brisas\">Las Brisas Huatulco<\/a><br \/>\n<a class=\"track-hotel-link-destinations\" href=\"https:\/\/www.intlasbrisashotels.com\/es\/manzanillo\/\" target=\"_blank\" rel=\"noopener noreferrer\" data-track-hotel-id=\"manzanillo\" data-track-group-id=\"las-brisas\">Las Hadas by Brisas<\/a><br \/>\n<a class=\"track-hotel-link-destinations\" href=\"https:\/\/www.intlasbrisashotels.com\/es\/queretaro\/\" target=\"_blank\" rel=\"noopener noreferrer\" data-track-hotel-id=\"queretaro\" data-track-group-id=\"las-brisas\">Hacienda J\u00farica by Brisas<\/a><\/p>\n<p>&nbsp;<\/p>\n<hr \/>\n<p>&nbsp;<\/p>\n<p style=\"text-align: center;\"><a class=\"track-hotel-link-destinations\" href=\"https:\/\/www.intgaleriaplazahotels.com\/es\/\" target=\"_blank\" rel=\"noopener noreferrer\" data-track-hotel-id=\"galeria-plaza\" data-track-group-id=\"\" data-track-hotel=\"Galeria Plaza Hotels\"><img loading=\"lazy\" decoding=\"async\" class=\"aligncenter wp-image-1446\" src=\"https:\/\/intbrisas.com\/wp-content\/uploads\/2017\/10\/Galeria_Plaza_STK_BLK.jpg\" alt=\"Galeria Plaza logo\" width=\"200\" height=\"100\" srcset=\"https:\/\/intbrisas.com\/wp-content\/uploads\/2017\/10\/Galeria_Plaza_STK_BLK.jpg 1500w, https:\/\/intbrisas.com\/wp-content\/uploads\/2017\/10\/Galeria_Plaza_STK_BLK-997x500.jpg 997w, https:\/\/intbrisas.com\/wp-content\/uploads\/2017\/10\/Galeria_Plaza_STK_BLK-550x276.jpg 550w, https:\/\/intbrisas.com\/wp-content\/uploads\/2017\/10\/Galeria_Plaza_STK_BLK-768x385.jpg 768w, https:\/\/intbrisas.com\/wp-content\/uploads\/2017\/10\/Galeria_Plaza_STK_BLK-1200x602.jpg 1200w\" sizes=\"auto, (max-width: 200px) 100vw, 200px\" \/><\/a><\/p>\n<p style=\"text-align: center;\"><strong><a class=\"track-hotel-link-destinations\" href=\"https:\/\/www.intgaleriaplazahotels.com\/es\/\" target=\"_blank\" rel=\"noopener noreferrer\" data-track-hotel-id=\"galeria-plaza\" data-track-group-id=\"\">HOTELES GALER\u00cdA PLAZA<\/a><\/strong><\/p>\n<p style=\"text-align: center;\">La marca business de Grupo Brisas, Galeria Plaza personifica al viajero de negocios contempor\u00e1neo, eficiente y sin complicaciones, sus servicios se enfocan en la conectividad y tecnolog\u00eda, superando las expectativas de este demandante mercado.<\/p>\n<p style=\"text-align: center;\"><a class=\"track-hotel-link-destinations\" href=\"https:\/\/www.intgaleriaplazahotels.com\/es\/reforma\/\" target=\"_blank\" rel=\"noopener noreferrer\" data-track-hotel-id=\"reforma\" data-track-group-id=\"galeria-plaza\">Galer\u00eda Plaza Reforma (CDMX)<\/a><br \/>\n<a class=\"track-hotel-link-destinations\" href=\"https:\/\/www.intgaleriaplazahotels.com\/es\/insurgentes\/\" target=\"_blank\" rel=\"noopener noreferrer\" data-track-hotel-id=\"insurgentes\" data-track-group-id=\"galeria-plaza\">Galer\u00eda Plaza Insurgentes (CDMX)<\/a><br \/>\n<a class=\"track-hotel-link-destinations\" href=\"https:\/\/www.intgaleriaplazahotels.com\/es\/san-jeronimo\/\" target=\"_blank\" rel=\"noopener noreferrer\" data-track-hotel-id=\"san-jeronimo\" data-track-group-id=\"galeria-plaza\">Galer\u00eda Plaza San Jer\u00f3nimo (CDMX)<\/a><br \/>\n<a class=\"track-hotel-link-destinations\" href=\"https:\/\/www.intgaleriaplazahotels.com\/es\/irapuato\" target=\"_blank\" rel=\"noopener noreferrer\" data-track-hotel-id=\"irapuato\" data-track-group-id=\"galeria-plaza\">Galer\u00eda Plaza Irapuato<\/a><br \/>\n<a class=\"track-hotel-link-destinations\" href=\"https:\/\/www.intgaleriaplazahotels.com\/es\/monterrey\" target=\"_blank\" rel=\"noopener noreferrer\" data-track-hotel-id=\"monterrey\" data-track-group-id=\"galeria-plaza\">Galer\u00eda Plaza Monterrey<\/a><br \/>\n<a class=\"track-hotel-link-destinations\" href=\"https:\/\/www.intgaleriaplazahotels.com\/es\/leon\" target=\"_blank\" rel=\"noopener noreferrer\" data-track-hotel-id=\"leon\" data-track-group-id=\"galeria-plaza\">Galer\u00eda Plaza Leon<\/a><br \/>\n<a class=\"track-hotel-link-destinations\" href=\"https:\/\/www.intgaleriaplazahotels.com\/es\/veracruz\/\" target=\"_blank\" rel=\"noopener noreferrer\" data-track-hotel-id=\"veracruz\" data-track-group-id=\"galeria-plaza\">Galer\u00eda Plaza Veracruz<\/a><\/p>\n<p>&nbsp;<\/p>\n","protected":false},"excerpt":{"rendered":"<p>NIZUC Este lujoso resort es un escape de clase mundial que permite al hu\u00e9sped gozar de exclusividad, arquitectura moderna en combinaci\u00f3n con el entorno de Punta Nizuc en Canc\u00fan, Q. Roo. &nbsp; &nbsp; HOTELES LAS BRISAS La marca insignia de Grupo Brisas expresa la cultura mexicana en cada una de sus elegantes propiedades creando experiencias [&hellip;]<\/p>\n","protected":false},"author":4,"featured_media":0,"parent":0,"menu_order":0,"comment_status":"closed","ping_status":"closed","template":"","meta":{"_acf_changed":false,"footnotes":""},"class_list":["post-1443","page","type-page","status-publish","hentry"],"acf":{"main_content":"<p style=\"text-align: center;\"><img loading=\"lazy\" decoding=\"async\" class=\"\" src=\"https:\/\/intbrisas.com\/wp-content\/uploads\/2017\/10\/Nizuc-Negro-scaled.jpg\" alt=\"Nizuc Logo\" width=\"229\" height=\"229\" \/><br \/>\n<strong><a href=\"https:\/\/www.nizuc.com\/es\/\" target=\"_blank\" rel=\"noopener\">NIZUC<\/a><\/strong><\/p>\n<p style=\"text-align: center;\">Este lujoso resort es un escape de clase mundial que permite al hu\u00e9sped gozar de exclusividad, arquitectura moderna en combinaci\u00f3n con el entorno de Punta Nizuc en Canc\u00fan, Q. Roo.<\/p>\n<p>&nbsp;<\/p>\n<hr style=\"height: 1px; border: none; color: #b3b3b3; background-color: #b3b3b3;\" \/>\n<p style=\"text-align: center;\"><img loading=\"lazy\" decoding=\"async\" class=\"aligncenter wp-image-1445\" src=\"https:\/\/intbrisas.com\/wp-content\/uploads\/2017\/10\/Las_Brisas_Color_CMYK-ver.jpg\" alt=\"Las Brisas logo\" width=\"236\" height=\"160\" srcset=\"https:\/\/intbrisas.com\/wp-content\/uploads\/2017\/10\/Las_Brisas_Color_CMYK-ver.jpg 998w, https:\/\/intbrisas.com\/wp-content\/uploads\/2017\/10\/Las_Brisas_Color_CMYK-ver-740x500.jpg 740w, https:\/\/intbrisas.com\/wp-content\/uploads\/2017\/10\/Las_Brisas_Color_CMYK-ver-459x310.jpg 459w, https:\/\/intbrisas.com\/wp-content\/uploads\/2017\/10\/Las_Brisas_Color_CMYK-ver-768x519.jpg 768w\" sizes=\"auto, (max-width: 236px) 100vw, 236px\" \/><\/p>\n<p style=\"text-align: center;\"><strong><a href=\"https:\/\/www.intlasbrisashotels.com\/es\/\" target=\"_blank\" rel=\"noopener\">HOTELES LAS BRISAS<\/a><\/strong><\/p>\n<p style=\"text-align: center;\">La marca insignia de Grupo Brisas expresa la cultura mexicana en cada una de sus elegantes propiedades creando experiencias con sabor local. Sus ubicaciones, tanto en playa como en ciudad, son ideales para viajes de placer o de negocios. La tradici\u00f3n y servicio emblem\u00e1tico de la marca garantizan la experiencia de viajar con estilo.<\/p>\n<p style=\"text-align: center;\"><a href=\"https:\/\/www.intlasbrisashotels.com\/es\/acapulco\/\" target=\"_blank\" rel=\"noopener\">Las Brisas Acapulco<\/a><br \/>\n<a href=\"https:\/\/www.intlasbrisashotels.com\/es\/ixtapa\/\" target=\"_blank\" rel=\"noopener\">Las Brisas Ixtapa<\/a><br \/>\n<a href=\"https:\/\/www.intlasbrisashotels.com\/es\/huatulco\/\" target=\"_blank\" rel=\"noopener\">Las Brisas Huatulco<\/a><br \/>\n<a href=\"https:\/\/www.intlasbrisashotels.com\/es\/manzanillo\/\" target=\"_blank\" rel=\"noopener\">Las Hadas by Brisas<\/a><br \/>\n<a href=\"https:\/\/www.intlasbrisashotels.com\/es\/queretaro\/\" target=\"_blank\" rel=\"noopener\">Hacienda J\u00farica by Brisas<\/a><\/p>\n<p>&nbsp;<\/p>\n<hr style=\"height: 1px; border: none; color: #b3b3b3; background-color: #b3b3b3;\" \/>\n<p style=\"text-align: center;\"><img loading=\"lazy\" decoding=\"async\" class=\"aligncenter wp-image-1446\" src=\"https:\/\/intbrisas.com\/wp-content\/uploads\/2017\/10\/Galeria_Plaza_STK_BLK.jpg\" alt=\"Galeria Plaza logo\" width=\"280\" height=\"137\" \/><\/p>\n<p style=\"text-align: center;\"><strong><a href=\"https:\/\/www.intgaleriaplazahotels.com\/es\/\" target=\"_blank\" rel=\"noopener\">HOTELES GALER\u00cdA PLAZA<\/a><\/strong><\/p>\n<p style=\"text-align: center;\">La marca business de Grupo Brisas, Galeria Plaza personifica al viajero de negocios contempor\u00e1neo, eficiente y sin complicaciones, sus servicios se enfocan en la conectividad y tecnolog\u00eda, superando las expectativas de este demandante mercado.<\/p>\n<p style=\"text-align: center;\"><a href=\"https:\/\/www.intgaleriaplazahotels.com\/es\/reforma\/\" target=\"_blank\" rel=\"noopener\">Galer\u00eda Plaza Reforma (CDMX)<\/a><br \/>\n<a href=\"https:\/\/www.intgaleriaplazahotels.com\/es\/insurgentes\/\" target=\"_blank\" rel=\"noopener\">Galer\u00eda Plaza Insurgentes (CDMX)<\/a><br \/>\n<a href=\"https:\/\/www.intgaleriaplazahotels.com\/es\/san-jeronimo\/\" target=\"_blank\" rel=\"noopener\">Galer\u00eda Plaza San Jer\u00f3nimo (CDMX)<\/a><br \/>\n<a href=\"https:\/\/www.intgaleriaplazahotels.com\/es\/irapuato\" target=\"_blank\" rel=\"noopener\">Galer\u00eda Plaza Irapuato<\/a><br \/>\n<a href=\"https:\/\/www.intgaleriaplazahotels.com\/es\/monterrey\" target=\"_blank\" rel=\"noopener\">Galer\u00eda Plaza Monterrey<\/a><br \/>\n<a href=\"https:\/\/www.intgaleriaplazahotels.com\/es\/leon\" target=\"_blank\" rel=\"noopener\">Galer\u00eda Plaza Le\u00f3n<\/a><br \/>\n<a href=\"https:\/\/www.intgaleriaplazahotels.com\/es\/veracruz\/\" target=\"_blank\" rel=\"noopener\">Galer\u00eda Plaza Veracruz<\/a><\/p>\n","button_link_text":"","button_link":"","page_header_text":"Destinos"},"yoast_head":"<!-- This site is optimized with the Yoast SEO plugin v22.8 - https:\/\/yoast.com\/wordpress\/plugins\/seo\/ -->\n<title>Grupo Brisas - Destinos | Disfruta De Un Viaje De Placer O De Negocios<\/title>\n<meta name=\"description\" content=\"Nuestros destinos cuentan con arquitectura \u00fanica y convierten vacaciones en aventura y viajes de negocios en placer, sin importar el hotel que elija.\" \/>\n<meta name=\"robots\" content=\"index, follow, max-snippet:-1, max-image-preview:large, max-video-preview:-1\" \/>\n<link rel=\"canonical\" href=\"https:\/\/intbrisas.com\/es\/destinos\/\" \/>\n<meta property=\"og:locale\" content=\"es_ES\" \/>\n<meta property=\"og:type\" content=\"article\" \/>\n<meta property=\"og:title\" content=\"Grupo Brisas - Destinos | Disfruta De Un Viaje De Placer O De Negocios\" \/>\n<meta property=\"og:description\" content=\"Nuestros destinos cuentan con arquitectura \u00fanica y convierten vacaciones en aventura y viajes de negocios en placer, sin importar el hotel que elija.\" \/>\n<meta property=\"og:url\" content=\"https:\/\/intbrisas.com\/es\/destinos\/\" \/>\n<meta property=\"og:site_name\" content=\"Brisas Group\" \/>\n<meta property=\"article:publisher\" content=\"https:\/\/www.facebook.com\/GpoBrisas\/\" \/>\n<meta property=\"article:modified_time\" content=\"2023-11-13T16:05:35+00:00\" \/>\n<meta property=\"og:image\" content=\"https:\/\/intbrisas.com\/wp-content\/uploads\/2017\/10\/Nizuc-Negro-scaled.jpg\" \/>\n<meta name=\"twitter:card\" content=\"summary_large_image\" \/>\n<meta name=\"twitter:site\" content=\"@GpoBrisas\" \/>\n<meta name=\"twitter:label1\" content=\"Est. reading time\" \/>\n\t<meta name=\"twitter:data1\" content=\"2 minutes\" \/>\n<script type=\"application\/ld+json\" class=\"yoast-schema-graph\">{\"@context\":\"https:\/\/schema.org\",\"@graph\":[{\"@type\":\"WebPage\",\"@id\":\"https:\/\/intbrisas.com\/es\/destinos\/\",\"url\":\"https:\/\/intbrisas.com\/es\/destinos\/\",\"name\":\"Grupo Brisas - Destinos | Disfruta De Un Viaje De Placer O De Negocios\",\"isPartOf\":{\"@id\":\"https:\/\/intbrisas.com\/es\/#website\"},\"primaryImageOfPage\":{\"@id\":\"https:\/\/intbrisas.com\/es\/destinos\/#primaryimage\"},\"image\":{\"@id\":\"https:\/\/intbrisas.com\/es\/destinos\/#primaryimage\"},\"thumbnailUrl\":\"https:\/\/intbrisas.com\/wp-content\/uploads\/2017\/10\/Nizuc-Negro-scaled.jpg\",\"datePublished\":\"2017-12-18T19:30:37+00:00\",\"dateModified\":\"2023-11-13T16:05:35+00:00\",\"description\":\"Nuestros destinos cuentan con arquitectura \u00fanica y convierten vacaciones en aventura y viajes de negocios en placer, sin importar el hotel que elija.\",\"breadcrumb\":{\"@id\":\"https:\/\/intbrisas.com\/es\/destinos\/#breadcrumb\"},\"inLanguage\":\"es-ES\",\"potentialAction\":[{\"@type\":\"ReadAction\",\"target\":[\"https:\/\/intbrisas.com\/es\/destinos\/\"]}]},{\"@type\":\"ImageObject\",\"inLanguage\":\"es-ES\",\"@id\":\"https:\/\/intbrisas.com\/es\/destinos\/#primaryimage\",\"url\":\"https:\/\/intbrisas.com\/wp-content\/uploads\/2017\/10\/Nizuc-Negro-scaled.jpg\",\"contentUrl\":\"https:\/\/intbrisas.com\/wp-content\/uploads\/2017\/10\/Nizuc-Negro-scaled.jpg\"},{\"@type\":\"BreadcrumbList\",\"@id\":\"https:\/\/intbrisas.com\/es\/destinos\/#breadcrumb\",\"itemListElement\":[{\"@type\":\"ListItem\",\"position\":1,\"name\":\"Home\",\"item\":\"https:\/\/intbrisas.com\/es\/homepage\/\"},{\"@type\":\"ListItem\",\"position\":2,\"name\":\"Destinos\"}]},{\"@type\":\"WebSite\",\"@id\":\"https:\/\/intbrisas.com\/es\/#website\",\"url\":\"https:\/\/intbrisas.com\/es\/\",\"name\":\"Brisas Group\",\"description\":\"\",\"publisher\":{\"@id\":\"https:\/\/intbrisas.com\/es\/#organization\"},\"potentialAction\":[{\"@type\":\"SearchAction\",\"target\":{\"@type\":\"EntryPoint\",\"urlTemplate\":\"https:\/\/intbrisas.com\/es\/?s={search_term_string}\"},\"query-input\":\"required name=search_term_string\"}],\"inLanguage\":\"es-ES\"},{\"@type\":\"Organization\",\"@id\":\"https:\/\/intbrisas.com\/es\/#organization\",\"name\":\"Grupo Brisas\",\"url\":\"https:\/\/intbrisas.com\/es\/\",\"logo\":{\"@type\":\"ImageObject\",\"inLanguage\":\"es-ES\",\"@id\":\"https:\/\/intbrisas.com\/es\/#\/schema\/logo\/image\/\",\"url\":\"https:\/\/intbrisas.com\/wp-content\/uploads\/2017\/02\/Grupo-Brisas-Logo.png\",\"contentUrl\":\"https:\/\/intbrisas.com\/wp-content\/uploads\/2017\/02\/Grupo-Brisas-Logo.png\",\"width\":201,\"height\":114,\"caption\":\"Grupo Brisas\"},\"image\":{\"@id\":\"https:\/\/intbrisas.com\/es\/#\/schema\/logo\/image\/\"},\"sameAs\":[\"https:\/\/www.facebook.com\/GpoBrisas\/\",\"https:\/\/x.com\/GpoBrisas\",\"https:\/\/www.instagram.com\/GpoBrisas\/\",\"https:\/\/www.linkedin.com\/company-beta\/536607\/\",\"https:\/\/www.pinterest.com\/grupobrisas\/\",\"https:\/\/www.youtube.com\/channel\/UCtn68Eny5sOimNOOQs7r7aA\"]}]}<\/script>\n<!-- \/ Yoast SEO plugin. -->","yoast_head_json":{"title":"Grupo Brisas - Destinos | Disfruta De Un Viaje De Placer O De Negocios","description":"Nuestros destinos cuentan con arquitectura \u00fanica y convierten vacaciones en aventura y viajes de negocios en placer, sin importar el hotel que elija.","robots":{"index":"index","follow":"follow","max-snippet":"max-snippet:-1","max-image-preview":"max-image-preview:large","max-video-preview":"max-video-preview:-1"},"canonical":"https:\/\/intbrisas.com\/es\/destinos\/","og_locale":"es_ES","og_type":"article","og_title":"Grupo Brisas - Destinos | Disfruta De Un Viaje De Placer O De Negocios","og_description":"Nuestros destinos cuentan con arquitectura \u00fanica y convierten vacaciones en aventura y viajes de negocios en placer, sin importar el hotel que elija.","og_url":"https:\/\/intbrisas.com\/es\/destinos\/","og_site_name":"Brisas Group","article_publisher":"https:\/\/www.facebook.com\/GpoBrisas\/","article_modified_time":"2023-11-13T16:05:35+00:00","og_image":[{"url":"https:\/\/intbrisas.com\/wp-content\/uploads\/2017\/10\/Nizuc-Negro-scaled.jpg"}],"twitter_card":"summary_large_image","twitter_site":"@GpoBrisas","twitter_misc":{"Est. reading time":"2 minutes"},"schema":{"@context":"https:\/\/schema.org","@graph":[{"@type":"WebPage","@id":"https:\/\/intbrisas.com\/es\/destinos\/","url":"https:\/\/intbrisas.com\/es\/destinos\/","name":"Grupo Brisas - Destinos | Disfruta De Un Viaje De Placer O De Negocios","isPartOf":{"@id":"https:\/\/intbrisas.com\/es\/#website"},"primaryImageOfPage":{"@id":"https:\/\/intbrisas.com\/es\/destinos\/#primaryimage"},"image":{"@id":"https:\/\/intbrisas.com\/es\/destinos\/#primaryimage"},"thumbnailUrl":"https:\/\/intbrisas.com\/wp-content\/uploads\/2017\/10\/Nizuc-Negro-scaled.jpg","datePublished":"2017-12-18T19:30:37+00:00","dateModified":"2023-11-13T16:05:35+00:00","description":"Nuestros destinos cuentan con arquitectura \u00fanica y convierten vacaciones en aventura y viajes de negocios en placer, sin importar el hotel que elija.","breadcrumb":{"@id":"https:\/\/intbrisas.com\/es\/destinos\/#breadcrumb"},"inLanguage":"es-ES","potentialAction":[{"@type":"ReadAction","target":["https:\/\/intbrisas.com\/es\/destinos\/"]}]},{"@type":"ImageObject","inLanguage":"es-ES","@id":"https:\/\/intbrisas.com\/es\/destinos\/#primaryimage","url":"https:\/\/intbrisas.com\/wp-content\/uploads\/2017\/10\/Nizuc-Negro-scaled.jpg","contentUrl":"https:\/\/intbrisas.com\/wp-content\/uploads\/2017\/10\/Nizuc-Negro-scaled.jpg"},{"@type":"BreadcrumbList","@id":"https:\/\/intbrisas.com\/es\/destinos\/#breadcrumb","itemListElement":[{"@type":"ListItem","position":1,"name":"Home","item":"https:\/\/intbrisas.com\/es\/homepage\/"},{"@type":"ListItem","position":2,"name":"Destinos"}]},{"@type":"WebSite","@id":"https:\/\/intbrisas.com\/es\/#website","url":"https:\/\/intbrisas.com\/es\/","name":"Brisas Group","description":"","publisher":{"@id":"https:\/\/intbrisas.com\/es\/#organization"},"potentialAction":[{"@type":"SearchAction","target":{"@type":"EntryPoint","urlTemplate":"https:\/\/intbrisas.com\/es\/?s={search_term_string}"},"query-input":"required name=search_term_string"}],"inLanguage":"es-ES"},{"@type":"Organization","@id":"https:\/\/intbrisas.com\/es\/#organization","name":"Grupo Brisas","url":"https:\/\/intbrisas.com\/es\/","logo":{"@type":"ImageObject","inLanguage":"es-ES","@id":"https:\/\/intbrisas.com\/es\/#\/schema\/logo\/image\/","url":"https:\/\/intbrisas.com\/wp-content\/uploads\/2017\/02\/Grupo-Brisas-Logo.png","contentUrl":"https:\/\/intbrisas.com\/wp-content\/uploads\/2017\/02\/Grupo-Brisas-Logo.png","width":201,"height":114,"caption":"Grupo Brisas"},"image":{"@id":"https:\/\/intbrisas.com\/es\/#\/schema\/logo\/image\/"},"sameAs":["https:\/\/www.facebook.com\/GpoBrisas\/","https:\/\/x.com\/GpoBrisas","https:\/\/www.instagram.com\/GpoBrisas\/","https:\/\/www.linkedin.com\/company-beta\/536607\/","https:\/\/www.pinterest.com\/grupobrisas\/","https:\/\/www.youtube.com\/channel\/UCtn68Eny5sOimNOOQs7r7aA"]}]}},"_links":{"self":[{"href":"https:\/\/intbrisas.com\/es\/wp-json\/wp\/v2\/pages\/1443","targetHints":{"allow":["GET"]}}],"collection":[{"href":"https:\/\/intbrisas.com\/es\/wp-json\/wp\/v2\/pages"}],"about":[{"href":"https:\/\/intbrisas.com\/es\/wp-json\/wp\/v2\/types\/page"}],"author":[{"embeddable":true,"href":"https:\/\/intbrisas.com\/es\/wp-json\/wp\/v2\/users\/4"}],"replies":[{"embeddable":true,"href":"https:\/\/intbrisas.com\/es\/wp-json\/wp\/v2\/comments?post=1443"}],"version-history":[{"count":0,"href":"https:\/\/intbrisas.com\/es\/wp-json\/wp\/v2\/pages\/1443\/revisions"}],"wp:attachment":[{"href":"https:\/\/intbrisas.com\/es\/wp-json\/wp\/v2\/media?parent=1443"}],"curies":[{"name":"wp","href":"https:\/\/api.w.org\/{rel}","templated":true}]}}