{"id":3836,"date":"2020-01-24T20:31:17","date_gmt":"2020-01-24T20:31:17","guid":{"rendered":"https:\/\/intbrisas.com\/homepage\/"},"modified":"2024-06-12T16:14:41","modified_gmt":"2024-06-12T22:14:41","slug":"homepage","status":"publish","type":"page","link":"https:\/\/intbrisas.com\/es\/","title":{"rendered":"Homepage"},"content":{"rendered":"","protected":false},"excerpt":{"rendered":"","protected":false},"author":4,"featured_media":0,"parent":0,"menu_order":0,"comment_status":"closed","ping_status":"closed","template":"templates\/template-homepage.php","meta":{"_acf_changed":false,"footnotes":""},"class_list":["post-3836","page","type-page","status-publish","hentry"],"acf":{"home_destination_hotels":[{"name":"Nizuc","image":3168,"logo":4097,"bg_body":3349,"description":"<p>Este lujoso resort es un escape de clase mundial que permite al hu\u00e9sped gozar de exclusividad, arquitectura moderna en combinaci\u00f3n con el entorno de Punta Nizuc en Canc\u00fan, Q. Roo.<\/p>\n","button_text":"Visite <strong>Nizuc<\/strong>","button_url":"https:\/\/www.nizuc.com\/es\/"},{"name":"Las Brisas","image":7418,"logo":4077,"bg_body":3224,"description":"<div class=\"yd-section mt-4 mb-3\">\n<div class=\"last-p default-links-container\">\n<p>La marca insignia de Grupo Brisas expresa la cultura mexicana en cada una de sus elegantes propiedades creando experiencias con sabor local. Sus ubicaciones, tanto en playa como en ciudad, son ideales para viajes de placer o de negocios. La tradici\u00f3n y servicio emblem\u00e1tico de la marca garantizan la experiencia de viajar con estilo.<\/p>\n<p><a class=\"track-hotel-link\" href=\"https:\/\/www.intlasbrisashotels.com\/es\/acapulco\/\" target=\"_blank\" rel=\"noopener\" data-track-hotel-id=\"acapulco\" data-track-group-id=\"las-brisas\">Las Brisas Acapulco<\/a><br \/>\n<a class=\"track-hotel-link\" href=\"https:\/\/www.intlasbrisashotels.com\/es\/ixtapa\/\" target=\"_blank\" rel=\"noopener\" data-track-hotel-id=\"ixtapa\" data-track-group-id=\"las-brisas\">Las Brisas Ixtapa<\/a><br \/>\n<a class=\"track-hotel-link\" href=\"https:\/\/www.intlasbrisashotels.com\/es\/huatulco\/\" target=\"_blank\" rel=\"noopener\" data-track-hotel-id=\"huatulco\" data-track-group-id=\"las-brisas\">Las Brisas Huatulco<\/a><br \/>\n<a class=\"track-hotel-link\" href=\"https:\/\/www.intlasbrisashotels.com\/es\/manzanillo\/\" target=\"_blank\" rel=\"noopener\" data-track-hotel-id=\"manzanillo\" data-track-group-id=\"las-brisas\">Las Hadas by Brisas<\/a><br \/>\n<a class=\"track-hotel-link\" href=\"https:\/\/www.intlasbrisashotels.com\/es\/queretaro\/\" target=\"_blank\" rel=\"noopener\" data-track-hotel-id=\"queretaro\" data-track-group-id=\"las-brisas\">Hacienda J\u00farica by Brisas<\/a><\/p>\n<\/div>\n<\/div>\n","button_text":"Visite Hoteles <strong>Las Brisas<\/strong>","button_url":"https:\/\/www.intlasbrisashotels.com\/es\/"},{"name":"Galer\u00eda Plaza","image":7413,"logo":4041,"bg_body":3347,"description":"<div class=\"yd-section mt-4 mb-3\">\n<div class=\"last-p default-links-container\">\n<p>La marca business de Grupo Brisas, Galeria Plaza personifica al viajero de negocios contempor\u00e1neo, eficiente y sin complicaciones, sus servicios se enfocan en la conectividad y tecnolog\u00eda, superando las expectativas de este demandante mercado.<\/p>\n<p><a class=\"track-hotel-link\" href=\"https:\/\/www.intgaleriaplazahotels.com\/es\/reforma\/\" target=\"_blank\" rel=\"noopener\" data-track-hotel-id=\"reforma\" data-track-group-id=\"galeria-plaza\">Galer\u00eda Plaza Reforma (CDMX)<\/a><br \/>\n<a class=\"track-hotel-link\" href=\"https:\/\/www.intgaleriaplazahotels.com\/es\/insurgentes\/\" target=\"_blank\" rel=\"noopener\" data-track-hotel-id=\"insurgentes\" data-track-group-id=\"galeria-plaza\">Galer\u00eda Plaza Insurgentes (CDMX)<\/a><br \/>\n<a class=\"track-hotel-link\" href=\"https:\/\/www.intgaleriaplazahotels.com\/es\/san-jeronimo\/\" target=\"_blank\" rel=\"noopener\" data-track-hotel-id=\"san-jeronimo\" data-track-group-id=\"galeria-plaza\">Galer\u00eda Plaza San Jer\u00f3nimo (CDMX)<\/a><br \/>\n<a class=\"track-hotel-link\" href=\"https:\/\/www.intgaleriaplazahotels.com\/es\/irapuato\" target=\"_blank\" rel=\"noopener\" data-track-hotel-id=\"irapuato\" data-track-group-id=\"galeria-plaza\">Galer\u00eda Plaza Irapuato<\/a><br \/>\n<a class=\"track-hotel-link\" href=\"https:\/\/www.intgaleriaplazahotels.com\/es\/monterrey\" target=\"_blank\" rel=\"noopener\" data-track-hotel-id=\"monterrey\" data-track-group-id=\"galeria-plaza\">Galer\u00eda Plaza Monterrey<\/a><br \/>\n<a class=\"track-hotel-link\" href=\"https:\/\/www.intgaleriaplazahotels.com\/es\/leon\" target=\"_blank\" rel=\"noopener\" data-track-hotel-id=\"leon\" data-track-group-id=\"galeria-plaza\">Galer\u00eda Plaza Le\u00f3n<\/a><br \/>\n<a class=\"track-hotel-link\" href=\"https:\/\/www.intgaleriaplazahotels.com\/es\/veracruz\/\" target=\"_blank\" rel=\"noopener\" data-track-hotel-id=\"veracruz\" data-track-group-id=\"galeria-plaza\">Galer\u00eda Plaza Veracruz<\/a><\/p>\n<\/div>\n<\/div>\n","button_text":"Visite Hoteles <strong>Galer\u00eda Plaza<\/strong>","button_url":"https:\/\/www.intgaleriaplazahotels.com\/es\/"}],"home_about_brisas_group":{"title":"Acerca de","logo":4039,"description":"<p>Grupo Brisas es una colecci\u00f3n de hoteles que genera experiencias \u00fanicas en su clase. Recibe su nombre del famoso Resort Las Brisas Acapulco, una joya de mediados de siglo que marc\u00f3 los est\u00e1ndares de lujo y excelencia de la hospitalidad mexicana; cada hotel de la colecci\u00f3n ofrece un ejemplar \u00fanico de aut\u00e9ntico esp\u00edritu mexicano.\u00a0Cuenta con 3 marcas insignia: NIZUC Resort &amp; Spa, Las Brisas y Galer\u00eda Plaza. Las tres divisiones logran conjuntar un amplio abanico de productos y servicios de lujo en los principales destinos de la Rep\u00fablica Mexicana, con un total de 2,889 habitaciones, ofreciendo los m\u00e1s altos est\u00e1ndares a nivel mundial.<\/p>\n"},"home_destinations":{"title":"Nuestros Destinos","description":"<p>Orgullosos de compartir nuestras propiedades con una arquitectura \u00fanica y ofrecer a nuestros hu\u00e9spedes un servicio que los hace sentir como en casa, logra estancias memorables que convierten vacaciones en aventura y viajes de negocios en placer, sin importar el destino que elija. \u00a1Conozca nuestros destinos!<\/p>\n"},"home_under_hotels_banner":{"title":"","description":""},"home_hotels":[{"name":"Nizuc","logo":4110,"bg_image":7421,"body_background_image":3227,"description":"<p>Disfruta de un resort de lujo junto al mar entre 12 hect\u00e1reas de reserva natural a poca distancia del aeropuerto de Canc\u00fan.<\/p>\n","button_text":"Visite <strong>Nizuc<\/strong>","button_url":"https:\/\/www.nizuc.com\/es\/"},{"name":"Las Brisas","logo":4112,"bg_image":7427,"body_background_image":3516,"description":"<p>Descubre destinos \u00fanicos y de primera localmente conectados. Actualmente operando en Acapulco, Huatulco, Ixtapa, Manzanillo y Quer\u00e9taro.<\/p>\n","button_text":"Visite <strong>Las Brisas<\/strong>","button_url":"https:\/\/www.intlasbrisashotels.com\/es\/"},{"name":"Galer\u00eda Plaza","logo":4114,"bg_image":7425,"body_background_image":3219,"description":"<p>Encuentra un oasis en el coraz\u00f3n de la ciudad donde los negocios son un placer. Actualmente operando en la Ciudad de M\u00e9xico (Paseo de la Reforma y San Jer\u00f3nimo), Monterrey, Veracruz y Guanajuato (Irapuato y Le\u00f3n).<\/p>\n","button_text":"Visite <strong>Galer\u00eda Plaza<\/strong>","button_url":"https:\/\/www.intgaleriaplazahotels.com\/es\/"}]},"yoast_head":"<!-- This site is optimized with the Yoast SEO plugin v22.8 - https:\/\/yoast.com\/wordpress\/plugins\/seo\/ -->\n<title>Grupo Brisas\u00ae | Hoteles &amp; Resorts en M\u00e9xico | Reserva ahora<\/title>\n<meta name=\"description\" content=\"Reserva ahora mismo al mejor precio garantizado \u00a1Disfruta de una experiencia \u00fanica en su clase! Las Brisas, Galer\u00eda Plaza y Nizuc.\" \/>\n<meta name=\"robots\" content=\"index, follow, max-snippet:-1, max-image-preview:large, max-video-preview:-1\" \/>\n<link rel=\"canonical\" href=\"https:\/\/intbrisas.com\/es\/\" \/>\n<meta property=\"og:locale\" content=\"es_ES\" \/>\n<meta property=\"og:type\" content=\"article\" \/>\n<meta property=\"og:title\" content=\"Grupo Brisas\u00ae | Hoteles &amp; Resorts en M\u00e9xico | Reserva ahora\" \/>\n<meta property=\"og:description\" content=\"Reserva ahora mismo al mejor precio garantizado \u00a1Disfruta de una experiencia \u00fanica en su clase! Las Brisas, Galer\u00eda Plaza y Nizuc.\" \/>\n<meta property=\"og:url\" content=\"https:\/\/intbrisas.com\/es\/\" \/>\n<meta property=\"og:site_name\" content=\"Brisas Group\" \/>\n<meta property=\"article:publisher\" content=\"https:\/\/www.facebook.com\/GpoBrisas\/\" \/>\n<meta property=\"article:modified_time\" content=\"2024-06-12T22:14:41+00:00\" \/>\n<meta name=\"twitter:card\" content=\"summary_large_image\" \/>\n<meta name=\"twitter:site\" content=\"@GpoBrisas\" \/>\n<script type=\"application\/ld+json\" class=\"yoast-schema-graph\">{\"@context\":\"https:\/\/schema.org\",\"@graph\":[{\"@type\":\"WebPage\",\"@id\":\"https:\/\/intbrisas.com\/es\/\",\"url\":\"https:\/\/intbrisas.com\/es\/\",\"name\":\"Grupo Brisas\u00ae | Hoteles & Resorts en M\u00e9xico | Reserva ahora\",\"isPartOf\":{\"@id\":\"https:\/\/intbrisas.com\/es\/#website\"},\"datePublished\":\"2020-01-24T20:31:17+00:00\",\"dateModified\":\"2024-06-12T22:14:41+00:00\",\"description\":\"Reserva ahora mismo al mejor precio garantizado \u00a1Disfruta de una experiencia \u00fanica en su clase! Las Brisas, Galer\u00eda Plaza y Nizuc.\",\"breadcrumb\":{\"@id\":\"https:\/\/intbrisas.com\/es\/#breadcrumb\"},\"inLanguage\":\"es-ES\",\"potentialAction\":[{\"@type\":\"ReadAction\",\"target\":[\"https:\/\/intbrisas.com\/es\/\"]}]},{\"@type\":\"BreadcrumbList\",\"@id\":\"https:\/\/intbrisas.com\/es\/#breadcrumb\",\"itemListElement\":[{\"@type\":\"ListItem\",\"position\":1,\"name\":\"Home\",\"item\":\"https:\/\/intbrisas.com\/es\/homepage\/\"},{\"@type\":\"ListItem\",\"position\":2,\"name\":\"Homepage\"}]},{\"@type\":\"WebSite\",\"@id\":\"https:\/\/intbrisas.com\/es\/#website\",\"url\":\"https:\/\/intbrisas.com\/es\/\",\"name\":\"Brisas Group\",\"description\":\"\",\"publisher\":{\"@id\":\"https:\/\/intbrisas.com\/es\/#organization\"},\"potentialAction\":[{\"@type\":\"SearchAction\",\"target\":{\"@type\":\"EntryPoint\",\"urlTemplate\":\"https:\/\/intbrisas.com\/es\/?s={search_term_string}\"},\"query-input\":\"required name=search_term_string\"}],\"inLanguage\":\"es-ES\"},{\"@type\":\"Organization\",\"@id\":\"https:\/\/intbrisas.com\/es\/#organization\",\"name\":\"Grupo Brisas\",\"url\":\"https:\/\/intbrisas.com\/es\/\",\"logo\":{\"@type\":\"ImageObject\",\"inLanguage\":\"es-ES\",\"@id\":\"https:\/\/intbrisas.com\/es\/#\/schema\/logo\/image\/\",\"url\":\"https:\/\/intbrisas.com\/wp-content\/uploads\/2017\/02\/Grupo-Brisas-Logo.png\",\"contentUrl\":\"https:\/\/intbrisas.com\/wp-content\/uploads\/2017\/02\/Grupo-Brisas-Logo.png\",\"width\":201,\"height\":114,\"caption\":\"Grupo Brisas\"},\"image\":{\"@id\":\"https:\/\/intbrisas.com\/es\/#\/schema\/logo\/image\/\"},\"sameAs\":[\"https:\/\/www.facebook.com\/GpoBrisas\/\",\"https:\/\/x.com\/GpoBrisas\",\"https:\/\/www.instagram.com\/GpoBrisas\/\",\"https:\/\/www.linkedin.com\/company-beta\/536607\/\",\"https:\/\/www.pinterest.com\/grupobrisas\/\",\"https:\/\/www.youtube.com\/channel\/UCtn68Eny5sOimNOOQs7r7aA\"]}]}<\/script>\n<!-- \/ Yoast SEO plugin. -->","yoast_head_json":{"title":"Grupo Brisas\u00ae | Hoteles & Resorts en M\u00e9xico | Reserva ahora","description":"Reserva ahora mismo al mejor precio garantizado \u00a1Disfruta de una experiencia \u00fanica en su clase! Las Brisas, Galer\u00eda Plaza y Nizuc.","robots":{"index":"index","follow":"follow","max-snippet":"max-snippet:-1","max-image-preview":"max-image-preview:large","max-video-preview":"max-video-preview:-1"},"canonical":"https:\/\/intbrisas.com\/es\/","og_locale":"es_ES","og_type":"article","og_title":"Grupo Brisas\u00ae | Hoteles & Resorts en M\u00e9xico | Reserva ahora","og_description":"Reserva ahora mismo al mejor precio garantizado \u00a1Disfruta de una experiencia \u00fanica en su clase! Las Brisas, Galer\u00eda Plaza y Nizuc.","og_url":"https:\/\/intbrisas.com\/es\/","og_site_name":"Brisas Group","article_publisher":"https:\/\/www.facebook.com\/GpoBrisas\/","article_modified_time":"2024-06-12T22:14:41+00:00","twitter_card":"summary_large_image","twitter_site":"@GpoBrisas","schema":{"@context":"https:\/\/schema.org","@graph":[{"@type":"WebPage","@id":"https:\/\/intbrisas.com\/es\/","url":"https:\/\/intbrisas.com\/es\/","name":"Grupo Brisas\u00ae | Hoteles & Resorts en M\u00e9xico | Reserva ahora","isPartOf":{"@id":"https:\/\/intbrisas.com\/es\/#website"},"datePublished":"2020-01-24T20:31:17+00:00","dateModified":"2024-06-12T22:14:41+00:00","description":"Reserva ahora mismo al mejor precio garantizado \u00a1Disfruta de una experiencia \u00fanica en su clase! Las Brisas, Galer\u00eda Plaza y Nizuc.","breadcrumb":{"@id":"https:\/\/intbrisas.com\/es\/#breadcrumb"},"inLanguage":"es-ES","potentialAction":[{"@type":"ReadAction","target":["https:\/\/intbrisas.com\/es\/"]}]},{"@type":"BreadcrumbList","@id":"https:\/\/intbrisas.com\/es\/#breadcrumb","itemListElement":[{"@type":"ListItem","position":1,"name":"Home","item":"https:\/\/intbrisas.com\/es\/homepage\/"},{"@type":"ListItem","position":2,"name":"Homepage"}]},{"@type":"WebSite","@id":"https:\/\/intbrisas.com\/es\/#website","url":"https:\/\/intbrisas.com\/es\/","name":"Brisas Group","description":"","publisher":{"@id":"https:\/\/intbrisas.com\/es\/#organization"},"potentialAction":[{"@type":"SearchAction","target":{"@type":"EntryPoint","urlTemplate":"https:\/\/intbrisas.com\/es\/?s={search_term_string}"},"query-input":"required name=search_term_string"}],"inLanguage":"es-ES"},{"@type":"Organization","@id":"https:\/\/intbrisas.com\/es\/#organization","name":"Grupo Brisas","url":"https:\/\/intbrisas.com\/es\/","logo":{"@type":"ImageObject","inLanguage":"es-ES","@id":"https:\/\/intbrisas.com\/es\/#\/schema\/logo\/image\/","url":"https:\/\/intbrisas.com\/wp-content\/uploads\/2017\/02\/Grupo-Brisas-Logo.png","contentUrl":"https:\/\/intbrisas.com\/wp-content\/uploads\/2017\/02\/Grupo-Brisas-Logo.png","width":201,"height":114,"caption":"Grupo Brisas"},"image":{"@id":"https:\/\/intbrisas.com\/es\/#\/schema\/logo\/image\/"},"sameAs":["https:\/\/www.facebook.com\/GpoBrisas\/","https:\/\/x.com\/GpoBrisas","https:\/\/www.instagram.com\/GpoBrisas\/","https:\/\/www.linkedin.com\/company-beta\/536607\/","https:\/\/www.pinterest.com\/grupobrisas\/","https:\/\/www.youtube.com\/channel\/UCtn68Eny5sOimNOOQs7r7aA"]}]}},"_links":{"self":[{"href":"https:\/\/intbrisas.com\/es\/wp-json\/wp\/v2\/pages\/3836","targetHints":{"allow":["GET"]}}],"collection":[{"href":"https:\/\/intbrisas.com\/es\/wp-json\/wp\/v2\/pages"}],"about":[{"href":"https:\/\/intbrisas.com\/es\/wp-json\/wp\/v2\/types\/page"}],"author":[{"embeddable":true,"href":"https:\/\/intbrisas.com\/es\/wp-json\/wp\/v2\/users\/4"}],"replies":[{"embeddable":true,"href":"https:\/\/intbrisas.com\/es\/wp-json\/wp\/v2\/comments?post=3836"}],"version-history":[{"count":0,"href":"https:\/\/intbrisas.com\/es\/wp-json\/wp\/v2\/pages\/3836\/revisions"}],"wp:attachment":[{"href":"https:\/\/intbrisas.com\/es\/wp-json\/wp\/v2\/media?parent=3836"}],"curies":[{"name":"wp","href":"https:\/\/api.w.org\/{rel}","templated":true}]}}