{"id":4201,"date":"2016-12-23T19:19:50","date_gmt":"2016-12-23T19:19:50","guid":{"rendered":"https:\/\/intbrisas.com\/brisas-foundation\/"},"modified":"2024-05-03T10:38:25","modified_gmt":"2024-05-03T16:38:25","slug":"fundacion-brisas","status":"publish","type":"page","link":"https:\/\/intbrisas.com\/es\/fundacion-brisas\/","title":{"rendered":"Fundaci\u00f3n Brisas"},"content":{"rendered":"<p><img loading=\"lazy\" decoding=\"async\" class=\"wp-image-2884 aligncenter\" src=\"https:\/\/intbrisas.com\/wp-content\/uploads\/2020\/01\/fundacion_brisas.png\" alt=\"\" width=\"166\" height=\"74\" srcset=\"https:\/\/intbrisas.com\/wp-content\/uploads\/2020\/01\/fundacion_brisas.png 600w, https:\/\/intbrisas.com\/wp-content\/uploads\/2020\/01\/fundacion_brisas-550x247.png 550w\" sizes=\"auto, (max-width: 166px) 100vw, 166px\" \/><\/p>\n<p>Para Grupo Brisas y la familia Cosio, la Fundaci\u00f3n es un compromiso real, uno que va tocando vidas y vamos por m\u00e1s. Este a\u00f1o logramos consolidar acciones que iniciamos en nuestro primer a\u00f1o de actividades y que nos dieron la pauta para encontrar el camino que queremos seguir con cada una de ellas. Nuestro compromiso social se ha fortalecido y la Fundaci\u00f3n nos est\u00e1 abriendo las puertas para vincularnos con otras asociaciones civiles con las que compartimos sue\u00f1os y planes que reflejen una mejor calidad de vida a aquellos que servimos a trav\u00e9s de nuestra misi\u00f3n.<\/p>\n<p>Gracias a todos los que con su trabajo, dinero, tiempo y apoyo moral nos han acompa\u00f1ado este a\u00f1o. Estoy seguro que cada vez m\u00e1s nuestra Fundaci\u00f3n tendr\u00e1 mejor desempe\u00f1o en las comunidades que apoya y seguiremos buscando mejorar la calidad de vida de todos aquellos que se benefician con nuestras acciones.<\/p>\n<p>\u00a1Gracias!<\/p>\n<p><strong>Antonio Cos\u00edo<br \/>\nPresidente Honorario<br \/>\nFundaci\u00f3n Brisas<\/strong><\/p>\n<h4>Objetivos<\/h4>\n<ul>\n<li>Mejorar la calidad de vida de nuestra gente.<\/li>\n<li>Fomentar la educaci\u00f3n en valores y la integraci\u00f3n en la familia.<\/li>\n<li>Promover el bienestar familiar, la salud y el cuidado del medio ambiente.<\/li>\n<li>Ofrecer oportunidades de superaci\u00f3n.<\/li>\n<li>Hacer felices a nuestros colaboradores y sus familias.<\/li>\n<li>Ayuda en caso de siniestros o desastres naturales.<\/li>\n<\/ul>\n<h4>Filosof\u00eda y Valores<\/h4>\n<ul>\n<li>Promover la integraci\u00f3n de la Empresa con las familias de nuestros colaboradores = M\u00e1s orgullo y sentido de pertenencia.<\/li>\n<li>Impulsar la integraci\u00f3n de la Empresa con las familias de nuestros colaboradores basada en valores humanos.<\/li>\n<\/ul>\n<h4>Visi\u00f3n<\/h4>\n<ul>\n<li>Brindar amor y felicidad a nuestras familias Brisas a trav\u00e9s de acciones que fortalezcan los valores humanos y una cultura de integraci\u00f3n.<\/li>\n<\/ul>\n<h4>Misi\u00f3n<\/h4>\n<ul>\n<li>Trabajar con pasi\u00f3n y amor por nuestras familias Brisas para compartir con ellos recursos que les den bienestar y eleven su dignidad humana , contribuyendo as\u00ed a su felicidad.<\/li>\n<\/ul>\n<h4>Valores<\/h4>\n<ul>\n<li>Responsabilidad y pasi\u00f3n en el trabajo.<\/li>\n<li>Amor por aquellos a quienes sirvo.<\/li>\n<li>Compartir.<\/li>\n<li>Respeto a la dignidad de la persona.<\/li>\n<li>Integraci\u00f3n.<\/li>\n<\/ul>\n<p style=\"text-align: center;\"><strong>Informe anual de actividades Fundaci\u00f3n Brisas, A.C.:<\/strong><br \/>\n<a href=\"https:\/\/www.calameo.com\/read\/0015505155c059001b849\" target=\"_blank\" rel=\"noreferrer noopener\" aria-label=\" (opens in a new tab)\">2013-2014<\/a> \u2013 <a href=\"http:\/\/es.calameo.com\/read\/00155051526514ded60a7\" target=\"_blank\" rel=\"noreferrer noopener\" aria-label=\"2015 (opens in a new tab)\">2015<\/a> \u2013 <a href=\"http:\/\/es.calameo.com\/read\/001550515e16cc324f0c8\" target=\"_blank\" rel=\"noreferrer noopener\" aria-label=\"2016 (opens in a new tab)\">2016<\/a> \u2013 <a href=\"https:\/\/www.calameo.com\/read\/0015505152f23adaec7af\" target=\"_blank\" rel=\"noreferrer noopener\" aria-label=\"2017 (opens in a new tab)\">2017<\/a> \u2013 <a href=\"https:\/\/www.calameo.com\/read\/0015505155c059001b849\" target=\"_blank\" rel=\"noreferrer noopener\" aria-label=\"2018 (opens in a new tab)\">2018<\/a> -\u00a0<a href=\"https:\/\/es.calameo.com\/read\/00155051535eb3fab79ef\">2019<\/a> - <a href=\"https:\/\/es.calameo.com\/read\/001550515a816420c30ee\">2020<\/a> - <a href=\"https:\/\/es.calameo.com\/read\/00155051597374f961518\">2021<\/a> - <a \nhref=\"https:\/\/www.calameo.com\/read\/0015505152409b3f54988\">2022<\/a> - <a \nhref=\"https:\/\/www.calameo.com\/read\/001550515b9dd471e4e62\">2023<\/a><\/p>\n","protected":false},"excerpt":{"rendered":"<p>Para Grupo Brisas y la familia Cosio, la Fundaci\u00f3n es un compromiso real, uno que va tocando vidas y vamos por m\u00e1s. Este a\u00f1o logramos consolidar acciones que iniciamos en nuestro primer a\u00f1o de actividades y que nos dieron la pauta para encontrar el camino que queremos seguir con cada una de ellas. Nuestro compromiso [&hellip;]<\/p>\n","protected":false},"author":4,"featured_media":0,"parent":0,"menu_order":0,"comment_status":"closed","ping_status":"closed","template":"templates\/template-cover.php","meta":{"_acf_changed":false,"footnotes":""},"class_list":["post-4201","page","type-page","status-publish","hentry"],"acf":{"button_link":"http:\/\/fundacion.brisashotelonline.com\/reporte\/","page_header_text":"Brisas Foundation","main_content":"","button_link_text":"Acciones","open_positions":false},"yoast_head":"<!-- This site is optimized with the Yoast SEO plugin v22.8 - https:\/\/yoast.com\/wordpress\/plugins\/seo\/ -->\n<title>Grupo Brisas - Fundaci\u00f3n Brisas | Nuestro compromiso social<\/title>\n<meta name=\"description\" content=\"Fundaci\u00f3n Brisas tendr\u00e1 mejor desempe\u00f1o y seguir\u00e1 buscando mejorar la calidad de vida de todos aquellos que se benefician con nuestras acciones.\" \/>\n<meta name=\"robots\" content=\"index, follow, max-snippet:-1, max-image-preview:large, max-video-preview:-1\" \/>\n<link rel=\"canonical\" href=\"https:\/\/intbrisas.com\/es\/fundacion-brisas\/\" \/>\n<meta property=\"og:locale\" content=\"es_ES\" \/>\n<meta property=\"og:type\" content=\"article\" \/>\n<meta property=\"og:title\" content=\"Grupo Brisas - Fundaci\u00f3n Brisas | Nuestro compromiso social\" \/>\n<meta property=\"og:description\" content=\"Fundaci\u00f3n Brisas tendr\u00e1 mejor desempe\u00f1o y seguir\u00e1 buscando mejorar la calidad de vida de todos aquellos que se benefician con nuestras acciones.\" \/>\n<meta property=\"og:url\" content=\"https:\/\/intbrisas.com\/es\/fundacion-brisas\/\" \/>\n<meta property=\"og:site_name\" content=\"Brisas Group\" \/>\n<meta property=\"article:publisher\" content=\"https:\/\/www.facebook.com\/GpoBrisas\/\" \/>\n<meta property=\"article:modified_time\" content=\"2024-05-03T16:38:25+00:00\" \/>\n<meta property=\"og:image\" content=\"https:\/\/intbrisas.com\/wp-content\/uploads\/2020\/01\/fundacion_brisas.png\" \/>\n<meta name=\"twitter:card\" content=\"summary_large_image\" \/>\n<meta name=\"twitter:site\" content=\"@GpoBrisas\" \/>\n<meta name=\"twitter:label1\" content=\"Est. reading time\" \/>\n\t<meta name=\"twitter:data1\" content=\"2 minutes\" \/>\n<script type=\"application\/ld+json\" class=\"yoast-schema-graph\">{\"@context\":\"https:\/\/schema.org\",\"@graph\":[{\"@type\":\"WebPage\",\"@id\":\"https:\/\/intbrisas.com\/es\/fundacion-brisas\/\",\"url\":\"https:\/\/intbrisas.com\/es\/fundacion-brisas\/\",\"name\":\"Grupo Brisas - Fundaci\u00f3n Brisas | Nuestro compromiso social\",\"isPartOf\":{\"@id\":\"https:\/\/intbrisas.com\/es\/#website\"},\"primaryImageOfPage\":{\"@id\":\"https:\/\/intbrisas.com\/es\/fundacion-brisas\/#primaryimage\"},\"image\":{\"@id\":\"https:\/\/intbrisas.com\/es\/fundacion-brisas\/#primaryimage\"},\"thumbnailUrl\":\"https:\/\/intbrisas.com\/wp-content\/uploads\/2020\/01\/fundacion_brisas.png\",\"datePublished\":\"2016-12-23T19:19:50+00:00\",\"dateModified\":\"2024-05-03T16:38:25+00:00\",\"description\":\"Fundaci\u00f3n Brisas tendr\u00e1 mejor desempe\u00f1o y seguir\u00e1 buscando mejorar la calidad de vida de todos aquellos que se benefician con nuestras acciones.\",\"breadcrumb\":{\"@id\":\"https:\/\/intbrisas.com\/es\/fundacion-brisas\/#breadcrumb\"},\"inLanguage\":\"es-ES\",\"potentialAction\":[{\"@type\":\"ReadAction\",\"target\":[\"https:\/\/intbrisas.com\/es\/fundacion-brisas\/\"]}]},{\"@type\":\"ImageObject\",\"inLanguage\":\"es-ES\",\"@id\":\"https:\/\/intbrisas.com\/es\/fundacion-brisas\/#primaryimage\",\"url\":\"https:\/\/intbrisas.com\/wp-content\/uploads\/2020\/01\/fundacion_brisas.png\",\"contentUrl\":\"https:\/\/intbrisas.com\/wp-content\/uploads\/2020\/01\/fundacion_brisas.png\"},{\"@type\":\"BreadcrumbList\",\"@id\":\"https:\/\/intbrisas.com\/es\/fundacion-brisas\/#breadcrumb\",\"itemListElement\":[{\"@type\":\"ListItem\",\"position\":1,\"name\":\"Home\",\"item\":\"https:\/\/intbrisas.com\/es\/homepage\/\"},{\"@type\":\"ListItem\",\"position\":2,\"name\":\"Fundaci\u00f3n Brisas\"}]},{\"@type\":\"WebSite\",\"@id\":\"https:\/\/intbrisas.com\/es\/#website\",\"url\":\"https:\/\/intbrisas.com\/es\/\",\"name\":\"Brisas Group\",\"description\":\"\",\"publisher\":{\"@id\":\"https:\/\/intbrisas.com\/es\/#organization\"},\"potentialAction\":[{\"@type\":\"SearchAction\",\"target\":{\"@type\":\"EntryPoint\",\"urlTemplate\":\"https:\/\/intbrisas.com\/es\/?s={search_term_string}\"},\"query-input\":\"required name=search_term_string\"}],\"inLanguage\":\"es-ES\"},{\"@type\":\"Organization\",\"@id\":\"https:\/\/intbrisas.com\/es\/#organization\",\"name\":\"Grupo Brisas\",\"url\":\"https:\/\/intbrisas.com\/es\/\",\"logo\":{\"@type\":\"ImageObject\",\"inLanguage\":\"es-ES\",\"@id\":\"https:\/\/intbrisas.com\/es\/#\/schema\/logo\/image\/\",\"url\":\"https:\/\/intbrisas.com\/wp-content\/uploads\/2017\/02\/Grupo-Brisas-Logo.png\",\"contentUrl\":\"https:\/\/intbrisas.com\/wp-content\/uploads\/2017\/02\/Grupo-Brisas-Logo.png\",\"width\":201,\"height\":114,\"caption\":\"Grupo Brisas\"},\"image\":{\"@id\":\"https:\/\/intbrisas.com\/es\/#\/schema\/logo\/image\/\"},\"sameAs\":[\"https:\/\/www.facebook.com\/GpoBrisas\/\",\"https:\/\/x.com\/GpoBrisas\",\"https:\/\/www.instagram.com\/GpoBrisas\/\",\"https:\/\/www.linkedin.com\/company-beta\/536607\/\",\"https:\/\/www.pinterest.com\/grupobrisas\/\",\"https:\/\/www.youtube.com\/channel\/UCtn68Eny5sOimNOOQs7r7aA\"]}]}<\/script>\n<!-- \/ Yoast SEO plugin. -->","yoast_head_json":{"title":"Grupo Brisas - Fundaci\u00f3n Brisas | Nuestro compromiso social","description":"Fundaci\u00f3n Brisas tendr\u00e1 mejor desempe\u00f1o y seguir\u00e1 buscando mejorar la calidad de vida de todos aquellos que se benefician con nuestras acciones.","robots":{"index":"index","follow":"follow","max-snippet":"max-snippet:-1","max-image-preview":"max-image-preview:large","max-video-preview":"max-video-preview:-1"},"canonical":"https:\/\/intbrisas.com\/es\/fundacion-brisas\/","og_locale":"es_ES","og_type":"article","og_title":"Grupo Brisas - Fundaci\u00f3n Brisas | Nuestro compromiso social","og_description":"Fundaci\u00f3n Brisas tendr\u00e1 mejor desempe\u00f1o y seguir\u00e1 buscando mejorar la calidad de vida de todos aquellos que se benefician con nuestras acciones.","og_url":"https:\/\/intbrisas.com\/es\/fundacion-brisas\/","og_site_name":"Brisas Group","article_publisher":"https:\/\/www.facebook.com\/GpoBrisas\/","article_modified_time":"2024-05-03T16:38:25+00:00","og_image":[{"url":"https:\/\/intbrisas.com\/wp-content\/uploads\/2020\/01\/fundacion_brisas.png"}],"twitter_card":"summary_large_image","twitter_site":"@GpoBrisas","twitter_misc":{"Est. reading time":"2 minutes"},"schema":{"@context":"https:\/\/schema.org","@graph":[{"@type":"WebPage","@id":"https:\/\/intbrisas.com\/es\/fundacion-brisas\/","url":"https:\/\/intbrisas.com\/es\/fundacion-brisas\/","name":"Grupo Brisas - Fundaci\u00f3n Brisas | Nuestro compromiso social","isPartOf":{"@id":"https:\/\/intbrisas.com\/es\/#website"},"primaryImageOfPage":{"@id":"https:\/\/intbrisas.com\/es\/fundacion-brisas\/#primaryimage"},"image":{"@id":"https:\/\/intbrisas.com\/es\/fundacion-brisas\/#primaryimage"},"thumbnailUrl":"https:\/\/intbrisas.com\/wp-content\/uploads\/2020\/01\/fundacion_brisas.png","datePublished":"2016-12-23T19:19:50+00:00","dateModified":"2024-05-03T16:38:25+00:00","description":"Fundaci\u00f3n Brisas tendr\u00e1 mejor desempe\u00f1o y seguir\u00e1 buscando mejorar la calidad de vida de todos aquellos que se benefician con nuestras acciones.","breadcrumb":{"@id":"https:\/\/intbrisas.com\/es\/fundacion-brisas\/#breadcrumb"},"inLanguage":"es-ES","potentialAction":[{"@type":"ReadAction","target":["https:\/\/intbrisas.com\/es\/fundacion-brisas\/"]}]},{"@type":"ImageObject","inLanguage":"es-ES","@id":"https:\/\/intbrisas.com\/es\/fundacion-brisas\/#primaryimage","url":"https:\/\/intbrisas.com\/wp-content\/uploads\/2020\/01\/fundacion_brisas.png","contentUrl":"https:\/\/intbrisas.com\/wp-content\/uploads\/2020\/01\/fundacion_brisas.png"},{"@type":"BreadcrumbList","@id":"https:\/\/intbrisas.com\/es\/fundacion-brisas\/#breadcrumb","itemListElement":[{"@type":"ListItem","position":1,"name":"Home","item":"https:\/\/intbrisas.com\/es\/homepage\/"},{"@type":"ListItem","position":2,"name":"Fundaci\u00f3n Brisas"}]},{"@type":"WebSite","@id":"https:\/\/intbrisas.com\/es\/#website","url":"https:\/\/intbrisas.com\/es\/","name":"Brisas Group","description":"","publisher":{"@id":"https:\/\/intbrisas.com\/es\/#organization"},"potentialAction":[{"@type":"SearchAction","target":{"@type":"EntryPoint","urlTemplate":"https:\/\/intbrisas.com\/es\/?s={search_term_string}"},"query-input":"required name=search_term_string"}],"inLanguage":"es-ES"},{"@type":"Organization","@id":"https:\/\/intbrisas.com\/es\/#organization","name":"Grupo Brisas","url":"https:\/\/intbrisas.com\/es\/","logo":{"@type":"ImageObject","inLanguage":"es-ES","@id":"https:\/\/intbrisas.com\/es\/#\/schema\/logo\/image\/","url":"https:\/\/intbrisas.com\/wp-content\/uploads\/2017\/02\/Grupo-Brisas-Logo.png","contentUrl":"https:\/\/intbrisas.com\/wp-content\/uploads\/2017\/02\/Grupo-Brisas-Logo.png","width":201,"height":114,"caption":"Grupo Brisas"},"image":{"@id":"https:\/\/intbrisas.com\/es\/#\/schema\/logo\/image\/"},"sameAs":["https:\/\/www.facebook.com\/GpoBrisas\/","https:\/\/x.com\/GpoBrisas","https:\/\/www.instagram.com\/GpoBrisas\/","https:\/\/www.linkedin.com\/company-beta\/536607\/","https:\/\/www.pinterest.com\/grupobrisas\/","https:\/\/www.youtube.com\/channel\/UCtn68Eny5sOimNOOQs7r7aA"]}]}},"_links":{"self":[{"href":"https:\/\/intbrisas.com\/es\/wp-json\/wp\/v2\/pages\/4201","targetHints":{"allow":["GET"]}}],"collection":[{"href":"https:\/\/intbrisas.com\/es\/wp-json\/wp\/v2\/pages"}],"about":[{"href":"https:\/\/intbrisas.com\/es\/wp-json\/wp\/v2\/types\/page"}],"author":[{"embeddable":true,"href":"https:\/\/intbrisas.com\/es\/wp-json\/wp\/v2\/users\/4"}],"replies":[{"embeddable":true,"href":"https:\/\/intbrisas.com\/es\/wp-json\/wp\/v2\/comments?post=4201"}],"version-history":[{"count":0,"href":"https:\/\/intbrisas.com\/es\/wp-json\/wp\/v2\/pages\/4201\/revisions"}],"wp:attachment":[{"href":"https:\/\/intbrisas.com\/es\/wp-json\/wp\/v2\/media?parent=4201"}],"curies":[{"name":"wp","href":"https:\/\/api.w.org\/{rel}","templated":true}]}}