{"id":4215,"date":"2020-03-16T20:24:06","date_gmt":"2020-03-16T20:24:06","guid":{"rendered":"https:\/\/intbrisas.com\/politica-de-cookies\/"},"modified":"2020-03-16T20:25:01","modified_gmt":"2020-03-16T20:25:01","slug":"politica-de-cookies","status":"publish","type":"page","link":"https:\/\/intbrisas.com\/es\/politica-de-cookies\/","title":{"rendered":"Pol\u00edtica de Cookies"},"content":{"rendered":"<p>Este aviso de Cookies forma parte de nuestro Aviso de Privacidad, Para obtener m\u00e1s informaci\u00f3n acerca de nosotros y de c\u00f3mo protegemos la informaci\u00f3n de visitantes\u00a0 a nuestro portal de Internet, por favor consulte el sitio <a href=\"https:\/\/intbrisas.com\/es\/aviso-de-privacidad\/\">https:\/\/intbrisas.com\/es\/aviso-de-privacidad\/<\/a>.<\/p>\n<p>Por medio del presente aviso se le informa que OHB podr\u00e1 colocar una \"Cookie\" en el disco duro de su ordenador a fin de reconocerlo como usuario recurrente y personalizar su experiencia de uso de nuestro portal de Internet. La \"Cookie\" se guardar\u00e1 en el disco duro de su ordenador hasta que usted la elimine.<\/p>\n<p>OHB, utiliza los servicios de an\u00e1lisis para ayudarnos a entender la eficacia de nuestro contenido y saber qu\u00e9 es lo que interesa a nuestros usuarios,\u00a0 con la finalidad de mejorar el funcionamiento de nuestro portal de Internet.<\/p>\n<h4><strong>\u00bfC\u00d3MO ADMINISTRAR LAS COOKIES?<\/strong><\/h4>\n<p>Al utilizar este sitio web, usted acepta que se coloquen cookies en su computadora o dispositivo, tal y como se hace referencia en los apartados anteriores. Sin embargo, usted puede controlar y administrar las cookies de distintas maneras. Considere que al eliminar o bloquear las cookies puede repercutir en el uso de del sitio, ya que no podr\u00e1 accesar completamente a \u00e9l.<\/p>\n<p>El usuario puede en cualquier momento revocar el consentimiento para el uso de cookies mediante su desactivaci\u00f3n o borrado, a trav\u00e9s de las opciones de privacidad\/seguridad de su navegador.<\/p>\n<p>Este Aviso puede estar sujeto a revisiones peri\u00f3dicas. Todo cambio realizado se indicar\u00e1 en este Sitio. Vuelva a revisar este Aviso de cookies con frecuencia para mantenerse informado acerca de nuestro uso de las cookies. Si tiene alguna duda, comun\u00edquese con nosotros al correo: <a href=\"mailto:privacidaddatos.ohb@brisas.com.mx\">privacidaddatos.ohb@brisas.com.mx<\/a>.<\/p>\n","protected":false},"excerpt":{"rendered":"<p>Este aviso de Cookies forma parte de nuestro Aviso de Privacidad, Para obtener m\u00e1s informaci\u00f3n acerca de nosotros y de c\u00f3mo protegemos la informaci\u00f3n de visitantes\u00a0 a nuestro portal de Internet, por favor consulte el sitio https:\/\/intbrisas.com\/es\/aviso-de-privacidad\/. Por medio del presente aviso se le informa que OHB podr\u00e1 colocar una \"Cookie\" en el disco duro [&hellip;]<\/p>\n","protected":false},"author":4,"featured_media":0,"parent":0,"menu_order":0,"comment_status":"closed","ping_status":"closed","template":"","meta":{"_acf_changed":false,"footnotes":""},"class_list":["post-4215","page","type-page","status-publish","hentry"],"acf":[],"yoast_head":"<!-- This site is optimized with the Yoast SEO plugin v22.8 - https:\/\/yoast.com\/wordpress\/plugins\/seo\/ -->\n<title>Grupo Brisas - Hoteles &amp; Resorts en M\u00e9xico | Aut\u00e9ntico esp\u00edritu mexicano<\/title>\n<meta name=\"robots\" content=\"index, follow, max-snippet:-1, max-image-preview:large, max-video-preview:-1\" \/>\n<link rel=\"canonical\" href=\"https:\/\/intbrisas.com\/es\/politica-de-cookies\/\" \/>\n<meta property=\"og:locale\" content=\"es_ES\" \/>\n<meta property=\"og:type\" content=\"article\" \/>\n<meta property=\"og:title\" content=\"Grupo Brisas - Hoteles &amp; Resorts en M\u00e9xico | Aut\u00e9ntico esp\u00edritu mexicano\" \/>\n<meta property=\"og:description\" content=\"Este aviso de Cookies forma parte de nuestro Aviso de Privacidad, Para obtener m\u00e1s informaci\u00f3n acerca de nosotros y de c\u00f3mo protegemos la informaci\u00f3n de visitantes\u00a0 a nuestro portal de Internet, por favor consulte el sitio https:\/\/intbrisas.com\/es\/aviso-de-privacidad\/. Por medio del presente aviso se le informa que OHB podr\u00e1 colocar una &quot;Cookie&quot; en el disco duro [&hellip;]\" \/>\n<meta property=\"og:url\" content=\"https:\/\/intbrisas.com\/es\/politica-de-cookies\/\" \/>\n<meta property=\"og:site_name\" content=\"Brisas Group\" \/>\n<meta property=\"article:publisher\" content=\"https:\/\/www.facebook.com\/GpoBrisas\/\" \/>\n<meta property=\"article:modified_time\" content=\"2020-03-16T20:25:01+00:00\" \/>\n<meta name=\"twitter:card\" content=\"summary_large_image\" \/>\n<meta name=\"twitter:site\" content=\"@GpoBrisas\" \/>\n<meta name=\"twitter:label1\" content=\"Est. reading time\" \/>\n\t<meta name=\"twitter:data1\" content=\"1 minute\" \/>\n<script type=\"application\/ld+json\" class=\"yoast-schema-graph\">{\"@context\":\"https:\/\/schema.org\",\"@graph\":[{\"@type\":\"WebPage\",\"@id\":\"https:\/\/intbrisas.com\/es\/politica-de-cookies\/\",\"url\":\"https:\/\/intbrisas.com\/es\/politica-de-cookies\/\",\"name\":\"Grupo Brisas - Hoteles & Resorts en M\u00e9xico | Aut\u00e9ntico esp\u00edritu mexicano\",\"isPartOf\":{\"@id\":\"https:\/\/intbrisas.com\/es\/#website\"},\"datePublished\":\"2020-03-16T20:24:06+00:00\",\"dateModified\":\"2020-03-16T20:25:01+00:00\",\"breadcrumb\":{\"@id\":\"https:\/\/intbrisas.com\/es\/politica-de-cookies\/#breadcrumb\"},\"inLanguage\":\"es-ES\",\"potentialAction\":[{\"@type\":\"ReadAction\",\"target\":[\"https:\/\/intbrisas.com\/es\/politica-de-cookies\/\"]}]},{\"@type\":\"BreadcrumbList\",\"@id\":\"https:\/\/intbrisas.com\/es\/politica-de-cookies\/#breadcrumb\",\"itemListElement\":[{\"@type\":\"ListItem\",\"position\":1,\"name\":\"Home\",\"item\":\"https:\/\/intbrisas.com\/es\/homepage\/\"},{\"@type\":\"ListItem\",\"position\":2,\"name\":\"Pol\u00edtica de Cookies\"}]},{\"@type\":\"WebSite\",\"@id\":\"https:\/\/intbrisas.com\/es\/#website\",\"url\":\"https:\/\/intbrisas.com\/es\/\",\"name\":\"Brisas Group\",\"description\":\"\",\"publisher\":{\"@id\":\"https:\/\/intbrisas.com\/es\/#organization\"},\"potentialAction\":[{\"@type\":\"SearchAction\",\"target\":{\"@type\":\"EntryPoint\",\"urlTemplate\":\"https:\/\/intbrisas.com\/es\/?s={search_term_string}\"},\"query-input\":\"required name=search_term_string\"}],\"inLanguage\":\"es-ES\"},{\"@type\":\"Organization\",\"@id\":\"https:\/\/intbrisas.com\/es\/#organization\",\"name\":\"Grupo Brisas\",\"url\":\"https:\/\/intbrisas.com\/es\/\",\"logo\":{\"@type\":\"ImageObject\",\"inLanguage\":\"es-ES\",\"@id\":\"https:\/\/intbrisas.com\/es\/#\/schema\/logo\/image\/\",\"url\":\"https:\/\/intbrisas.com\/wp-content\/uploads\/2017\/02\/Grupo-Brisas-Logo.png\",\"contentUrl\":\"https:\/\/intbrisas.com\/wp-content\/uploads\/2017\/02\/Grupo-Brisas-Logo.png\",\"width\":201,\"height\":114,\"caption\":\"Grupo Brisas\"},\"image\":{\"@id\":\"https:\/\/intbrisas.com\/es\/#\/schema\/logo\/image\/\"},\"sameAs\":[\"https:\/\/www.facebook.com\/GpoBrisas\/\",\"https:\/\/x.com\/GpoBrisas\",\"https:\/\/www.instagram.com\/GpoBrisas\/\",\"https:\/\/www.linkedin.com\/company-beta\/536607\/\",\"https:\/\/www.pinterest.com\/grupobrisas\/\",\"https:\/\/www.youtube.com\/channel\/UCtn68Eny5sOimNOOQs7r7aA\"]}]}<\/script>\n<!-- \/ Yoast SEO plugin. -->","yoast_head_json":{"title":"Grupo Brisas - Hoteles & Resorts en M\u00e9xico | Aut\u00e9ntico esp\u00edritu mexicano","robots":{"index":"index","follow":"follow","max-snippet":"max-snippet:-1","max-image-preview":"max-image-preview:large","max-video-preview":"max-video-preview:-1"},"canonical":"https:\/\/intbrisas.com\/es\/politica-de-cookies\/","og_locale":"es_ES","og_type":"article","og_title":"Grupo Brisas - Hoteles & Resorts en M\u00e9xico | Aut\u00e9ntico esp\u00edritu mexicano","og_description":"Este aviso de Cookies forma parte de nuestro Aviso de Privacidad, Para obtener m\u00e1s informaci\u00f3n acerca de nosotros y de c\u00f3mo protegemos la informaci\u00f3n de visitantes\u00a0 a nuestro portal de Internet, por favor consulte el sitio https:\/\/intbrisas.com\/es\/aviso-de-privacidad\/. Por medio del presente aviso se le informa que OHB podr\u00e1 colocar una \"Cookie\" en el disco duro [&hellip;]","og_url":"https:\/\/intbrisas.com\/es\/politica-de-cookies\/","og_site_name":"Brisas Group","article_publisher":"https:\/\/www.facebook.com\/GpoBrisas\/","article_modified_time":"2020-03-16T20:25:01+00:00","twitter_card":"summary_large_image","twitter_site":"@GpoBrisas","twitter_misc":{"Est. reading time":"1 minute"},"schema":{"@context":"https:\/\/schema.org","@graph":[{"@type":"WebPage","@id":"https:\/\/intbrisas.com\/es\/politica-de-cookies\/","url":"https:\/\/intbrisas.com\/es\/politica-de-cookies\/","name":"Grupo Brisas - Hoteles & Resorts en M\u00e9xico | Aut\u00e9ntico esp\u00edritu mexicano","isPartOf":{"@id":"https:\/\/intbrisas.com\/es\/#website"},"datePublished":"2020-03-16T20:24:06+00:00","dateModified":"2020-03-16T20:25:01+00:00","breadcrumb":{"@id":"https:\/\/intbrisas.com\/es\/politica-de-cookies\/#breadcrumb"},"inLanguage":"es-ES","potentialAction":[{"@type":"ReadAction","target":["https:\/\/intbrisas.com\/es\/politica-de-cookies\/"]}]},{"@type":"BreadcrumbList","@id":"https:\/\/intbrisas.com\/es\/politica-de-cookies\/#breadcrumb","itemListElement":[{"@type":"ListItem","position":1,"name":"Home","item":"https:\/\/intbrisas.com\/es\/homepage\/"},{"@type":"ListItem","position":2,"name":"Pol\u00edtica de Cookies"}]},{"@type":"WebSite","@id":"https:\/\/intbrisas.com\/es\/#website","url":"https:\/\/intbrisas.com\/es\/","name":"Brisas Group","description":"","publisher":{"@id":"https:\/\/intbrisas.com\/es\/#organization"},"potentialAction":[{"@type":"SearchAction","target":{"@type":"EntryPoint","urlTemplate":"https:\/\/intbrisas.com\/es\/?s={search_term_string}"},"query-input":"required name=search_term_string"}],"inLanguage":"es-ES"},{"@type":"Organization","@id":"https:\/\/intbrisas.com\/es\/#organization","name":"Grupo Brisas","url":"https:\/\/intbrisas.com\/es\/","logo":{"@type":"ImageObject","inLanguage":"es-ES","@id":"https:\/\/intbrisas.com\/es\/#\/schema\/logo\/image\/","url":"https:\/\/intbrisas.com\/wp-content\/uploads\/2017\/02\/Grupo-Brisas-Logo.png","contentUrl":"https:\/\/intbrisas.com\/wp-content\/uploads\/2017\/02\/Grupo-Brisas-Logo.png","width":201,"height":114,"caption":"Grupo Brisas"},"image":{"@id":"https:\/\/intbrisas.com\/es\/#\/schema\/logo\/image\/"},"sameAs":["https:\/\/www.facebook.com\/GpoBrisas\/","https:\/\/x.com\/GpoBrisas","https:\/\/www.instagram.com\/GpoBrisas\/","https:\/\/www.linkedin.com\/company-beta\/536607\/","https:\/\/www.pinterest.com\/grupobrisas\/","https:\/\/www.youtube.com\/channel\/UCtn68Eny5sOimNOOQs7r7aA"]}]}},"_links":{"self":[{"href":"https:\/\/intbrisas.com\/es\/wp-json\/wp\/v2\/pages\/4215","targetHints":{"allow":["GET"]}}],"collection":[{"href":"https:\/\/intbrisas.com\/es\/wp-json\/wp\/v2\/pages"}],"about":[{"href":"https:\/\/intbrisas.com\/es\/wp-json\/wp\/v2\/types\/page"}],"author":[{"embeddable":true,"href":"https:\/\/intbrisas.com\/es\/wp-json\/wp\/v2\/users\/4"}],"replies":[{"embeddable":true,"href":"https:\/\/intbrisas.com\/es\/wp-json\/wp\/v2\/comments?post=4215"}],"version-history":[{"count":0,"href":"https:\/\/intbrisas.com\/es\/wp-json\/wp\/v2\/pages\/4215\/revisions"}],"wp:attachment":[{"href":"https:\/\/intbrisas.com\/es\/wp-json\/wp\/v2\/media?parent=4215"}],"curies":[{"name":"wp","href":"https:\/\/api.w.org\/{rel}","templated":true}]}}