{"id":4603,"date":"2020-06-09T17:41:52","date_gmt":"2020-06-09T22:41:52","guid":{"rendered":"https:\/\/intbrisas.com\/?page_id=4603"},"modified":"2020-06-09T17:56:00","modified_gmt":"2020-06-09T22:56:00","slug":"protocolo-golf","status":"publish","type":"page","link":"https:\/\/intbrisas.com\/es\/protocolo-golf\/","title":{"rendered":"PROTOCOLO CAMPO DE GOLF  ||  GOLF COURSE PROTOCOL"},"content":{"rendered":"<p><img loading=\"lazy\" decoding=\"async\" class=\"alignnone  wp-image-4586 alignright\" src=\"https:\/\/intbrisas.com\/wp-content\/uploads\/2020\/06\/INFOGRAFIA_ESPA\u00d1OL_INGLES_GOLF-593x768.jpg\" alt=\"\" width=\"703\" height=\"910\" srcset=\"https:\/\/intbrisas.com\/wp-content\/uploads\/2020\/06\/INFOGRAFIA_ESPA\u00d1OL_INGLES_GOLF-593x768.jpg 593w, https:\/\/intbrisas.com\/wp-content\/uploads\/2020\/06\/INFOGRAFIA_ESPA\u00d1OL_INGLES_GOLF-386x500.jpg 386w, https:\/\/intbrisas.com\/wp-content\/uploads\/2020\/06\/INFOGRAFIA_ESPA\u00d1OL_INGLES_GOLF-240x310.jpg 240w, https:\/\/intbrisas.com\/wp-content\/uploads\/2020\/06\/INFOGRAFIA_ESPA\u00d1OL_INGLES_GOLF-768x994.jpg 768w, https:\/\/intbrisas.com\/wp-content\/uploads\/2020\/06\/INFOGRAFIA_ESPA\u00d1OL_INGLES_GOLF-927x1200.jpg 927w, https:\/\/intbrisas.com\/wp-content\/uploads\/2020\/06\/INFOGRAFIA_ESPA\u00d1OL_INGLES_GOLF-1187x1536.jpg 1187w, https:\/\/intbrisas.com\/wp-content\/uploads\/2020\/06\/INFOGRAFIA_ESPA\u00d1OL_INGLES_GOLF-scaled.jpg 1583w, https:\/\/intbrisas.com\/wp-content\/uploads\/2020\/06\/INFOGRAFIA_ESPA\u00d1OL_INGLES_GOLF-1200x1553.jpg 1200w, https:\/\/intbrisas.com\/wp-content\/uploads\/2020\/06\/INFOGRAFIA_ESPA\u00d1OL_INGLES_GOLF-1980x2562.jpg 1980w\" sizes=\"auto, (max-width: 703px) 100vw, 703px\" \/><\/p>\n","protected":false},"excerpt":{"rendered":"","protected":false},"author":5,"featured_media":0,"parent":0,"menu_order":0,"comment_status":"closed","ping_status":"closed","template":"","meta":{"_acf_changed":false,"footnotes":""},"class_list":["post-4603","page","type-page","status-publish","hentry"],"acf":[],"yoast_head":"<!-- This site is optimized with the Yoast SEO plugin v22.8 - https:\/\/yoast.com\/wordpress\/plugins\/seo\/ -->\n<title>Grupo Brisas - Hoteles &amp; Resorts en M\u00e9xico | Aut\u00e9ntico esp\u00edritu mexicano<\/title>\n<meta name=\"robots\" content=\"index, follow, max-snippet:-1, max-image-preview:large, max-video-preview:-1\" \/>\n<link rel=\"canonical\" href=\"https:\/\/intbrisas.com\/es\/protocolo-golf\/\" \/>\n<meta property=\"og:locale\" content=\"es_ES\" \/>\n<meta property=\"og:type\" content=\"article\" \/>\n<meta property=\"og:title\" content=\"Grupo Brisas - Hoteles &amp; Resorts en M\u00e9xico | Aut\u00e9ntico esp\u00edritu mexicano\" \/>\n<meta property=\"og:url\" content=\"https:\/\/intbrisas.com\/es\/protocolo-golf\/\" \/>\n<meta property=\"og:site_name\" content=\"Brisas Group\" \/>\n<meta property=\"article:publisher\" content=\"https:\/\/www.facebook.com\/GpoBrisas\/\" \/>\n<meta property=\"article:modified_time\" content=\"2020-06-09T22:56:00+00:00\" \/>\n<meta property=\"og:image\" content=\"https:\/\/intbrisas.com\/wp-content\/uploads\/2020\/06\/INFOGRAFIA_ESPA\u00d1OL_INGLES_GOLF-593x768.jpg\" \/>\n<meta name=\"twitter:card\" content=\"summary_large_image\" \/>\n<meta name=\"twitter:site\" content=\"@GpoBrisas\" \/>\n<script type=\"application\/ld+json\" class=\"yoast-schema-graph\">{\"@context\":\"https:\/\/schema.org\",\"@graph\":[{\"@type\":\"WebPage\",\"@id\":\"https:\/\/intbrisas.com\/es\/protocolo-golf\/\",\"url\":\"https:\/\/intbrisas.com\/es\/protocolo-golf\/\",\"name\":\"Grupo Brisas - Hoteles & Resorts en M\u00e9xico | Aut\u00e9ntico esp\u00edritu mexicano\",\"isPartOf\":{\"@id\":\"https:\/\/intbrisas.com\/es\/#website\"},\"datePublished\":\"2020-06-09T22:41:52+00:00\",\"dateModified\":\"2020-06-09T22:56:00+00:00\",\"breadcrumb\":{\"@id\":\"https:\/\/intbrisas.com\/es\/protocolo-golf\/#breadcrumb\"},\"inLanguage\":\"es-ES\",\"potentialAction\":[{\"@type\":\"ReadAction\",\"target\":[\"https:\/\/intbrisas.com\/es\/protocolo-golf\/\"]}]},{\"@type\":\"BreadcrumbList\",\"@id\":\"https:\/\/intbrisas.com\/es\/protocolo-golf\/#breadcrumb\",\"itemListElement\":[{\"@type\":\"ListItem\",\"position\":1,\"name\":\"Home\",\"item\":\"https:\/\/intbrisas.com\/es\/homepage\/\"},{\"@type\":\"ListItem\",\"position\":2,\"name\":\"PROTOCOLO CAMPO DE GOLF || GOLF COURSE PROTOCOL\"}]},{\"@type\":\"WebSite\",\"@id\":\"https:\/\/intbrisas.com\/es\/#website\",\"url\":\"https:\/\/intbrisas.com\/es\/\",\"name\":\"Brisas Group\",\"description\":\"\",\"publisher\":{\"@id\":\"https:\/\/intbrisas.com\/es\/#organization\"},\"potentialAction\":[{\"@type\":\"SearchAction\",\"target\":{\"@type\":\"EntryPoint\",\"urlTemplate\":\"https:\/\/intbrisas.com\/es\/?s={search_term_string}\"},\"query-input\":\"required name=search_term_string\"}],\"inLanguage\":\"es-ES\"},{\"@type\":\"Organization\",\"@id\":\"https:\/\/intbrisas.com\/es\/#organization\",\"name\":\"Grupo Brisas\",\"url\":\"https:\/\/intbrisas.com\/es\/\",\"logo\":{\"@type\":\"ImageObject\",\"inLanguage\":\"es-ES\",\"@id\":\"https:\/\/intbrisas.com\/es\/#\/schema\/logo\/image\/\",\"url\":\"https:\/\/intbrisas.com\/wp-content\/uploads\/2017\/02\/Grupo-Brisas-Logo.png\",\"contentUrl\":\"https:\/\/intbrisas.com\/wp-content\/uploads\/2017\/02\/Grupo-Brisas-Logo.png\",\"width\":201,\"height\":114,\"caption\":\"Grupo Brisas\"},\"image\":{\"@id\":\"https:\/\/intbrisas.com\/es\/#\/schema\/logo\/image\/\"},\"sameAs\":[\"https:\/\/www.facebook.com\/GpoBrisas\/\",\"https:\/\/x.com\/GpoBrisas\",\"https:\/\/www.instagram.com\/GpoBrisas\/\",\"https:\/\/www.linkedin.com\/company-beta\/536607\/\",\"https:\/\/www.pinterest.com\/grupobrisas\/\",\"https:\/\/www.youtube.com\/channel\/UCtn68Eny5sOimNOOQs7r7aA\"]}]}<\/script>\n<!-- \/ Yoast SEO plugin. -->","yoast_head_json":{"title":"Grupo Brisas - Hoteles & Resorts en M\u00e9xico | Aut\u00e9ntico esp\u00edritu mexicano","robots":{"index":"index","follow":"follow","max-snippet":"max-snippet:-1","max-image-preview":"max-image-preview:large","max-video-preview":"max-video-preview:-1"},"canonical":"https:\/\/intbrisas.com\/es\/protocolo-golf\/","og_locale":"es_ES","og_type":"article","og_title":"Grupo Brisas - Hoteles & Resorts en M\u00e9xico | Aut\u00e9ntico esp\u00edritu mexicano","og_url":"https:\/\/intbrisas.com\/es\/protocolo-golf\/","og_site_name":"Brisas Group","article_publisher":"https:\/\/www.facebook.com\/GpoBrisas\/","article_modified_time":"2020-06-09T22:56:00+00:00","og_image":[{"url":"https:\/\/intbrisas.com\/wp-content\/uploads\/2020\/06\/INFOGRAFIA_ESPA\u00d1OL_INGLES_GOLF-593x768.jpg"}],"twitter_card":"summary_large_image","twitter_site":"@GpoBrisas","schema":{"@context":"https:\/\/schema.org","@graph":[{"@type":"WebPage","@id":"https:\/\/intbrisas.com\/es\/protocolo-golf\/","url":"https:\/\/intbrisas.com\/es\/protocolo-golf\/","name":"Grupo Brisas - Hoteles & Resorts en M\u00e9xico | Aut\u00e9ntico esp\u00edritu mexicano","isPartOf":{"@id":"https:\/\/intbrisas.com\/es\/#website"},"datePublished":"2020-06-09T22:41:52+00:00","dateModified":"2020-06-09T22:56:00+00:00","breadcrumb":{"@id":"https:\/\/intbrisas.com\/es\/protocolo-golf\/#breadcrumb"},"inLanguage":"es-ES","potentialAction":[{"@type":"ReadAction","target":["https:\/\/intbrisas.com\/es\/protocolo-golf\/"]}]},{"@type":"BreadcrumbList","@id":"https:\/\/intbrisas.com\/es\/protocolo-golf\/#breadcrumb","itemListElement":[{"@type":"ListItem","position":1,"name":"Home","item":"https:\/\/intbrisas.com\/es\/homepage\/"},{"@type":"ListItem","position":2,"name":"PROTOCOLO CAMPO DE GOLF || GOLF COURSE PROTOCOL"}]},{"@type":"WebSite","@id":"https:\/\/intbrisas.com\/es\/#website","url":"https:\/\/intbrisas.com\/es\/","name":"Brisas Group","description":"","publisher":{"@id":"https:\/\/intbrisas.com\/es\/#organization"},"potentialAction":[{"@type":"SearchAction","target":{"@type":"EntryPoint","urlTemplate":"https:\/\/intbrisas.com\/es\/?s={search_term_string}"},"query-input":"required name=search_term_string"}],"inLanguage":"es-ES"},{"@type":"Organization","@id":"https:\/\/intbrisas.com\/es\/#organization","name":"Grupo Brisas","url":"https:\/\/intbrisas.com\/es\/","logo":{"@type":"ImageObject","inLanguage":"es-ES","@id":"https:\/\/intbrisas.com\/es\/#\/schema\/logo\/image\/","url":"https:\/\/intbrisas.com\/wp-content\/uploads\/2017\/02\/Grupo-Brisas-Logo.png","contentUrl":"https:\/\/intbrisas.com\/wp-content\/uploads\/2017\/02\/Grupo-Brisas-Logo.png","width":201,"height":114,"caption":"Grupo Brisas"},"image":{"@id":"https:\/\/intbrisas.com\/es\/#\/schema\/logo\/image\/"},"sameAs":["https:\/\/www.facebook.com\/GpoBrisas\/","https:\/\/x.com\/GpoBrisas","https:\/\/www.instagram.com\/GpoBrisas\/","https:\/\/www.linkedin.com\/company-beta\/536607\/","https:\/\/www.pinterest.com\/grupobrisas\/","https:\/\/www.youtube.com\/channel\/UCtn68Eny5sOimNOOQs7r7aA"]}]}},"_links":{"self":[{"href":"https:\/\/intbrisas.com\/es\/wp-json\/wp\/v2\/pages\/4603","targetHints":{"allow":["GET"]}}],"collection":[{"href":"https:\/\/intbrisas.com\/es\/wp-json\/wp\/v2\/pages"}],"about":[{"href":"https:\/\/intbrisas.com\/es\/wp-json\/wp\/v2\/types\/page"}],"author":[{"embeddable":true,"href":"https:\/\/intbrisas.com\/es\/wp-json\/wp\/v2\/users\/5"}],"replies":[{"embeddable":true,"href":"https:\/\/intbrisas.com\/es\/wp-json\/wp\/v2\/comments?post=4603"}],"version-history":[{"count":0,"href":"https:\/\/intbrisas.com\/es\/wp-json\/wp\/v2\/pages\/4603\/revisions"}],"wp:attachment":[{"href":"https:\/\/intbrisas.com\/es\/wp-json\/wp\/v2\/media?parent=4603"}],"curies":[{"name":"wp","href":"https:\/\/api.w.org\/{rel}","templated":true}]}}