{"id":5636,"date":"2021-05-19T20:27:21","date_gmt":"2021-05-20T01:27:21","guid":{"rendered":"https:\/\/intbrisas.com\/?page_id=5636"},"modified":"2021-05-19T20:27:21","modified_gmt":"2021-05-20T01:27:21","slug":"acercate","status":"publish","type":"page","link":"https:\/\/intbrisas.com\/es\/fundacion-brisas\/acercate\/","title":{"rendered":"Ac\u00e9rcate"},"content":{"rendered":"<p><img loading=\"lazy\" decoding=\"async\" class=\"alignnone size-medium wp-image-5637\" src=\"https:\/\/intbrisas.com\/wp-content\/uploads\/2021\/05\/30-ABRIL_AC\u00c9RCATE-593x768.jpeg\" alt=\"\" width=\"593\" height=\"768\" srcset=\"https:\/\/intbrisas.com\/wp-content\/uploads\/2021\/05\/30-ABRIL_AC\u00c9RCATE-593x768.jpeg 593w, https:\/\/intbrisas.com\/wp-content\/uploads\/2021\/05\/30-ABRIL_AC\u00c9RCATE-386x500.jpeg 386w, https:\/\/intbrisas.com\/wp-content\/uploads\/2021\/05\/30-ABRIL_AC\u00c9RCATE-240x310.jpeg 240w, https:\/\/intbrisas.com\/wp-content\/uploads\/2021\/05\/30-ABRIL_AC\u00c9RCATE-768x994.jpeg 768w, https:\/\/intbrisas.com\/wp-content\/uploads\/2021\/05\/30-ABRIL_AC\u00c9RCATE-927x1200.jpeg 927w, https:\/\/intbrisas.com\/wp-content\/uploads\/2021\/05\/30-ABRIL_AC\u00c9RCATE-1187x1536.jpeg 1187w, https:\/\/intbrisas.com\/wp-content\/uploads\/2021\/05\/30-ABRIL_AC\u00c9RCATE-1200x1553.jpeg 1200w, https:\/\/intbrisas.com\/wp-content\/uploads\/2021\/05\/30-ABRIL_AC\u00c9RCATE.jpeg 1230w\" sizes=\"auto, (max-width: 593px) 100vw, 593px\" \/><\/p>\n","protected":false},"excerpt":{"rendered":"","protected":false},"author":5,"featured_media":0,"parent":4201,"menu_order":0,"comment_status":"closed","ping_status":"closed","template":"","meta":{"_acf_changed":false,"footnotes":""},"class_list":["post-5636","page","type-page","status-publish","hentry"],"acf":[],"yoast_head":"<!-- This site is optimized with the Yoast SEO plugin v22.8 - https:\/\/yoast.com\/wordpress\/plugins\/seo\/ -->\n<title>Grupo Brisas - Hoteles &amp; Resorts en M\u00e9xico | Aut\u00e9ntico esp\u00edritu mexicano<\/title>\n<meta name=\"robots\" content=\"index, follow, max-snippet:-1, max-image-preview:large, max-video-preview:-1\" \/>\n<link rel=\"canonical\" href=\"https:\/\/intbrisas.com\/es\/fundacion-brisas\/acercate\/\" \/>\n<meta property=\"og:locale\" content=\"es_ES\" \/>\n<meta property=\"og:type\" content=\"article\" \/>\n<meta property=\"og:title\" content=\"Grupo Brisas - Hoteles &amp; Resorts en M\u00e9xico | Aut\u00e9ntico esp\u00edritu mexicano\" \/>\n<meta property=\"og:url\" content=\"https:\/\/intbrisas.com\/es\/fundacion-brisas\/acercate\/\" \/>\n<meta property=\"og:site_name\" content=\"Brisas Group\" \/>\n<meta property=\"article:publisher\" content=\"https:\/\/www.facebook.com\/GpoBrisas\/\" \/>\n<meta property=\"og:image\" content=\"https:\/\/intbrisas.com\/wp-content\/uploads\/2021\/05\/30-ABRIL_AC\u00c9RCATE-593x768.jpeg\" \/>\n<meta name=\"twitter:card\" content=\"summary_large_image\" \/>\n<meta name=\"twitter:site\" content=\"@GpoBrisas\" \/>\n<script type=\"application\/ld+json\" class=\"yoast-schema-graph\">{\"@context\":\"https:\/\/schema.org\",\"@graph\":[{\"@type\":\"WebPage\",\"@id\":\"https:\/\/intbrisas.com\/es\/fundacion-brisas\/acercate\/\",\"url\":\"https:\/\/intbrisas.com\/es\/fundacion-brisas\/acercate\/\",\"name\":\"Grupo Brisas - Hoteles & Resorts en M\u00e9xico | Aut\u00e9ntico esp\u00edritu mexicano\",\"isPartOf\":{\"@id\":\"https:\/\/intbrisas.com\/es\/#website\"},\"datePublished\":\"2021-05-20T01:27:21+00:00\",\"dateModified\":\"2021-05-20T01:27:21+00:00\",\"breadcrumb\":{\"@id\":\"https:\/\/intbrisas.com\/es\/fundacion-brisas\/acercate\/#breadcrumb\"},\"inLanguage\":\"es-ES\",\"potentialAction\":[{\"@type\":\"ReadAction\",\"target\":[\"https:\/\/intbrisas.com\/es\/fundacion-brisas\/acercate\/\"]}]},{\"@type\":\"BreadcrumbList\",\"@id\":\"https:\/\/intbrisas.com\/es\/fundacion-brisas\/acercate\/#breadcrumb\",\"itemListElement\":[{\"@type\":\"ListItem\",\"position\":1,\"name\":\"Home\",\"item\":\"https:\/\/intbrisas.com\/es\/homepage\/\"},{\"@type\":\"ListItem\",\"position\":2,\"name\":\"Fundaci\u00f3n Brisas\",\"item\":\"https:\/\/intbrisas.com\/es\/fundacion-brisas\/\"},{\"@type\":\"ListItem\",\"position\":3,\"name\":\"Ac\u00e9rcate\"}]},{\"@type\":\"WebSite\",\"@id\":\"https:\/\/intbrisas.com\/es\/#website\",\"url\":\"https:\/\/intbrisas.com\/es\/\",\"name\":\"Brisas Group\",\"description\":\"\",\"publisher\":{\"@id\":\"https:\/\/intbrisas.com\/es\/#organization\"},\"potentialAction\":[{\"@type\":\"SearchAction\",\"target\":{\"@type\":\"EntryPoint\",\"urlTemplate\":\"https:\/\/intbrisas.com\/es\/?s={search_term_string}\"},\"query-input\":\"required name=search_term_string\"}],\"inLanguage\":\"es-ES\"},{\"@type\":\"Organization\",\"@id\":\"https:\/\/intbrisas.com\/es\/#organization\",\"name\":\"Grupo Brisas\",\"url\":\"https:\/\/intbrisas.com\/es\/\",\"logo\":{\"@type\":\"ImageObject\",\"inLanguage\":\"es-ES\",\"@id\":\"https:\/\/intbrisas.com\/es\/#\/schema\/logo\/image\/\",\"url\":\"https:\/\/intbrisas.com\/wp-content\/uploads\/2017\/02\/Grupo-Brisas-Logo.png\",\"contentUrl\":\"https:\/\/intbrisas.com\/wp-content\/uploads\/2017\/02\/Grupo-Brisas-Logo.png\",\"width\":201,\"height\":114,\"caption\":\"Grupo Brisas\"},\"image\":{\"@id\":\"https:\/\/intbrisas.com\/es\/#\/schema\/logo\/image\/\"},\"sameAs\":[\"https:\/\/www.facebook.com\/GpoBrisas\/\",\"https:\/\/x.com\/GpoBrisas\",\"https:\/\/www.instagram.com\/GpoBrisas\/\",\"https:\/\/www.linkedin.com\/company-beta\/536607\/\",\"https:\/\/www.pinterest.com\/grupobrisas\/\",\"https:\/\/www.youtube.com\/channel\/UCtn68Eny5sOimNOOQs7r7aA\"]}]}<\/script>\n<!-- \/ Yoast SEO plugin. -->","yoast_head_json":{"title":"Grupo Brisas - Hoteles & Resorts en M\u00e9xico | Aut\u00e9ntico esp\u00edritu mexicano","robots":{"index":"index","follow":"follow","max-snippet":"max-snippet:-1","max-image-preview":"max-image-preview:large","max-video-preview":"max-video-preview:-1"},"canonical":"https:\/\/intbrisas.com\/es\/fundacion-brisas\/acercate\/","og_locale":"es_ES","og_type":"article","og_title":"Grupo Brisas - Hoteles & Resorts en M\u00e9xico | Aut\u00e9ntico esp\u00edritu mexicano","og_url":"https:\/\/intbrisas.com\/es\/fundacion-brisas\/acercate\/","og_site_name":"Brisas Group","article_publisher":"https:\/\/www.facebook.com\/GpoBrisas\/","og_image":[{"url":"https:\/\/intbrisas.com\/wp-content\/uploads\/2021\/05\/30-ABRIL_AC\u00c9RCATE-593x768.jpeg"}],"twitter_card":"summary_large_image","twitter_site":"@GpoBrisas","schema":{"@context":"https:\/\/schema.org","@graph":[{"@type":"WebPage","@id":"https:\/\/intbrisas.com\/es\/fundacion-brisas\/acercate\/","url":"https:\/\/intbrisas.com\/es\/fundacion-brisas\/acercate\/","name":"Grupo Brisas - Hoteles & Resorts en M\u00e9xico | Aut\u00e9ntico esp\u00edritu mexicano","isPartOf":{"@id":"https:\/\/intbrisas.com\/es\/#website"},"datePublished":"2021-05-20T01:27:21+00:00","dateModified":"2021-05-20T01:27:21+00:00","breadcrumb":{"@id":"https:\/\/intbrisas.com\/es\/fundacion-brisas\/acercate\/#breadcrumb"},"inLanguage":"es-ES","potentialAction":[{"@type":"ReadAction","target":["https:\/\/intbrisas.com\/es\/fundacion-brisas\/acercate\/"]}]},{"@type":"BreadcrumbList","@id":"https:\/\/intbrisas.com\/es\/fundacion-brisas\/acercate\/#breadcrumb","itemListElement":[{"@type":"ListItem","position":1,"name":"Home","item":"https:\/\/intbrisas.com\/es\/homepage\/"},{"@type":"ListItem","position":2,"name":"Fundaci\u00f3n Brisas","item":"https:\/\/intbrisas.com\/es\/fundacion-brisas\/"},{"@type":"ListItem","position":3,"name":"Ac\u00e9rcate"}]},{"@type":"WebSite","@id":"https:\/\/intbrisas.com\/es\/#website","url":"https:\/\/intbrisas.com\/es\/","name":"Brisas Group","description":"","publisher":{"@id":"https:\/\/intbrisas.com\/es\/#organization"},"potentialAction":[{"@type":"SearchAction","target":{"@type":"EntryPoint","urlTemplate":"https:\/\/intbrisas.com\/es\/?s={search_term_string}"},"query-input":"required name=search_term_string"}],"inLanguage":"es-ES"},{"@type":"Organization","@id":"https:\/\/intbrisas.com\/es\/#organization","name":"Grupo Brisas","url":"https:\/\/intbrisas.com\/es\/","logo":{"@type":"ImageObject","inLanguage":"es-ES","@id":"https:\/\/intbrisas.com\/es\/#\/schema\/logo\/image\/","url":"https:\/\/intbrisas.com\/wp-content\/uploads\/2017\/02\/Grupo-Brisas-Logo.png","contentUrl":"https:\/\/intbrisas.com\/wp-content\/uploads\/2017\/02\/Grupo-Brisas-Logo.png","width":201,"height":114,"caption":"Grupo Brisas"},"image":{"@id":"https:\/\/intbrisas.com\/es\/#\/schema\/logo\/image\/"},"sameAs":["https:\/\/www.facebook.com\/GpoBrisas\/","https:\/\/x.com\/GpoBrisas","https:\/\/www.instagram.com\/GpoBrisas\/","https:\/\/www.linkedin.com\/company-beta\/536607\/","https:\/\/www.pinterest.com\/grupobrisas\/","https:\/\/www.youtube.com\/channel\/UCtn68Eny5sOimNOOQs7r7aA"]}]}},"_links":{"self":[{"href":"https:\/\/intbrisas.com\/es\/wp-json\/wp\/v2\/pages\/5636","targetHints":{"allow":["GET"]}}],"collection":[{"href":"https:\/\/intbrisas.com\/es\/wp-json\/wp\/v2\/pages"}],"about":[{"href":"https:\/\/intbrisas.com\/es\/wp-json\/wp\/v2\/types\/page"}],"author":[{"embeddable":true,"href":"https:\/\/intbrisas.com\/es\/wp-json\/wp\/v2\/users\/5"}],"replies":[{"embeddable":true,"href":"https:\/\/intbrisas.com\/es\/wp-json\/wp\/v2\/comments?post=5636"}],"version-history":[{"count":0,"href":"https:\/\/intbrisas.com\/es\/wp-json\/wp\/v2\/pages\/5636\/revisions"}],"up":[{"embeddable":true,"href":"https:\/\/intbrisas.com\/es\/wp-json\/wp\/v2\/pages\/4201"}],"wp:attachment":[{"href":"https:\/\/intbrisas.com\/es\/wp-json\/wp\/v2\/media?parent=5636"}],"curies":[{"name":"wp","href":"https:\/\/api.w.org\/{rel}","templated":true}]}}