{"id":6097,"date":"2021-11-12T13:41:42","date_gmt":"2021-11-12T19:41:42","guid":{"rendered":"https:\/\/intbrisas.com\/?page_id=6097"},"modified":"2021-11-15T08:31:56","modified_gmt":"2021-11-15T14:31:56","slug":"tianguis-turistico","status":"publish","type":"page","link":"https:\/\/intbrisas.com\/es\/tianguis-turistico\/","title":{"rendered":"Brochure Corporativo"},"content":{"rendered":"<p><img loading=\"lazy\" decoding=\"async\" class=\"alignnone size-medium wp-image-5687\" src=\"https:\/\/intbrisas.com\/wp-content\/uploads\/2021\/06\/10MAY_GRUPOBRISAS_BROCHURE_ESP_P\u00e1gina_01-592x768.jpg\" alt=\"\" width=\"592\" height=\"768\" srcset=\"https:\/\/intbrisas.com\/wp-content\/uploads\/2021\/06\/10MAY_GRUPOBRISAS_BROCHURE_ESP_P\u00e1gina_01-592x768.jpg 592w, https:\/\/intbrisas.com\/wp-content\/uploads\/2021\/06\/10MAY_GRUPOBRISAS_BROCHURE_ESP_P\u00e1gina_01-385x500.jpg 385w, https:\/\/intbrisas.com\/wp-content\/uploads\/2021\/06\/10MAY_GRUPOBRISAS_BROCHURE_ESP_P\u00e1gina_01-239x310.jpg 239w, https:\/\/intbrisas.com\/wp-content\/uploads\/2021\/06\/10MAY_GRUPOBRISAS_BROCHURE_ESP_P\u00e1gina_01-768x996.jpg 768w, https:\/\/intbrisas.com\/wp-content\/uploads\/2021\/06\/10MAY_GRUPOBRISAS_BROCHURE_ESP_P\u00e1gina_01-925x1200.jpg 925w, https:\/\/intbrisas.com\/wp-content\/uploads\/2021\/06\/10MAY_GRUPOBRISAS_BROCHURE_ESP_P\u00e1gina_01-1184x1536.jpg 1184w, https:\/\/intbrisas.com\/wp-content\/uploads\/2021\/06\/10MAY_GRUPOBRISAS_BROCHURE_ESP_P\u00e1gina_01-1200x1557.jpg 1200w, https:\/\/intbrisas.com\/wp-content\/uploads\/2021\/06\/10MAY_GRUPOBRISAS_BROCHURE_ESP_P\u00e1gina_01.jpg 1275w\" sizes=\"auto, (max-width: 592px) 100vw, 592px\" \/> <img loading=\"lazy\" decoding=\"async\" class=\"alignnone size-medium wp-image-5689\" src=\"https:\/\/intbrisas.com\/wp-content\/uploads\/2021\/06\/10MAY_GRUPOBRISAS_BROCHURE_ESP_P\u00e1gina_02-592x768.jpg\" alt=\"\" width=\"592\" height=\"768\" srcset=\"https:\/\/intbrisas.com\/wp-content\/uploads\/2021\/06\/10MAY_GRUPOBRISAS_BROCHURE_ESP_P\u00e1gina_02-592x768.jpg 592w, https:\/\/intbrisas.com\/wp-content\/uploads\/2021\/06\/10MAY_GRUPOBRISAS_BROCHURE_ESP_P\u00e1gina_02-385x500.jpg 385w, https:\/\/intbrisas.com\/wp-content\/uploads\/2021\/06\/10MAY_GRUPOBRISAS_BROCHURE_ESP_P\u00e1gina_02-239x310.jpg 239w, https:\/\/intbrisas.com\/wp-content\/uploads\/2021\/06\/10MAY_GRUPOBRISAS_BROCHURE_ESP_P\u00e1gina_02-768x996.jpg 768w, https:\/\/intbrisas.com\/wp-content\/uploads\/2021\/06\/10MAY_GRUPOBRISAS_BROCHURE_ESP_P\u00e1gina_02-925x1200.jpg 925w, https:\/\/intbrisas.com\/wp-content\/uploads\/2021\/06\/10MAY_GRUPOBRISAS_BROCHURE_ESP_P\u00e1gina_02-1184x1536.jpg 1184w, https:\/\/intbrisas.com\/wp-content\/uploads\/2021\/06\/10MAY_GRUPOBRISAS_BROCHURE_ESP_P\u00e1gina_02-1200x1557.jpg 1200w, https:\/\/intbrisas.com\/wp-content\/uploads\/2021\/06\/10MAY_GRUPOBRISAS_BROCHURE_ESP_P\u00e1gina_02.jpg 1275w\" sizes=\"auto, (max-width: 592px) 100vw, 592px\" \/> <img loading=\"lazy\" decoding=\"async\" class=\"alignnone size-medium wp-image-5691\" src=\"https:\/\/intbrisas.com\/wp-content\/uploads\/2021\/06\/10MAY_GRUPOBRISAS_BROCHURE_ESP_P\u00e1gina_03-592x768.jpg\" alt=\"\" width=\"592\" height=\"768\" srcset=\"https:\/\/intbrisas.com\/wp-content\/uploads\/2021\/06\/10MAY_GRUPOBRISAS_BROCHURE_ESP_P\u00e1gina_03-592x768.jpg 592w, https:\/\/intbrisas.com\/wp-content\/uploads\/2021\/06\/10MAY_GRUPOBRISAS_BROCHURE_ESP_P\u00e1gina_03-385x500.jpg 385w, https:\/\/intbrisas.com\/wp-content\/uploads\/2021\/06\/10MAY_GRUPOBRISAS_BROCHURE_ESP_P\u00e1gina_03-239x310.jpg 239w, https:\/\/intbrisas.com\/wp-content\/uploads\/2021\/06\/10MAY_GRUPOBRISAS_BROCHURE_ESP_P\u00e1gina_03-768x996.jpg 768w, https:\/\/intbrisas.com\/wp-content\/uploads\/2021\/06\/10MAY_GRUPOBRISAS_BROCHURE_ESP_P\u00e1gina_03-925x1200.jpg 925w, https:\/\/intbrisas.com\/wp-content\/uploads\/2021\/06\/10MAY_GRUPOBRISAS_BROCHURE_ESP_P\u00e1gina_03-1184x1536.jpg 1184w, https:\/\/intbrisas.com\/wp-content\/uploads\/2021\/06\/10MAY_GRUPOBRISAS_BROCHURE_ESP_P\u00e1gina_03-scaled.jpg 1579w, https:\/\/intbrisas.com\/wp-content\/uploads\/2021\/06\/10MAY_GRUPOBRISAS_BROCHURE_ESP_P\u00e1gina_03-1200x1557.jpg 1200w\" sizes=\"auto, (max-width: 592px) 100vw, 592px\" \/> <img loading=\"lazy\" decoding=\"async\" class=\"alignnone size-medium wp-image-5693\" src=\"https:\/\/intbrisas.com\/wp-content\/uploads\/2021\/06\/10MAY_GRUPOBRISAS_BROCHURE_ESP_P\u00e1gina_04-592x768.jpg\" alt=\"\" width=\"592\" height=\"768\" srcset=\"https:\/\/intbrisas.com\/wp-content\/uploads\/2021\/06\/10MAY_GRUPOBRISAS_BROCHURE_ESP_P\u00e1gina_04-592x768.jpg 592w, https:\/\/intbrisas.com\/wp-content\/uploads\/2021\/06\/10MAY_GRUPOBRISAS_BROCHURE_ESP_P\u00e1gina_04-385x500.jpg 385w, https:\/\/intbrisas.com\/wp-content\/uploads\/2021\/06\/10MAY_GRUPOBRISAS_BROCHURE_ESP_P\u00e1gina_04-239x310.jpg 239w, https:\/\/intbrisas.com\/wp-content\/uploads\/2021\/06\/10MAY_GRUPOBRISAS_BROCHURE_ESP_P\u00e1gina_04-768x996.jpg 768w, https:\/\/intbrisas.com\/wp-content\/uploads\/2021\/06\/10MAY_GRUPOBRISAS_BROCHURE_ESP_P\u00e1gina_04-925x1200.jpg 925w, https:\/\/intbrisas.com\/wp-content\/uploads\/2021\/06\/10MAY_GRUPOBRISAS_BROCHURE_ESP_P\u00e1gina_04-1184x1536.jpg 1184w, https:\/\/intbrisas.com\/wp-content\/uploads\/2021\/06\/10MAY_GRUPOBRISAS_BROCHURE_ESP_P\u00e1gina_04-scaled.jpg 1579w, https:\/\/intbrisas.com\/wp-content\/uploads\/2021\/06\/10MAY_GRUPOBRISAS_BROCHURE_ESP_P\u00e1gina_04-1200x1557.jpg 1200w\" sizes=\"auto, (max-width: 592px) 100vw, 592px\" \/> <img loading=\"lazy\" decoding=\"async\" class=\"alignnone size-medium wp-image-5695\" src=\"https:\/\/intbrisas.com\/wp-content\/uploads\/2021\/06\/10MAY_GRUPOBRISAS_BROCHURE_ESP_P\u00e1gina_05-592x768.jpg\" alt=\"\" width=\"592\" height=\"768\" srcset=\"https:\/\/intbrisas.com\/wp-content\/uploads\/2021\/06\/10MAY_GRUPOBRISAS_BROCHURE_ESP_P\u00e1gina_05-592x768.jpg 592w, https:\/\/intbrisas.com\/wp-content\/uploads\/2021\/06\/10MAY_GRUPOBRISAS_BROCHURE_ESP_P\u00e1gina_05-385x500.jpg 385w, https:\/\/intbrisas.com\/wp-content\/uploads\/2021\/06\/10MAY_GRUPOBRISAS_BROCHURE_ESP_P\u00e1gina_05-239x310.jpg 239w, https:\/\/intbrisas.com\/wp-content\/uploads\/2021\/06\/10MAY_GRUPOBRISAS_BROCHURE_ESP_P\u00e1gina_05-768x996.jpg 768w, https:\/\/intbrisas.com\/wp-content\/uploads\/2021\/06\/10MAY_GRUPOBRISAS_BROCHURE_ESP_P\u00e1gina_05-925x1200.jpg 925w, https:\/\/intbrisas.com\/wp-content\/uploads\/2021\/06\/10MAY_GRUPOBRISAS_BROCHURE_ESP_P\u00e1gina_05-1184x1536.jpg 1184w, https:\/\/intbrisas.com\/wp-content\/uploads\/2021\/06\/10MAY_GRUPOBRISAS_BROCHURE_ESP_P\u00e1gina_05-1200x1556.jpg 1200w, https:\/\/intbrisas.com\/wp-content\/uploads\/2021\/06\/10MAY_GRUPOBRISAS_BROCHURE_ESP_P\u00e1gina_05.jpg 1377w\" sizes=\"auto, (max-width: 592px) 100vw, 592px\" \/> <img loading=\"lazy\" decoding=\"async\" class=\"alignnone size-medium wp-image-5697\" src=\"https:\/\/intbrisas.com\/wp-content\/uploads\/2021\/06\/10MAY_GRUPOBRISAS_BROCHURE_ESP_P\u00e1gina_06-592x768.jpg\" alt=\"\" width=\"592\" height=\"768\" srcset=\"https:\/\/intbrisas.com\/wp-content\/uploads\/2021\/06\/10MAY_GRUPOBRISAS_BROCHURE_ESP_P\u00e1gina_06-592x768.jpg 592w, https:\/\/intbrisas.com\/wp-content\/uploads\/2021\/06\/10MAY_GRUPOBRISAS_BROCHURE_ESP_P\u00e1gina_06-386x500.jpg 386w, https:\/\/intbrisas.com\/wp-content\/uploads\/2021\/06\/10MAY_GRUPOBRISAS_BROCHURE_ESP_P\u00e1gina_06-239x310.jpg 239w, https:\/\/intbrisas.com\/wp-content\/uploads\/2021\/06\/10MAY_GRUPOBRISAS_BROCHURE_ESP_P\u00e1gina_06-768x996.jpg 768w, https:\/\/intbrisas.com\/wp-content\/uploads\/2021\/06\/10MAY_GRUPOBRISAS_BROCHURE_ESP_P\u00e1gina_06-925x1200.jpg 925w, https:\/\/intbrisas.com\/wp-content\/uploads\/2021\/06\/10MAY_GRUPOBRISAS_BROCHURE_ESP_P\u00e1gina_06-1185x1536.jpg 1185w, https:\/\/intbrisas.com\/wp-content\/uploads\/2021\/06\/10MAY_GRUPOBRISAS_BROCHURE_ESP_P\u00e1gina_06-scaled.jpg 1579w, https:\/\/intbrisas.com\/wp-content\/uploads\/2021\/06\/10MAY_GRUPOBRISAS_BROCHURE_ESP_P\u00e1gina_06-1200x1556.jpg 1200w\" sizes=\"auto, (max-width: 592px) 100vw, 592px\" \/> <img loading=\"lazy\" decoding=\"async\" class=\"alignnone size-medium wp-image-5699\" src=\"https:\/\/intbrisas.com\/wp-content\/uploads\/2021\/06\/10MAY_GRUPOBRISAS_BROCHURE_ESP_P\u00e1gina_07-592x768.jpg\" alt=\"\" width=\"592\" height=\"768\" srcset=\"https:\/\/intbrisas.com\/wp-content\/uploads\/2021\/06\/10MAY_GRUPOBRISAS_BROCHURE_ESP_P\u00e1gina_07-592x768.jpg 592w, https:\/\/intbrisas.com\/wp-content\/uploads\/2021\/06\/10MAY_GRUPOBRISAS_BROCHURE_ESP_P\u00e1gina_07-386x500.jpg 386w, https:\/\/intbrisas.com\/wp-content\/uploads\/2021\/06\/10MAY_GRUPOBRISAS_BROCHURE_ESP_P\u00e1gina_07-239x310.jpg 239w, https:\/\/intbrisas.com\/wp-content\/uploads\/2021\/06\/10MAY_GRUPOBRISAS_BROCHURE_ESP_P\u00e1gina_07-768x996.jpg 768w, https:\/\/intbrisas.com\/wp-content\/uploads\/2021\/06\/10MAY_GRUPOBRISAS_BROCHURE_ESP_P\u00e1gina_07-925x1200.jpg 925w, https:\/\/intbrisas.com\/wp-content\/uploads\/2021\/06\/10MAY_GRUPOBRISAS_BROCHURE_ESP_P\u00e1gina_07-1185x1536.jpg 1185w, https:\/\/intbrisas.com\/wp-content\/uploads\/2021\/06\/10MAY_GRUPOBRISAS_BROCHURE_ESP_P\u00e1gina_07-scaled.jpg 1579w, https:\/\/intbrisas.com\/wp-content\/uploads\/2021\/06\/10MAY_GRUPOBRISAS_BROCHURE_ESP_P\u00e1gina_07-1200x1556.jpg 1200w\" sizes=\"auto, (max-width: 592px) 100vw, 592px\" \/> <img loading=\"lazy\" decoding=\"async\" class=\"alignnone size-medium wp-image-5701\" src=\"https:\/\/intbrisas.com\/wp-content\/uploads\/2021\/06\/10MAY_GRUPOBRISAS_BROCHURE_ESP_P\u00e1gina_08-592x768.jpg\" alt=\"\" width=\"592\" height=\"768\" srcset=\"https:\/\/intbrisas.com\/wp-content\/uploads\/2021\/06\/10MAY_GRUPOBRISAS_BROCHURE_ESP_P\u00e1gina_08-592x768.jpg 592w, https:\/\/intbrisas.com\/wp-content\/uploads\/2021\/06\/10MAY_GRUPOBRISAS_BROCHURE_ESP_P\u00e1gina_08-386x500.jpg 386w, https:\/\/intbrisas.com\/wp-content\/uploads\/2021\/06\/10MAY_GRUPOBRISAS_BROCHURE_ESP_P\u00e1gina_08-239x310.jpg 239w, https:\/\/intbrisas.com\/wp-content\/uploads\/2021\/06\/10MAY_GRUPOBRISAS_BROCHURE_ESP_P\u00e1gina_08-768x996.jpg 768w, https:\/\/intbrisas.com\/wp-content\/uploads\/2021\/06\/10MAY_GRUPOBRISAS_BROCHURE_ESP_P\u00e1gina_08-925x1200.jpg 925w, https:\/\/intbrisas.com\/wp-content\/uploads\/2021\/06\/10MAY_GRUPOBRISAS_BROCHURE_ESP_P\u00e1gina_08-1185x1536.jpg 1185w, https:\/\/intbrisas.com\/wp-content\/uploads\/2021\/06\/10MAY_GRUPOBRISAS_BROCHURE_ESP_P\u00e1gina_08-scaled.jpg 1579w, https:\/\/intbrisas.com\/wp-content\/uploads\/2021\/06\/10MAY_GRUPOBRISAS_BROCHURE_ESP_P\u00e1gina_08-1200x1556.jpg 1200w\" sizes=\"auto, (max-width: 592px) 100vw, 592px\" \/> <img loading=\"lazy\" decoding=\"async\" class=\"alignnone size-medium wp-image-5703\" src=\"https:\/\/intbrisas.com\/wp-content\/uploads\/2021\/06\/10MAY_GRUPOBRISAS_BROCHURE_ESP_P\u00e1gina_09-592x768.jpg\" alt=\"\" width=\"592\" height=\"768\" srcset=\"https:\/\/intbrisas.com\/wp-content\/uploads\/2021\/06\/10MAY_GRUPOBRISAS_BROCHURE_ESP_P\u00e1gina_09-592x768.jpg 592w, https:\/\/intbrisas.com\/wp-content\/uploads\/2021\/06\/10MAY_GRUPOBRISAS_BROCHURE_ESP_P\u00e1gina_09-385x500.jpg 385w, https:\/\/intbrisas.com\/wp-content\/uploads\/2021\/06\/10MAY_GRUPOBRISAS_BROCHURE_ESP_P\u00e1gina_09-239x310.jpg 239w, https:\/\/intbrisas.com\/wp-content\/uploads\/2021\/06\/10MAY_GRUPOBRISAS_BROCHURE_ESP_P\u00e1gina_09-768x996.jpg 768w, https:\/\/intbrisas.com\/wp-content\/uploads\/2021\/06\/10MAY_GRUPOBRISAS_BROCHURE_ESP_P\u00e1gina_09-925x1200.jpg 925w, https:\/\/intbrisas.com\/wp-content\/uploads\/2021\/06\/10MAY_GRUPOBRISAS_BROCHURE_ESP_P\u00e1gina_09-1184x1536.jpg 1184w, https:\/\/intbrisas.com\/wp-content\/uploads\/2021\/06\/10MAY_GRUPOBRISAS_BROCHURE_ESP_P\u00e1gina_09-1200x1556.jpg 1200w, https:\/\/intbrisas.com\/wp-content\/uploads\/2021\/06\/10MAY_GRUPOBRISAS_BROCHURE_ESP_P\u00e1gina_09.jpg 1377w\" sizes=\"auto, (max-width: 592px) 100vw, 592px\" \/> <img loading=\"lazy\" decoding=\"async\" class=\"alignnone size-medium wp-image-5705\" src=\"https:\/\/intbrisas.com\/wp-content\/uploads\/2021\/06\/10MAY_GRUPOBRISAS_BROCHURE_ESP_P\u00e1gina_10-592x768.jpg\" alt=\"\" width=\"592\" height=\"768\" srcset=\"https:\/\/intbrisas.com\/wp-content\/uploads\/2021\/06\/10MAY_GRUPOBRISAS_BROCHURE_ESP_P\u00e1gina_10-592x768.jpg 592w, https:\/\/intbrisas.com\/wp-content\/uploads\/2021\/06\/10MAY_GRUPOBRISAS_BROCHURE_ESP_P\u00e1gina_10-385x500.jpg 385w, https:\/\/intbrisas.com\/wp-content\/uploads\/2021\/06\/10MAY_GRUPOBRISAS_BROCHURE_ESP_P\u00e1gina_10-239x310.jpg 239w, https:\/\/intbrisas.com\/wp-content\/uploads\/2021\/06\/10MAY_GRUPOBRISAS_BROCHURE_ESP_P\u00e1gina_10-768x996.jpg 768w, https:\/\/intbrisas.com\/wp-content\/uploads\/2021\/06\/10MAY_GRUPOBRISAS_BROCHURE_ESP_P\u00e1gina_10-925x1200.jpg 925w, https:\/\/intbrisas.com\/wp-content\/uploads\/2021\/06\/10MAY_GRUPOBRISAS_BROCHURE_ESP_P\u00e1gina_10-1184x1536.jpg 1184w, https:\/\/intbrisas.com\/wp-content\/uploads\/2021\/06\/10MAY_GRUPOBRISAS_BROCHURE_ESP_P\u00e1gina_10-1200x1557.jpg 1200w, https:\/\/intbrisas.com\/wp-content\/uploads\/2021\/06\/10MAY_GRUPOBRISAS_BROCHURE_ESP_P\u00e1gina_10.jpg 1275w\" sizes=\"auto, (max-width: 592px) 100vw, 592px\" \/> <img loading=\"lazy\" decoding=\"async\" class=\"alignnone size-medium wp-image-5707\" src=\"https:\/\/intbrisas.com\/wp-content\/uploads\/2021\/06\/10MAY_GRUPOBRISAS_BROCHURE_ESP_P\u00e1gina_11-592x768.jpg\" alt=\"\" width=\"592\" height=\"768\" srcset=\"https:\/\/intbrisas.com\/wp-content\/uploads\/2021\/06\/10MAY_GRUPOBRISAS_BROCHURE_ESP_P\u00e1gina_11-592x768.jpg 592w, https:\/\/intbrisas.com\/wp-content\/uploads\/2021\/06\/10MAY_GRUPOBRISAS_BROCHURE_ESP_P\u00e1gina_11-385x500.jpg 385w, https:\/\/intbrisas.com\/wp-content\/uploads\/2021\/06\/10MAY_GRUPOBRISAS_BROCHURE_ESP_P\u00e1gina_11-239x310.jpg 239w, https:\/\/intbrisas.com\/wp-content\/uploads\/2021\/06\/10MAY_GRUPOBRISAS_BROCHURE_ESP_P\u00e1gina_11-768x996.jpg 768w, https:\/\/intbrisas.com\/wp-content\/uploads\/2021\/06\/10MAY_GRUPOBRISAS_BROCHURE_ESP_P\u00e1gina_11-925x1200.jpg 925w, https:\/\/intbrisas.com\/wp-content\/uploads\/2021\/06\/10MAY_GRUPOBRISAS_BROCHURE_ESP_P\u00e1gina_11-1184x1536.jpg 1184w, https:\/\/intbrisas.com\/wp-content\/uploads\/2021\/06\/10MAY_GRUPOBRISAS_BROCHURE_ESP_P\u00e1gina_11-1200x1557.jpg 1200w, https:\/\/intbrisas.com\/wp-content\/uploads\/2021\/06\/10MAY_GRUPOBRISAS_BROCHURE_ESP_P\u00e1gina_11.jpg 1275w\" sizes=\"auto, (max-width: 592px) 100vw, 592px\" \/> <img loading=\"lazy\" decoding=\"async\" class=\"alignnone size-medium wp-image-5709\" src=\"https:\/\/intbrisas.com\/wp-content\/uploads\/2021\/06\/10MAY_GRUPOBRISAS_BROCHURE_ESP_P\u00e1gina_12-592x768.jpg\" alt=\"\" width=\"592\" height=\"768\" srcset=\"https:\/\/intbrisas.com\/wp-content\/uploads\/2021\/06\/10MAY_GRUPOBRISAS_BROCHURE_ESP_P\u00e1gina_12-592x768.jpg 592w, https:\/\/intbrisas.com\/wp-content\/uploads\/2021\/06\/10MAY_GRUPOBRISAS_BROCHURE_ESP_P\u00e1gina_12-385x500.jpg 385w, https:\/\/intbrisas.com\/wp-content\/uploads\/2021\/06\/10MAY_GRUPOBRISAS_BROCHURE_ESP_P\u00e1gina_12-239x310.jpg 239w, https:\/\/intbrisas.com\/wp-content\/uploads\/2021\/06\/10MAY_GRUPOBRISAS_BROCHURE_ESP_P\u00e1gina_12-768x996.jpg 768w, https:\/\/intbrisas.com\/wp-content\/uploads\/2021\/06\/10MAY_GRUPOBRISAS_BROCHURE_ESP_P\u00e1gina_12-925x1200.jpg 925w, https:\/\/intbrisas.com\/wp-content\/uploads\/2021\/06\/10MAY_GRUPOBRISAS_BROCHURE_ESP_P\u00e1gina_12-1184x1536.jpg 1184w, https:\/\/intbrisas.com\/wp-content\/uploads\/2021\/06\/10MAY_GRUPOBRISAS_BROCHURE_ESP_P\u00e1gina_12-scaled.jpg 1579w, https:\/\/intbrisas.com\/wp-content\/uploads\/2021\/06\/10MAY_GRUPOBRISAS_BROCHURE_ESP_P\u00e1gina_12-1200x1556.jpg 1200w\" sizes=\"auto, (max-width: 592px) 100vw, 592px\" \/><\/p>\n","protected":false},"excerpt":{"rendered":"","protected":false},"author":5,"featured_media":0,"parent":0,"menu_order":0,"comment_status":"closed","ping_status":"closed","template":"","meta":{"_acf_changed":false,"footnotes":""},"class_list":["post-6097","page","type-page","status-publish","hentry"],"acf":[],"yoast_head":"<!-- This site is optimized with the Yoast SEO plugin v22.8 - https:\/\/yoast.com\/wordpress\/plugins\/seo\/ -->\n<title>Grupo Brisas - Hoteles &amp; Resorts en M\u00e9xico | Aut\u00e9ntico esp\u00edritu mexicano<\/title>\n<meta name=\"robots\" content=\"index, follow, max-snippet:-1, max-image-preview:large, max-video-preview:-1\" \/>\n<link rel=\"canonical\" href=\"https:\/\/intbrisas.com\/es\/tianguis-turistico\/\" \/>\n<meta property=\"og:locale\" content=\"es_ES\" \/>\n<meta property=\"og:type\" content=\"article\" \/>\n<meta property=\"og:title\" content=\"Grupo Brisas - Hoteles &amp; Resorts en M\u00e9xico | Aut\u00e9ntico esp\u00edritu mexicano\" \/>\n<meta property=\"og:url\" content=\"https:\/\/intbrisas.com\/es\/tianguis-turistico\/\" \/>\n<meta property=\"og:site_name\" content=\"Brisas Group\" \/>\n<meta property=\"article:publisher\" content=\"https:\/\/www.facebook.com\/GpoBrisas\/\" \/>\n<meta property=\"article:modified_time\" content=\"2021-11-15T14:31:56+00:00\" \/>\n<meta property=\"og:image\" content=\"https:\/\/intbrisas.com\/wp-content\/uploads\/2021\/06\/10MAY_GRUPOBRISAS_BROCHURE_ESP_P\u00e1gina_01-592x768.jpg\" \/>\n<meta name=\"twitter:card\" content=\"summary_large_image\" \/>\n<meta name=\"twitter:site\" content=\"@GpoBrisas\" \/>\n<script type=\"application\/ld+json\" class=\"yoast-schema-graph\">{\"@context\":\"https:\/\/schema.org\",\"@graph\":[{\"@type\":\"WebPage\",\"@id\":\"https:\/\/intbrisas.com\/es\/tianguis-turistico\/\",\"url\":\"https:\/\/intbrisas.com\/es\/tianguis-turistico\/\",\"name\":\"Grupo Brisas - Hoteles & Resorts en M\u00e9xico | Aut\u00e9ntico esp\u00edritu mexicano\",\"isPartOf\":{\"@id\":\"https:\/\/intbrisas.com\/es\/#website\"},\"datePublished\":\"2021-11-12T19:41:42+00:00\",\"dateModified\":\"2021-11-15T14:31:56+00:00\",\"breadcrumb\":{\"@id\":\"https:\/\/intbrisas.com\/es\/tianguis-turistico\/#breadcrumb\"},\"inLanguage\":\"es-ES\",\"potentialAction\":[{\"@type\":\"ReadAction\",\"target\":[\"https:\/\/intbrisas.com\/es\/tianguis-turistico\/\"]}]},{\"@type\":\"BreadcrumbList\",\"@id\":\"https:\/\/intbrisas.com\/es\/tianguis-turistico\/#breadcrumb\",\"itemListElement\":[{\"@type\":\"ListItem\",\"position\":1,\"name\":\"Home\",\"item\":\"https:\/\/intbrisas.com\/es\/homepage\/\"},{\"@type\":\"ListItem\",\"position\":2,\"name\":\"Brochure Corporativo\"}]},{\"@type\":\"WebSite\",\"@id\":\"https:\/\/intbrisas.com\/es\/#website\",\"url\":\"https:\/\/intbrisas.com\/es\/\",\"name\":\"Brisas Group\",\"description\":\"\",\"publisher\":{\"@id\":\"https:\/\/intbrisas.com\/es\/#organization\"},\"potentialAction\":[{\"@type\":\"SearchAction\",\"target\":{\"@type\":\"EntryPoint\",\"urlTemplate\":\"https:\/\/intbrisas.com\/es\/?s={search_term_string}\"},\"query-input\":\"required name=search_term_string\"}],\"inLanguage\":\"es-ES\"},{\"@type\":\"Organization\",\"@id\":\"https:\/\/intbrisas.com\/es\/#organization\",\"name\":\"Grupo Brisas\",\"url\":\"https:\/\/intbrisas.com\/es\/\",\"logo\":{\"@type\":\"ImageObject\",\"inLanguage\":\"es-ES\",\"@id\":\"https:\/\/intbrisas.com\/es\/#\/schema\/logo\/image\/\",\"url\":\"https:\/\/intbrisas.com\/wp-content\/uploads\/2017\/02\/Grupo-Brisas-Logo.png\",\"contentUrl\":\"https:\/\/intbrisas.com\/wp-content\/uploads\/2017\/02\/Grupo-Brisas-Logo.png\",\"width\":201,\"height\":114,\"caption\":\"Grupo Brisas\"},\"image\":{\"@id\":\"https:\/\/intbrisas.com\/es\/#\/schema\/logo\/image\/\"},\"sameAs\":[\"https:\/\/www.facebook.com\/GpoBrisas\/\",\"https:\/\/x.com\/GpoBrisas\",\"https:\/\/www.instagram.com\/GpoBrisas\/\",\"https:\/\/www.linkedin.com\/company-beta\/536607\/\",\"https:\/\/www.pinterest.com\/grupobrisas\/\",\"https:\/\/www.youtube.com\/channel\/UCtn68Eny5sOimNOOQs7r7aA\"]}]}<\/script>\n<!-- \/ Yoast SEO plugin. -->","yoast_head_json":{"title":"Grupo Brisas - Hoteles & Resorts en M\u00e9xico | Aut\u00e9ntico esp\u00edritu mexicano","robots":{"index":"index","follow":"follow","max-snippet":"max-snippet:-1","max-image-preview":"max-image-preview:large","max-video-preview":"max-video-preview:-1"},"canonical":"https:\/\/intbrisas.com\/es\/tianguis-turistico\/","og_locale":"es_ES","og_type":"article","og_title":"Grupo Brisas - Hoteles & Resorts en M\u00e9xico | Aut\u00e9ntico esp\u00edritu mexicano","og_url":"https:\/\/intbrisas.com\/es\/tianguis-turistico\/","og_site_name":"Brisas Group","article_publisher":"https:\/\/www.facebook.com\/GpoBrisas\/","article_modified_time":"2021-11-15T14:31:56+00:00","og_image":[{"url":"https:\/\/intbrisas.com\/wp-content\/uploads\/2021\/06\/10MAY_GRUPOBRISAS_BROCHURE_ESP_P\u00e1gina_01-592x768.jpg"}],"twitter_card":"summary_large_image","twitter_site":"@GpoBrisas","schema":{"@context":"https:\/\/schema.org","@graph":[{"@type":"WebPage","@id":"https:\/\/intbrisas.com\/es\/tianguis-turistico\/","url":"https:\/\/intbrisas.com\/es\/tianguis-turistico\/","name":"Grupo Brisas - Hoteles & Resorts en M\u00e9xico | Aut\u00e9ntico esp\u00edritu mexicano","isPartOf":{"@id":"https:\/\/intbrisas.com\/es\/#website"},"datePublished":"2021-11-12T19:41:42+00:00","dateModified":"2021-11-15T14:31:56+00:00","breadcrumb":{"@id":"https:\/\/intbrisas.com\/es\/tianguis-turistico\/#breadcrumb"},"inLanguage":"es-ES","potentialAction":[{"@type":"ReadAction","target":["https:\/\/intbrisas.com\/es\/tianguis-turistico\/"]}]},{"@type":"BreadcrumbList","@id":"https:\/\/intbrisas.com\/es\/tianguis-turistico\/#breadcrumb","itemListElement":[{"@type":"ListItem","position":1,"name":"Home","item":"https:\/\/intbrisas.com\/es\/homepage\/"},{"@type":"ListItem","position":2,"name":"Brochure Corporativo"}]},{"@type":"WebSite","@id":"https:\/\/intbrisas.com\/es\/#website","url":"https:\/\/intbrisas.com\/es\/","name":"Brisas Group","description":"","publisher":{"@id":"https:\/\/intbrisas.com\/es\/#organization"},"potentialAction":[{"@type":"SearchAction","target":{"@type":"EntryPoint","urlTemplate":"https:\/\/intbrisas.com\/es\/?s={search_term_string}"},"query-input":"required name=search_term_string"}],"inLanguage":"es-ES"},{"@type":"Organization","@id":"https:\/\/intbrisas.com\/es\/#organization","name":"Grupo Brisas","url":"https:\/\/intbrisas.com\/es\/","logo":{"@type":"ImageObject","inLanguage":"es-ES","@id":"https:\/\/intbrisas.com\/es\/#\/schema\/logo\/image\/","url":"https:\/\/intbrisas.com\/wp-content\/uploads\/2017\/02\/Grupo-Brisas-Logo.png","contentUrl":"https:\/\/intbrisas.com\/wp-content\/uploads\/2017\/02\/Grupo-Brisas-Logo.png","width":201,"height":114,"caption":"Grupo Brisas"},"image":{"@id":"https:\/\/intbrisas.com\/es\/#\/schema\/logo\/image\/"},"sameAs":["https:\/\/www.facebook.com\/GpoBrisas\/","https:\/\/x.com\/GpoBrisas","https:\/\/www.instagram.com\/GpoBrisas\/","https:\/\/www.linkedin.com\/company-beta\/536607\/","https:\/\/www.pinterest.com\/grupobrisas\/","https:\/\/www.youtube.com\/channel\/UCtn68Eny5sOimNOOQs7r7aA"]}]}},"_links":{"self":[{"href":"https:\/\/intbrisas.com\/es\/wp-json\/wp\/v2\/pages\/6097","targetHints":{"allow":["GET"]}}],"collection":[{"href":"https:\/\/intbrisas.com\/es\/wp-json\/wp\/v2\/pages"}],"about":[{"href":"https:\/\/intbrisas.com\/es\/wp-json\/wp\/v2\/types\/page"}],"author":[{"embeddable":true,"href":"https:\/\/intbrisas.com\/es\/wp-json\/wp\/v2\/users\/5"}],"replies":[{"embeddable":true,"href":"https:\/\/intbrisas.com\/es\/wp-json\/wp\/v2\/comments?post=6097"}],"version-history":[{"count":0,"href":"https:\/\/intbrisas.com\/es\/wp-json\/wp\/v2\/pages\/6097\/revisions"}],"wp:attachment":[{"href":"https:\/\/intbrisas.com\/es\/wp-json\/wp\/v2\/media?parent=6097"}],"curies":[{"name":"wp","href":"https:\/\/api.w.org\/{rel}","templated":true}]}}