{"id":726,"date":"2016-09-06T14:18:18","date_gmt":"2016-09-06T14:18:18","guid":{"rendered":"https:\/\/intbrisas.com\/es\/contact\/"},"modified":"2020-01-20T21:39:10","modified_gmt":"2020-01-20T21:39:10","slug":"contact","status":"publish","type":"page","link":"https:\/\/intbrisas.com\/es\/contact\/","title":{"rendered":"Contacto"},"content":{"rendered":"\n<p>Queremos saber de usted - sobre su experiencia mientras que permanece en nuestros hoteles, sobre nuestro website o cualquier otra cosa que usted quisiera compartir con nosotros. Por favor tome unos minutos para enviarnos sus comentarios.<\/p>\n","protected":false},"excerpt":{"rendered":"<p>Queremos saber de usted - sobre su experiencia mientras que permanece en nuestros hoteles, sobre nuestro website o cualquier otra cosa que usted quisiera compartir con nosotros. Por favor tome unos minutos para enviarnos sus comentarios.<\/p>\n","protected":false},"author":4,"featured_media":0,"parent":0,"menu_order":0,"comment_status":"closed","ping_status":"closed","template":"templates\/template-contact.php","meta":{"_acf_changed":false,"footnotes":""},"class_list":["post-726","page","type-page","status-publish","hentry"],"acf":{"contact_information":[{"contact_information_title":"Informaci\u00f3n de Contacto","contact_information_details":"<h5>Corporativo:<\/h5>\n<p>+52.55.5339.1000<\/p>\n<h5>Reservaciones:<\/h5>\n<p>+52.55.5339.1010<br \/>\n+01.800.227.4727 (01.800.2.BRISAS)<br \/>\nToll Free USA, Canada &amp; Puerto Rico:<br \/>\n+1.866.221.2961<br \/>\n+1.855.696.3999<br \/>\n<a href=\"mailto:info@brisas.com.mx\">info@brisas.com.mx<\/a><\/p>\n<h5>Corporativo:<\/h5>\n<p><span class=\"country-name\">Av. Universidad 1571 3er Piso Colonia Florida, Del. \u00c1lvaro Obreg\u00f3n, 01030 Ciudad de M\u00e9xico, CDMX, M\u00e9xico<br \/>\n<\/span><a href=\"https:\/\/www.google.com.mx\/maps\/place\/Grupo+Brisas\/@19.3529858,-99.1764695,17z\/data=!4m5!3m4!1s0x0:0x4bb2885baf1f624b!8m2!3d19.3527273!4d-99.1775463\">Direcci\u00f3n<\/a><\/p>\n"}]},"yoast_head":"<!-- This site is optimized with the Yoast SEO plugin v22.8 - https:\/\/yoast.com\/wordpress\/plugins\/seo\/ -->\n<title>Grupo Brisas - Contacto | Queremos saber de usted<\/title>\n<meta name=\"description\" content=\"Sobre su experiencia en nuestros hoteles, website o cualquier otra cosa que usted quisiera compartir con nosotros. Use nuestro formulario de contacto\" \/>\n<meta name=\"robots\" content=\"index, follow, max-snippet:-1, max-image-preview:large, max-video-preview:-1\" \/>\n<link rel=\"canonical\" href=\"https:\/\/intbrisas.com\/es\/contact\/\" \/>\n<meta property=\"og:locale\" content=\"es_ES\" \/>\n<meta property=\"og:type\" content=\"article\" \/>\n<meta property=\"og:title\" content=\"Grupo Brisas - Contacto | Queremos saber de usted\" \/>\n<meta property=\"og:description\" content=\"Sobre su experiencia en nuestros hoteles, website o cualquier otra cosa que usted quisiera compartir con nosotros. Use nuestro formulario de contacto\" \/>\n<meta property=\"og:url\" content=\"https:\/\/intbrisas.com\/es\/contact\/\" \/>\n<meta property=\"og:site_name\" content=\"Brisas Group\" \/>\n<meta property=\"article:publisher\" content=\"https:\/\/www.facebook.com\/GpoBrisas\/\" \/>\n<meta property=\"article:modified_time\" content=\"2020-01-20T21:39:10+00:00\" \/>\n<meta name=\"twitter:card\" content=\"summary_large_image\" \/>\n<meta name=\"twitter:site\" content=\"@GpoBrisas\" \/>\n<script type=\"application\/ld+json\" class=\"yoast-schema-graph\">{\"@context\":\"https:\/\/schema.org\",\"@graph\":[{\"@type\":\"WebPage\",\"@id\":\"https:\/\/intbrisas.com\/es\/contact\/\",\"url\":\"https:\/\/intbrisas.com\/es\/contact\/\",\"name\":\"Grupo Brisas - Contacto | Queremos saber de usted\",\"isPartOf\":{\"@id\":\"https:\/\/intbrisas.com\/es\/#website\"},\"datePublished\":\"2016-09-06T14:18:18+00:00\",\"dateModified\":\"2020-01-20T21:39:10+00:00\",\"description\":\"Sobre su experiencia en nuestros hoteles, website o cualquier otra cosa que usted quisiera compartir con nosotros. Use nuestro formulario de contacto\",\"breadcrumb\":{\"@id\":\"https:\/\/intbrisas.com\/es\/contact\/#breadcrumb\"},\"inLanguage\":\"es-ES\",\"potentialAction\":[{\"@type\":\"ReadAction\",\"target\":[\"https:\/\/intbrisas.com\/es\/contact\/\"]}]},{\"@type\":\"BreadcrumbList\",\"@id\":\"https:\/\/intbrisas.com\/es\/contact\/#breadcrumb\",\"itemListElement\":[{\"@type\":\"ListItem\",\"position\":1,\"name\":\"Home\",\"item\":\"https:\/\/intbrisas.com\/es\/homepage\/\"},{\"@type\":\"ListItem\",\"position\":2,\"name\":\"Contacto\"}]},{\"@type\":\"WebSite\",\"@id\":\"https:\/\/intbrisas.com\/es\/#website\",\"url\":\"https:\/\/intbrisas.com\/es\/\",\"name\":\"Brisas Group\",\"description\":\"\",\"publisher\":{\"@id\":\"https:\/\/intbrisas.com\/es\/#organization\"},\"potentialAction\":[{\"@type\":\"SearchAction\",\"target\":{\"@type\":\"EntryPoint\",\"urlTemplate\":\"https:\/\/intbrisas.com\/es\/?s={search_term_string}\"},\"query-input\":\"required name=search_term_string\"}],\"inLanguage\":\"es-ES\"},{\"@type\":\"Organization\",\"@id\":\"https:\/\/intbrisas.com\/es\/#organization\",\"name\":\"Grupo Brisas\",\"url\":\"https:\/\/intbrisas.com\/es\/\",\"logo\":{\"@type\":\"ImageObject\",\"inLanguage\":\"es-ES\",\"@id\":\"https:\/\/intbrisas.com\/es\/#\/schema\/logo\/image\/\",\"url\":\"https:\/\/intbrisas.com\/wp-content\/uploads\/2017\/02\/Grupo-Brisas-Logo.png\",\"contentUrl\":\"https:\/\/intbrisas.com\/wp-content\/uploads\/2017\/02\/Grupo-Brisas-Logo.png\",\"width\":201,\"height\":114,\"caption\":\"Grupo Brisas\"},\"image\":{\"@id\":\"https:\/\/intbrisas.com\/es\/#\/schema\/logo\/image\/\"},\"sameAs\":[\"https:\/\/www.facebook.com\/GpoBrisas\/\",\"https:\/\/x.com\/GpoBrisas\",\"https:\/\/www.instagram.com\/GpoBrisas\/\",\"https:\/\/www.linkedin.com\/company-beta\/536607\/\",\"https:\/\/www.pinterest.com\/grupobrisas\/\",\"https:\/\/www.youtube.com\/channel\/UCtn68Eny5sOimNOOQs7r7aA\"]}]}<\/script>\n<!-- \/ Yoast SEO plugin. -->","yoast_head_json":{"title":"Grupo Brisas - Contacto | Queremos saber de usted","description":"Sobre su experiencia en nuestros hoteles, website o cualquier otra cosa que usted quisiera compartir con nosotros. Use nuestro formulario de contacto","robots":{"index":"index","follow":"follow","max-snippet":"max-snippet:-1","max-image-preview":"max-image-preview:large","max-video-preview":"max-video-preview:-1"},"canonical":"https:\/\/intbrisas.com\/es\/contact\/","og_locale":"es_ES","og_type":"article","og_title":"Grupo Brisas - Contacto | Queremos saber de usted","og_description":"Sobre su experiencia en nuestros hoteles, website o cualquier otra cosa que usted quisiera compartir con nosotros. Use nuestro formulario de contacto","og_url":"https:\/\/intbrisas.com\/es\/contact\/","og_site_name":"Brisas Group","article_publisher":"https:\/\/www.facebook.com\/GpoBrisas\/","article_modified_time":"2020-01-20T21:39:10+00:00","twitter_card":"summary_large_image","twitter_site":"@GpoBrisas","schema":{"@context":"https:\/\/schema.org","@graph":[{"@type":"WebPage","@id":"https:\/\/intbrisas.com\/es\/contact\/","url":"https:\/\/intbrisas.com\/es\/contact\/","name":"Grupo Brisas - Contacto | Queremos saber de usted","isPartOf":{"@id":"https:\/\/intbrisas.com\/es\/#website"},"datePublished":"2016-09-06T14:18:18+00:00","dateModified":"2020-01-20T21:39:10+00:00","description":"Sobre su experiencia en nuestros hoteles, website o cualquier otra cosa que usted quisiera compartir con nosotros. Use nuestro formulario de contacto","breadcrumb":{"@id":"https:\/\/intbrisas.com\/es\/contact\/#breadcrumb"},"inLanguage":"es-ES","potentialAction":[{"@type":"ReadAction","target":["https:\/\/intbrisas.com\/es\/contact\/"]}]},{"@type":"BreadcrumbList","@id":"https:\/\/intbrisas.com\/es\/contact\/#breadcrumb","itemListElement":[{"@type":"ListItem","position":1,"name":"Home","item":"https:\/\/intbrisas.com\/es\/homepage\/"},{"@type":"ListItem","position":2,"name":"Contacto"}]},{"@type":"WebSite","@id":"https:\/\/intbrisas.com\/es\/#website","url":"https:\/\/intbrisas.com\/es\/","name":"Brisas Group","description":"","publisher":{"@id":"https:\/\/intbrisas.com\/es\/#organization"},"potentialAction":[{"@type":"SearchAction","target":{"@type":"EntryPoint","urlTemplate":"https:\/\/intbrisas.com\/es\/?s={search_term_string}"},"query-input":"required name=search_term_string"}],"inLanguage":"es-ES"},{"@type":"Organization","@id":"https:\/\/intbrisas.com\/es\/#organization","name":"Grupo Brisas","url":"https:\/\/intbrisas.com\/es\/","logo":{"@type":"ImageObject","inLanguage":"es-ES","@id":"https:\/\/intbrisas.com\/es\/#\/schema\/logo\/image\/","url":"https:\/\/intbrisas.com\/wp-content\/uploads\/2017\/02\/Grupo-Brisas-Logo.png","contentUrl":"https:\/\/intbrisas.com\/wp-content\/uploads\/2017\/02\/Grupo-Brisas-Logo.png","width":201,"height":114,"caption":"Grupo Brisas"},"image":{"@id":"https:\/\/intbrisas.com\/es\/#\/schema\/logo\/image\/"},"sameAs":["https:\/\/www.facebook.com\/GpoBrisas\/","https:\/\/x.com\/GpoBrisas","https:\/\/www.instagram.com\/GpoBrisas\/","https:\/\/www.linkedin.com\/company-beta\/536607\/","https:\/\/www.pinterest.com\/grupobrisas\/","https:\/\/www.youtube.com\/channel\/UCtn68Eny5sOimNOOQs7r7aA"]}]}},"_links":{"self":[{"href":"https:\/\/intbrisas.com\/es\/wp-json\/wp\/v2\/pages\/726","targetHints":{"allow":["GET"]}}],"collection":[{"href":"https:\/\/intbrisas.com\/es\/wp-json\/wp\/v2\/pages"}],"about":[{"href":"https:\/\/intbrisas.com\/es\/wp-json\/wp\/v2\/types\/page"}],"author":[{"embeddable":true,"href":"https:\/\/intbrisas.com\/es\/wp-json\/wp\/v2\/users\/4"}],"replies":[{"embeddable":true,"href":"https:\/\/intbrisas.com\/es\/wp-json\/wp\/v2\/comments?post=726"}],"version-history":[{"count":0,"href":"https:\/\/intbrisas.com\/es\/wp-json\/wp\/v2\/pages\/726\/revisions"}],"wp:attachment":[{"href":"https:\/\/intbrisas.com\/es\/wp-json\/wp\/v2\/media?parent=726"}],"curies":[{"name":"wp","href":"https:\/\/api.w.org\/{rel}","templated":true}]}}