{"id":978,"date":"2017-01-12T23:21:52","date_gmt":"2017-01-12T23:21:52","guid":{"rendered":"https:\/\/intbrisas.com\/?page_id=978\/"},"modified":"2024-06-24T16:23:18","modified_gmt":"2024-06-24T22:23:18","slug":"e-billing","status":"publish","type":"page","link":"https:\/\/intbrisas.com\/es\/e-billing\/","title":{"rendered":"Facturaci\u00f3n Electr\u00f3nica"},"content":{"rendered":"\r\n<p>Seleccione una propiedad<\/p>\r\n","protected":false},"excerpt":{"rendered":"<p>Seleccione una propiedad<\/p>\n","protected":false},"author":4,"featured_media":0,"parent":0,"menu_order":0,"comment_status":"closed","ping_status":"closed","template":"templates\/template-careers.php","meta":{"_acf_changed":false,"footnotes":""},"class_list":["post-978","page","type-page","status-publish","hentry"],"acf":{"open_positions":[983,987,989,991,1184,993,995,2093,5196,6973,7437]},"yoast_head":"<!-- This site is optimized with the Yoast SEO plugin v22.8 - https:\/\/yoast.com\/wordpress\/plugins\/seo\/ -->\n<title>Grupo Brisas - Hoteles &amp; Resorts en M\u00e9xico | Facturaci\u00f3n electr\u00f3nica<\/title>\n<meta name=\"description\" content=\"Factura electr\u00f3nica para Las Brisas Acapulco, Las Brisas Ixtapa, Las Brisas Huatulco, Las Hadas by Brisas, Hacienda Jurica, Galer\u00eda Plaza Reforma y Veracruz\" \/>\n<meta name=\"robots\" content=\"index, follow, max-snippet:-1, max-image-preview:large, max-video-preview:-1\" \/>\n<link rel=\"canonical\" href=\"https:\/\/intbrisas.com\/es\/e-billing\/\" \/>\n<meta property=\"og:locale\" content=\"es_ES\" \/>\n<meta property=\"og:type\" content=\"article\" \/>\n<meta property=\"og:title\" content=\"Grupo Brisas - Hoteles &amp; Resorts en M\u00e9xico | Facturaci\u00f3n electr\u00f3nica\" \/>\n<meta property=\"og:description\" content=\"Factura electr\u00f3nica para Las Brisas Acapulco, Las Brisas Ixtapa, Las Brisas Huatulco, Las Hadas by Brisas, Hacienda Jurica, Galer\u00eda Plaza Reforma y Veracruz\" \/>\n<meta property=\"og:url\" content=\"https:\/\/intbrisas.com\/es\/e-billing\/\" \/>\n<meta property=\"og:site_name\" content=\"Brisas Group\" \/>\n<meta property=\"article:publisher\" content=\"https:\/\/www.facebook.com\/GpoBrisas\/\" \/>\n<meta property=\"article:modified_time\" content=\"2024-06-24T22:23:18+00:00\" \/>\n<meta name=\"twitter:card\" content=\"summary_large_image\" \/>\n<meta name=\"twitter:site\" content=\"@GpoBrisas\" \/>\n<meta name=\"twitter:label1\" content=\"Est. reading time\" \/>\n\t<meta name=\"twitter:data1\" content=\"1 minute\" \/>\n<script type=\"application\/ld+json\" class=\"yoast-schema-graph\">{\"@context\":\"https:\/\/schema.org\",\"@graph\":[{\"@type\":\"WebPage\",\"@id\":\"https:\/\/intbrisas.com\/es\/e-billing\/\",\"url\":\"https:\/\/intbrisas.com\/es\/e-billing\/\",\"name\":\"Grupo Brisas - Hoteles & Resorts en M\u00e9xico | Facturaci\u00f3n electr\u00f3nica\",\"isPartOf\":{\"@id\":\"https:\/\/intbrisas.com\/es\/#website\"},\"datePublished\":\"2017-01-12T23:21:52+00:00\",\"dateModified\":\"2024-06-24T22:23:18+00:00\",\"description\":\"Factura electr\u00f3nica para Las Brisas Acapulco, Las Brisas Ixtapa, Las Brisas Huatulco, Las Hadas by Brisas, Hacienda Jurica, Galer\u00eda Plaza Reforma y Veracruz\",\"breadcrumb\":{\"@id\":\"https:\/\/intbrisas.com\/es\/e-billing\/#breadcrumb\"},\"inLanguage\":\"es-ES\",\"potentialAction\":[{\"@type\":\"ReadAction\",\"target\":[\"https:\/\/intbrisas.com\/es\/e-billing\/\"]}]},{\"@type\":\"BreadcrumbList\",\"@id\":\"https:\/\/intbrisas.com\/es\/e-billing\/#breadcrumb\",\"itemListElement\":[{\"@type\":\"ListItem\",\"position\":1,\"name\":\"Home\",\"item\":\"https:\/\/intbrisas.com\/es\/homepage\/\"},{\"@type\":\"ListItem\",\"position\":2,\"name\":\"Facturaci\u00f3n Electr\u00f3nica\"}]},{\"@type\":\"WebSite\",\"@id\":\"https:\/\/intbrisas.com\/es\/#website\",\"url\":\"https:\/\/intbrisas.com\/es\/\",\"name\":\"Brisas Group\",\"description\":\"\",\"publisher\":{\"@id\":\"https:\/\/intbrisas.com\/es\/#organization\"},\"potentialAction\":[{\"@type\":\"SearchAction\",\"target\":{\"@type\":\"EntryPoint\",\"urlTemplate\":\"https:\/\/intbrisas.com\/es\/?s={search_term_string}\"},\"query-input\":\"required name=search_term_string\"}],\"inLanguage\":\"es-ES\"},{\"@type\":\"Organization\",\"@id\":\"https:\/\/intbrisas.com\/es\/#organization\",\"name\":\"Grupo Brisas\",\"url\":\"https:\/\/intbrisas.com\/es\/\",\"logo\":{\"@type\":\"ImageObject\",\"inLanguage\":\"es-ES\",\"@id\":\"https:\/\/intbrisas.com\/es\/#\/schema\/logo\/image\/\",\"url\":\"https:\/\/intbrisas.com\/wp-content\/uploads\/2017\/02\/Grupo-Brisas-Logo.png\",\"contentUrl\":\"https:\/\/intbrisas.com\/wp-content\/uploads\/2017\/02\/Grupo-Brisas-Logo.png\",\"width\":201,\"height\":114,\"caption\":\"Grupo Brisas\"},\"image\":{\"@id\":\"https:\/\/intbrisas.com\/es\/#\/schema\/logo\/image\/\"},\"sameAs\":[\"https:\/\/www.facebook.com\/GpoBrisas\/\",\"https:\/\/x.com\/GpoBrisas\",\"https:\/\/www.instagram.com\/GpoBrisas\/\",\"https:\/\/www.linkedin.com\/company-beta\/536607\/\",\"https:\/\/www.pinterest.com\/grupobrisas\/\",\"https:\/\/www.youtube.com\/channel\/UCtn68Eny5sOimNOOQs7r7aA\"]}]}<\/script>\n<!-- \/ Yoast SEO plugin. -->","yoast_head_json":{"title":"Grupo Brisas - Hoteles & Resorts en M\u00e9xico | Facturaci\u00f3n electr\u00f3nica","description":"Factura electr\u00f3nica para Las Brisas Acapulco, Las Brisas Ixtapa, Las Brisas Huatulco, Las Hadas by Brisas, Hacienda Jurica, Galer\u00eda Plaza Reforma y Veracruz","robots":{"index":"index","follow":"follow","max-snippet":"max-snippet:-1","max-image-preview":"max-image-preview:large","max-video-preview":"max-video-preview:-1"},"canonical":"https:\/\/intbrisas.com\/es\/e-billing\/","og_locale":"es_ES","og_type":"article","og_title":"Grupo Brisas - Hoteles & Resorts en M\u00e9xico | Facturaci\u00f3n electr\u00f3nica","og_description":"Factura electr\u00f3nica para Las Brisas Acapulco, Las Brisas Ixtapa, Las Brisas Huatulco, Las Hadas by Brisas, Hacienda Jurica, Galer\u00eda Plaza Reforma y Veracruz","og_url":"https:\/\/intbrisas.com\/es\/e-billing\/","og_site_name":"Brisas Group","article_publisher":"https:\/\/www.facebook.com\/GpoBrisas\/","article_modified_time":"2024-06-24T22:23:18+00:00","twitter_card":"summary_large_image","twitter_site":"@GpoBrisas","twitter_misc":{"Est. reading time":"1 minute"},"schema":{"@context":"https:\/\/schema.org","@graph":[{"@type":"WebPage","@id":"https:\/\/intbrisas.com\/es\/e-billing\/","url":"https:\/\/intbrisas.com\/es\/e-billing\/","name":"Grupo Brisas - Hoteles & Resorts en M\u00e9xico | Facturaci\u00f3n electr\u00f3nica","isPartOf":{"@id":"https:\/\/intbrisas.com\/es\/#website"},"datePublished":"2017-01-12T23:21:52+00:00","dateModified":"2024-06-24T22:23:18+00:00","description":"Factura electr\u00f3nica para Las Brisas Acapulco, Las Brisas Ixtapa, Las Brisas Huatulco, Las Hadas by Brisas, Hacienda Jurica, Galer\u00eda Plaza Reforma y Veracruz","breadcrumb":{"@id":"https:\/\/intbrisas.com\/es\/e-billing\/#breadcrumb"},"inLanguage":"es-ES","potentialAction":[{"@type":"ReadAction","target":["https:\/\/intbrisas.com\/es\/e-billing\/"]}]},{"@type":"BreadcrumbList","@id":"https:\/\/intbrisas.com\/es\/e-billing\/#breadcrumb","itemListElement":[{"@type":"ListItem","position":1,"name":"Home","item":"https:\/\/intbrisas.com\/es\/homepage\/"},{"@type":"ListItem","position":2,"name":"Facturaci\u00f3n Electr\u00f3nica"}]},{"@type":"WebSite","@id":"https:\/\/intbrisas.com\/es\/#website","url":"https:\/\/intbrisas.com\/es\/","name":"Brisas Group","description":"","publisher":{"@id":"https:\/\/intbrisas.com\/es\/#organization"},"potentialAction":[{"@type":"SearchAction","target":{"@type":"EntryPoint","urlTemplate":"https:\/\/intbrisas.com\/es\/?s={search_term_string}"},"query-input":"required name=search_term_string"}],"inLanguage":"es-ES"},{"@type":"Organization","@id":"https:\/\/intbrisas.com\/es\/#organization","name":"Grupo Brisas","url":"https:\/\/intbrisas.com\/es\/","logo":{"@type":"ImageObject","inLanguage":"es-ES","@id":"https:\/\/intbrisas.com\/es\/#\/schema\/logo\/image\/","url":"https:\/\/intbrisas.com\/wp-content\/uploads\/2017\/02\/Grupo-Brisas-Logo.png","contentUrl":"https:\/\/intbrisas.com\/wp-content\/uploads\/2017\/02\/Grupo-Brisas-Logo.png","width":201,"height":114,"caption":"Grupo Brisas"},"image":{"@id":"https:\/\/intbrisas.com\/es\/#\/schema\/logo\/image\/"},"sameAs":["https:\/\/www.facebook.com\/GpoBrisas\/","https:\/\/x.com\/GpoBrisas","https:\/\/www.instagram.com\/GpoBrisas\/","https:\/\/www.linkedin.com\/company-beta\/536607\/","https:\/\/www.pinterest.com\/grupobrisas\/","https:\/\/www.youtube.com\/channel\/UCtn68Eny5sOimNOOQs7r7aA"]}]}},"_links":{"self":[{"href":"https:\/\/intbrisas.com\/es\/wp-json\/wp\/v2\/pages\/978","targetHints":{"allow":["GET"]}}],"collection":[{"href":"https:\/\/intbrisas.com\/es\/wp-json\/wp\/v2\/pages"}],"about":[{"href":"https:\/\/intbrisas.com\/es\/wp-json\/wp\/v2\/types\/page"}],"author":[{"embeddable":true,"href":"https:\/\/intbrisas.com\/es\/wp-json\/wp\/v2\/users\/4"}],"replies":[{"embeddable":true,"href":"https:\/\/intbrisas.com\/es\/wp-json\/wp\/v2\/comments?post=978"}],"version-history":[{"count":0,"href":"https:\/\/intbrisas.com\/es\/wp-json\/wp\/v2\/pages\/978\/revisions"}],"wp:attachment":[{"href":"https:\/\/intbrisas.com\/es\/wp-json\/wp\/v2\/media?parent=978"}],"curies":[{"name":"wp","href":"https:\/\/api.w.org\/{rel}","templated":true}]}}